{"id":2068,"date":"2024-06-07T20:49:52","date_gmt":"2024-06-07T20:49:52","guid":{"rendered":"https:\/\/fabricadeprofile.com\/?page_id=2068"},"modified":"2024-11-10T18:12:39","modified_gmt":"2024-11-10T18:12:39","slug":"termeni-si-conditii","status":"publish","type":"page","link":"https:\/\/fabricadeprofile.com\/de\/bedingungen-und-konditionen\/","title":{"rendered":"Bedingungen und Konditionen"},"content":{"rendered":"<p>Die nachstehenden Bedingungen beziehen sich auf g\u00fcltige Bestellungen, die \u00fcber die Schnittstelle der Website aufgegeben werden.<\/p><p>Eine g\u00fcltige Bestellung ist eine Bestellung, die vom K\u00e4ufer durch Ausf\u00fcllen des Bestellformulars auf der Website aufgegeben und vom Verk\u00e4ufer best\u00e4tigt wurde.<\/p><p>Um alle Informationen in Bezug auf die Bedingungen der Bestellung und Lieferung eines Produkts auf FABRICADEPROFILE.COM zu haben, lesen Sie bitte sorgf\u00e4ltig das Folgende.<\/p><p>Sollten Sie Fragen oder Bedenken haben, kontaktieren Sie uns bitte unter der angegebenen Telefonnummer:&nbsp;<strong>0755 111 213<\/strong>&nbsp;.<\/p><p>Die Bedingungen in diesem Dokument gelten f\u00fcr eine g\u00fcltige Bestellung auf der Website und stellen die grundlegenden Vertragsbedingungen in der Beziehung zwischen dem Verk\u00e4ufer und dem K\u00e4ufer dar. Diese Bedingungen regeln auch die Haftung des Unternehmens, das Eigent\u00fcmer der Website ist&nbsp;<strong>soldecor.ro&nbsp;<\/strong>Verk\u00e4ufer genannt, im Zusammenhang mit dem Betrieb dieser Website.<\/p><p>Diese Bedingungen sind g\u00fcltig und alle anderen Gr\u00fcnde werden null und nichtig, es sei denn, ihre \u00c4nderung wurde im Voraus angek\u00fcndigt oder sie erfolgte schriftlich.<\/p><p>Administrator des Online-Shops&nbsp;<strong>soldecor.ro&nbsp;<\/strong>hat das Recht, die Gesch\u00e4ftsbedingungen zu \u00e4ndern, daher empfehlen wir Ihnen, vor jedem Kauf die&nbsp;<strong>Bedingungen und Konditionen<\/strong>&nbsp;auf der Website angezeigt.<\/p><p>Diese \u00c4nderungen gelten ab dem Datum ihres Erscheinens auf der Website und k\u00f6nnen nicht auf vorher get\u00e4tigte Bestellungen angewendet werden. F\u00fcr jede Bestellung, die auf der Website aufgegeben wird, gelten die zum Zeitpunkt der Bestellung g\u00fcltigen Bedingungen.<\/p><p>Im Falle einer g\u00fcltigen Bestellung akzeptieren Sie ausnahmslos alle hier aufgef\u00fchrten Bedingungen und Konditionen. Durch die Nutzung der Website, erkl\u00e4ren Sie sich mit den hier aufgef\u00fchrten Bedingungen und Konditionen zu halten. Mit dem Ausf\u00fcllen des Bestellformulars und dem Absenden der Bestellung auf der Website soldecor.ro bestellt der K\u00e4ufer die im Warenkorb (dem auf der Website angezeigten virtuellen Einkaufskorb) ausgew\u00e4hlten Produkte und ist f\u00fcr die Richtigkeit der von ihm angegebenen Daten verantwortlich.<\/p><p>Eine falsche E-Mail-Adresse oder Telefonnummer f\u00fchrt dazu, dass die Bestellung storniert und ung\u00fcltig wird, da der Verk\u00e4ufer den K\u00e4ufer nicht kontaktieren kann, um die Bestellung zu best\u00e4tigen.<\/p><h3 class=\"wp-block-heading\" id=\"h-cum-comandam\"><strong>Wie k\u00f6nnen wir bestellen?<\/strong><\/h3><p>*Jedes Produkt auf der Website kann \u00fcber die Schaltfl\u00e4che ''In den Korb'' auf der gew\u00e4hlten Produktseite bestellt werden.<\/p><p>*Durch Anklicken der Schaltfl\u00e4che ''In den Warenkorb'' wird das betreffende Produkt Ihrem virtuellen Warenkorb hinzugef\u00fcgt.<\/p><p>*Die Produkte im virtuellen Warenkorb k\u00f6nnen jederzeit durch Anklicken des Warenkorbsymbols oben rechts auf der Webseite eingesehen werden. Hier k\u00f6nnen Sie unerw\u00fcnschte Produkte l\u00f6schen, und hier k\u00f6nnen Sie auch die Anzahl der Produkte ausw\u00e4hlen, falls Sie mehrere Produkte desselben Typs kaufen m\u00f6chten.<\/p><p>*Nachdem die Menge festgelegt wurde, \u00e4ndern sich Preise und Gesamtwert automatisch.<\/p><p>*Wenn Sie die Auswahl der gew\u00fcnschten Produkte abgeschlossen haben und alle Produkte in den Warenkorb gelegt wurden, gelangen Sie durch Anklicken des Buttons '' Online bestellen '' zum Bestellformular, wo Sie Ihre Bestellung einsehen und abschlie\u00dfen k\u00f6nnen.<\/p><p>*Auf der Grundlage dieser Bestellung wird sich ein Vertreter unseres Unternehmens telefonisch mit Ihnen in Verbindung setzen, um die Bestellung w\u00e4hrend der B\u00fcrozeiten zu best\u00e4tigen: von Montag bis Freitag zwischen 08:00 und 16:00 Uhr.<\/p><p>*Um die Zeit der Auftragsbest\u00e4tigung zu verk\u00fcrzen, verwenden Sie bitte das Kontaktformular auf der Website, nachdem Sie Ihre Bestellung abgeschlossen haben, um uns mitzuteilen, dass Sie eine Bestellung an uns gesendet haben. Sie k\u00f6nnen dies tun, indem Sie im Betreff des Kontaktformulars die Option \"Kundenservice\" w\u00e4hlen.<\/p><p>*Der K\u00e4ufer erkennt an, dass nach der Bestellung auf der Website und der Best\u00e4tigung per Telefon oder E-Mail von&nbsp;<a href=\"mailto:office@soldecor.ro\">office@soldecor.ro<\/a>&nbsp;durch einen Angestellten des Verk\u00e4ufers, kommt ein m\u00fcndlicher Kauf- oder Liefervertrag \u00fcber das bestellte Produkt zustande.<\/p><h3 class=\"wp-block-heading\" id=\"h-pre\u021bul-produselor\"><strong>Preise der Produkte<\/strong><\/h3><p>Alle Preise auf der Website sind in Lei angegeben.<\/p><p>Die auf der Website www.fabricadeprofile.com angegebenen Produktpreise k\u00f6nnen ohne vorherige Ank\u00fcndigung ge\u00e4ndert werden, ohne dass dies Auswirkungen auf die Preise bereits best\u00e4tigter Bestellungen hat.<\/p><h3 class=\"wp-block-heading\" id=\"h-modalita\u021bi-de-plata\"><strong>Wie bezahlen?<\/strong><\/h3><p>Die Bezahlung der \u00fcber die Website soldecor.ro bestellten Produkte kann auf 2 Arten erfolgen:<\/p><p>Per Zahlungsanweisung auf unser Konto: Konto in Lei bei BT Suceava RO05BTRLRONCRT0491355201<\/p><p>DUE M PROFILE SRL Str. Humorului 76D Moara nica<\/p><p><em><strong>SAU<\/strong><\/em><\/p><p>Erstattung an den Kurier, der die Bestellung an die von Ihnen im Bestellformular angegebene Lieferadresse zustellt.<\/p><p>Zahlung in LEI<\/p><p>F\u00dcR PRODUKTE, DIE AUF BESTELLUNG HERGESTELLT WERDEN, WIRD EIN VORSCHUSS VON ZEHN PROZENT DES GESAMTBETRAGS DER BESTELLUNG ERHOBEN, \u00dcBER DEN DIE RECHNUNG AUSGESTELLT WIRD.<\/p><p>Die Lieferzeit der Bestellung wird ab dem Tag des Eingangs der Anzahlung berechnet!&nbsp;<\/p><p>. Der Wert der Produkte ist der Wert zum Zeitpunkt der schriftlichen (E-Mail) oder telefonischen Best\u00e4tigung der Bestellung.<\/p><p>Lieferung<\/p><p>Die Lieferung der bestellten Produkte kann von den Verk\u00e4ufern pers\u00f6nlich im Umkreis von 100 km gegen eine Geb\u00fchr oder per Kurier erfolgen.<\/p><h3 class=\"wp-block-heading\" id=\"h-termene-de-livrare\">Lieferfristen<\/h3><p>Die Lieferfrist f\u00fcr die bestellten Produkte betr\u00e4gt maximal 14 Arbeitstage ab dem Datum der Auftragsbest\u00e4tigung am Firmensitz oder dem Eingang der Anzahlung!&nbsp;<\/p><p>R\u00fcckgabebedingungen.<\/p><p>In \u00dcbereinstimmung mit den europ\u00e4ischen Vorschriften gilt der Haftungsausschluss nicht f\u00fcr Produkte, die auf Bestellung hergestellt werden.<\/p><p>Weitere Einzelheiten zu den R\u00fcckgabebedingungen finden Sie hier:<\/p><p>&nbsp;Wenn das (die) gelieferte(n) Produkt(e) nicht den Spezifikationen auf der Website entspricht (entsprechen), kann (k\u00f6nnen) es (sie) ohne zus\u00e4tzliche Kosten f\u00fcr den K\u00e4ufer zur\u00fcckgeschickt werden, nachdem dem K\u00e4ufer innerhalb von 48 Stunden nach der Lieferung eine schriftliche Mitteilung mit Angabe der fehlenden Konformit\u00e4t des Produkts zugesandt worden ist. Der Kunde kann den Ersatz des Produkts oder die R\u00fcckgabe seines Wertes verlangen.<\/p><h3 class=\"wp-block-heading\" id=\"h-obliga\u021bii\">Obligationen<\/h3><p>Um aktuelle Informationen bereitzustellen, wird die Website soldecor.ro regelm\u00e4\u00dfig aktualisiert.<\/p><p>Es werden \u00c4nderungen am Inhalt der Website vorgenommen, und damit meinen wir Produktinformationen, Beschreibungen, Fotos, Preise usw.<\/p><p>Die Preise auf der Website k\u00f6nnen ge\u00e4ndert werden, wenn der Verk\u00e4ufer dies f\u00fcr notwendig erachtet.<\/p><p>Der Inhaber der Domain soldecor.ro ist nicht verantwortlich f\u00fcr eventuelle Sch\u00e4den, die durch die Internetverbindung, die Nutzung, das Kopieren oder die Anzeige des Inhalts der Website verursacht werden, und lehnt auch die Verantwortung f\u00fcr eventuelle Nachteile ab, die aufgrund von Softwarefehlern oder anderen technischen Fehlern auf dem Server auftreten k\u00f6nnen.<\/p>","protected":false},"excerpt":{"rendered":"<p>Termenii \u0219i condi\u021biile de mai jos se refer\u0103 la comenzile valabile care se vor face folosind interfa\u021ba site-ului. O comand\u0103 valabila este o comand\u0103 f\u0103cut\u0103 de cump\u0103r\u0103tor prin completarea formularului de comanda de pe site \u0219i confirmat\u0103 de v\u00e2nz\u0103tor. Pentru a avea toate informa\u021biile legate de condi\u021biile comand\u0103rii \u0219i livr\u0103rii unui produs de pe\u00a0FABRICADEPROFILE.COM\u00a0, v\u0103 [&hellip;]<\/p>","protected":false},"author":1,"featured_media":0,"parent":0,"menu_order":0,"comment_status":"closed","ping_status":"closed","template":"","meta":{"site-sidebar-layout":"default","site-content-layout":"","ast-site-content-layout":"default","site-content-style":"default","site-sidebar-style":"default","ast-global-header-display":"","ast-banner-title-visibility":"","ast-main-header-display":"","ast-hfb-above-header-display":"","ast-hfb-below-header-display":"","ast-hfb-mobile-header-display":"","site-post-title":"","ast-breadcrumbs-content":"","ast-featured-img":"","footer-sml-layout":"","ast-disable-related-posts":"","theme-transparent-header-meta":"","adv-header-id-meta":"","stick-header-meta":"","header-above-stick-meta":"","header-main-stick-meta":"","header-below-stick-meta":"","astra-migrate-meta-layouts":"default","ast-page-background-enabled":"default","ast-page-background-meta":{"desktop":{"background-color":"var(--ast-global-color-5)","background-image":"","background-repeat":"repeat","background-position":"center center","background-size":"auto","background-attachment":"scroll","background-type":"","background-media":"","overlay-type":"","overlay-color":"","overlay-opacity":"","overlay-gradient":""},"tablet":{"background-color":"","background-image":"","background-repeat":"repeat","background-position":"center center","background-size":"auto","background-attachment":"scroll","background-type":"","background-media":"","overlay-type":"","overlay-color":"","overlay-opacity":"","overlay-gradient":""},"mobile":{"background-color":"","background-image":"","background-repeat":"repeat","background-position":"center center","background-size":"auto","background-attachment":"scroll","background-type":"","background-media":"","overlay-type":"","overlay-color":"","overlay-opacity":"","overlay-gradient":""}},"ast-content-background-meta":{"desktop":{"background-color":"var(--ast-global-color-4)","background-image":"","background-repeat":"repeat","background-position":"center center","background-size":"auto","background-attachment":"scroll","background-type":"","background-media":"","overlay-type":"","overlay-color":"","overlay-opacity":"","overlay-gradient":""},"tablet":{"background-color":"var(--ast-global-color-4)","background-image":"","background-repeat":"repeat","background-position":"center center","background-size":"auto","background-attachment":"scroll","background-type":"","background-media":"","overlay-type":"","overlay-color":"","overlay-opacity":"","overlay-gradient":""},"mobile":{"background-color":"var(--ast-global-color-4)","background-image":"","background-repeat":"repeat","background-position":"center center","background-size":"auto","background-attachment":"scroll","background-type":"","background-media":"","overlay-type":"","overlay-color":"","overlay-opacity":"","overlay-gradient":""}},"_joinchat":[],"footnotes":""},"class_list":["post-2068","page","type-page","status-publish","hentry"],"yoast_head":"<!-- This site is optimized with the Yoast SEO Premium plugin v22.9 (Yoast SEO v25.0) - https:\/\/yoast.com\/wordpress\/plugins\/seo\/ -->\n<title>Termeni si condi\u021bii | fabricadeprofile.com<\/title>\n<meta name=\"robots\" content=\"index, follow, max-snippet:-1, max-image-preview:large, max-video-preview:-1\" \/>\n<link rel=\"canonical\" href=\"https:\/\/fabricadeprofile.com\/de\/termini-e-condizioni\/?wmc-currency=EUR\" \/>\n<meta property=\"og:locale\" content=\"de_DE\" \/>\n<meta property=\"og:type\" content=\"article\" \/>\n<meta property=\"og:title\" content=\"Termeni si condi\u021bii\" \/>\n<meta property=\"og:description\" content=\"Termenii \u0219i condi\u021biile de mai jos se refer\u0103 la comenzile valabile care se vor face folosind interfa\u021ba site-ului. O comand\u0103 valabila este o comand\u0103 f\u0103cut\u0103 de cump\u0103r\u0103tor prin completarea formularului de comanda de pe site \u0219i confirmat\u0103 de v\u00e2nz\u0103tor. Pentru a avea toate informa\u021biile legate de condi\u021biile comand\u0103rii \u0219i livr\u0103rii unui produs de pe\u00a0FABRICADEPROFILE.COM\u00a0, v\u0103 [&hellip;]\" \/>\n<meta property=\"og:url\" content=\"https:\/\/fabricadeprofile.com\/de\/termini-e-condizioni\/?wmc-currency=EUR\" \/>\n<meta property=\"og:site_name\" content=\"fabricadeprofile.com\" \/>\n<meta property=\"article:modified_time\" content=\"2024-11-10T18:12:39+00:00\" \/>\n<meta property=\"og:image\" content=\"https:\/\/fabricadeprofile.com\/wp-content\/uploads\/2024\/07\/fabrica-de-profile-site-icon.png\" \/>\n\t<meta property=\"og:image:width\" content=\"150\" \/>\n\t<meta property=\"og:image:height\" content=\"150\" \/>\n\t<meta property=\"og:image:type\" content=\"image\/png\" \/>\n<meta name=\"twitter:card\" content=\"summary_large_image\" \/>\n<meta name=\"twitter:label1\" content=\"Gesch\u00e4tzte Lesezeit\" \/>\n\t<meta name=\"twitter:data1\" content=\"6\u00a0Minuten\" \/>\n<script type=\"application\/ld+json\" class=\"yoast-schema-graph\">{\"@context\":\"https:\/\/schema.org\",\"@graph\":[{\"@type\":\"WebPage\",\"@id\":\"https:\/\/fabricadeprofile.com\/it\/termini-e-condizioni\/\",\"url\":\"https:\/\/fabricadeprofile.com\/it\/termini-e-condizioni\/\",\"name\":\"Termeni si condi\u021bii | fabricadeprofile.com\",\"isPartOf\":{\"@id\":\"https:\/\/fabricadeprofile.com\/#website\"},\"datePublished\":\"2024-06-07T20:49:52+00:00\",\"dateModified\":\"2024-11-10T18:12:39+00:00\",\"breadcrumb\":{\"@id\":\"https:\/\/fabricadeprofile.com\/it\/termini-e-condizioni\/#breadcrumb\"},\"inLanguage\":\"de\",\"potentialAction\":[{\"@type\":\"ReadAction\",\"target\":[\"https:\/\/fabricadeprofile.com\/it\/termini-e-condizioni\/\"]}]},{\"@type\":\"BreadcrumbList\",\"@id\":\"https:\/\/fabricadeprofile.com\/it\/termini-e-condizioni\/#breadcrumb\",\"itemListElement\":[{\"@type\":\"ListItem\",\"position\":1,\"name\":\"Prima pagin\u0103\",\"item\":\"https:\/\/fabricadeprofile.com\/\"},{\"@type\":\"ListItem\",\"position\":2,\"name\":\"Termeni si condi\u021bii\"}]},{\"@type\":\"WebSite\",\"@id\":\"https:\/\/fabricadeprofile.com\/#website\",\"url\":\"https:\/\/fabricadeprofile.com\/\",\"name\":\"fabricadeprofile.com\",\"description\":\"Fa din cas\u0103, acas\u0103\",\"publisher\":{\"@id\":\"https:\/\/fabricadeprofile.com\/#organization\"},\"alternateName\":\"Fabricadeprofile\",\"potentialAction\":[{\"@type\":\"SearchAction\",\"target\":{\"@type\":\"EntryPoint\",\"urlTemplate\":\"https:\/\/fabricadeprofile.com\/?s={search_term_string}\"},\"query-input\":{\"@type\":\"PropertyValueSpecification\",\"valueRequired\":true,\"valueName\":\"search_term_string\"}}],\"inLanguage\":\"de\"},{\"@type\":\"Organization\",\"@id\":\"https:\/\/fabricadeprofile.com\/#organization\",\"name\":\"fabricadeprofile.com\",\"url\":\"https:\/\/fabricadeprofile.com\/\",\"logo\":{\"@type\":\"ImageObject\",\"inLanguage\":\"de\",\"@id\":\"https:\/\/fabricadeprofile.com\/#\/schema\/logo\/image\/\",\"url\":\"https:\/\/fabricadeprofile.com\/wp-content\/uploads\/2023\/02\/fabricadeprofile.com_.png\",\"contentUrl\":\"https:\/\/fabricadeprofile.com\/wp-content\/uploads\/2023\/02\/fabricadeprofile.com_.png\",\"width\":500,\"height\":500,\"caption\":\"fabricadeprofile.com\"},\"image\":{\"@id\":\"https:\/\/fabricadeprofile.com\/#\/schema\/logo\/image\/\"},\"publishingPrinciples\":\"https:\/\/fabricadeprofile.com\/it\/termini-e-condizioni\/\"}]}<\/script>\n<!-- \/ Yoast SEO Premium plugin. -->","yoast_head_json":{"title":"Bedingungen und Konditionen | fabricadeprofile.com","robots":{"index":"index","follow":"follow","max-snippet":"max-snippet:-1","max-image-preview":"max-image-preview:large","max-video-preview":"max-video-preview:-1"},"canonical":"https:\/\/fabricadeprofile.com\/de\/termini-e-condizioni\/?wmc-currency=EUR","og_locale":"de_DE","og_type":"article","og_title":"Termeni si condi\u021bii","og_description":"Termenii \u0219i condi\u021biile de mai jos se refer\u0103 la comenzile valabile care se vor face folosind interfa\u021ba site-ului. O comand\u0103 valabila este o comand\u0103 f\u0103cut\u0103 de cump\u0103r\u0103tor prin completarea formularului de comanda de pe site \u0219i confirmat\u0103 de v\u00e2nz\u0103tor. Pentru a avea toate informa\u021biile legate de condi\u021biile comand\u0103rii \u0219i livr\u0103rii unui produs de pe\u00a0FABRICADEPROFILE.COM\u00a0, v\u0103 [&hellip;]","og_url":"https:\/\/fabricadeprofile.com\/de\/termini-e-condizioni\/?wmc-currency=EUR","og_site_name":"fabricadeprofile.com","article_modified_time":"2024-11-10T18:12:39+00:00","og_image":[{"width":150,"height":150,"url":"https:\/\/fabricadeprofile.com\/wp-content\/uploads\/2024\/07\/fabrica-de-profile-site-icon.png","type":"image\/png"}],"twitter_card":"summary_large_image","twitter_misc":{"Gesch\u00e4tzte Lesezeit":"6\u00a0Minuten"},"schema":{"@context":"https:\/\/schema.org","@graph":[{"@type":"WebPage","@id":"https:\/\/fabricadeprofile.com\/it\/termini-e-condizioni\/","url":"https:\/\/fabricadeprofile.com\/it\/termini-e-condizioni\/","name":"Bedingungen und Konditionen | fabricadeprofile.com","isPartOf":{"@id":"https:\/\/fabricadeprofile.com\/#website"},"datePublished":"2024-06-07T20:49:52+00:00","dateModified":"2024-11-10T18:12:39+00:00","breadcrumb":{"@id":"https:\/\/fabricadeprofile.com\/it\/termini-e-condizioni\/#breadcrumb"},"inLanguage":"de","potentialAction":[{"@type":"ReadAction","target":["https:\/\/fabricadeprofile.com\/it\/termini-e-condizioni\/"]}]},{"@type":"BreadcrumbList","@id":"https:\/\/fabricadeprofile.com\/it\/termini-e-condizioni\/#breadcrumb","itemListElement":[{"@type":"ListItem","position":1,"name":"Prima pagin\u0103","item":"https:\/\/fabricadeprofile.com\/"},{"@type":"ListItem","position":2,"name":"Termeni si condi\u021bii"}]},{"@type":"WebSite","@id":"https:\/\/fabricadeprofile.com\/#website","url":"https:\/\/fabricadeprofile.com\/","name":"fabricadeprofile.com","description":"F\u00fchlen Sie sich wie zu Hause","publisher":{"@id":"https:\/\/fabricadeprofile.com\/#organization"},"alternateName":"Fabricadeprofile","potentialAction":[{"@type":"SearchAction","target":{"@type":"EntryPoint","urlTemplate":"https:\/\/fabricadeprofile.com\/?s={search_term_string}"},"query-input":{"@type":"PropertyValueSpecification","valueRequired":true,"valueName":"search_term_string"}}],"inLanguage":"de"},{"@type":"Organization","@id":"https:\/\/fabricadeprofile.com\/#organization","name":"fabricadeprofile.com","url":"https:\/\/fabricadeprofile.com\/","logo":{"@type":"ImageObject","inLanguage":"de","@id":"https:\/\/fabricadeprofile.com\/#\/schema\/logo\/image\/","url":"https:\/\/fabricadeprofile.com\/wp-content\/uploads\/2023\/02\/fabricadeprofile.com_.png","contentUrl":"https:\/\/fabricadeprofile.com\/wp-content\/uploads\/2023\/02\/fabricadeprofile.com_.png","width":500,"height":500,"caption":"fabricadeprofile.com"},"image":{"@id":"https:\/\/fabricadeprofile.com\/#\/schema\/logo\/image\/"},"publishingPrinciples":"https:\/\/fabricadeprofile.com\/it\/termini-e-condizioni\/"}]}},"_links":{"self":[{"href":"https:\/\/fabricadeprofile.com\/de\/wp-json\/wp\/v2\/pages\/2068"}],"collection":[{"href":"https:\/\/fabricadeprofile.com\/de\/wp-json\/wp\/v2\/pages"}],"about":[{"href":"https:\/\/fabricadeprofile.com\/de\/wp-json\/wp\/v2\/types\/page"}],"author":[{"embeddable":true,"href":"https:\/\/fabricadeprofile.com\/de\/wp-json\/wp\/v2\/users\/1"}],"replies":[{"embeddable":true,"href":"https:\/\/fabricadeprofile.com\/de\/wp-json\/wp\/v2\/comments?post=2068"}],"version-history":[{"count":2,"href":"https:\/\/fabricadeprofile.com\/de\/wp-json\/wp\/v2\/pages\/2068\/revisions"}],"predecessor-version":[{"id":3638,"href":"https:\/\/fabricadeprofile.com\/de\/wp-json\/wp\/v2\/pages\/2068\/revisions\/3638"}],"wp:attachment":[{"href":"https:\/\/fabricadeprofile.com\/de\/wp-json\/wp\/v2\/media?parent=2068"}],"curies":[{"name":"wp","href":"https:\/\/api.w.org\/{rel}","templated":true}]}}