{"id":2554,"date":"2024-06-18T12:11:41","date_gmt":"2024-06-18T12:11:41","guid":{"rendered":"https:\/\/fabricadeprofile.com\/?post_type=product&#038;p=2554"},"modified":"2024-10-31T18:05:12","modified_gmt":"2024-10-31T18:05:12","slug":"brau-m-135","status":"publish","type":"product","link":"https:\/\/fabricadeprofile.com\/de\/produkt\/brau-m-135\/","title":{"rendered":"B135"},"content":{"rendered":"<p>Fassadenstuck ist ein architektonisches Dekorationselement, das f\u00fcr den Abschluss von Geb\u00e4udefassaden verwendet wird. Die beliebteste Art von Stuck, da seine Verwendung vielseitig ist:<\/p>\n<p>- als Trennw\u00e4nde (Zwischenb\u00f6den, Keller);<\/p>\n<p>- als Dekoration f\u00fcr Fenster- und T\u00fcr\u00f6ffnungen;<\/p>\n<p>- wie die Realisierung von zus\u00e4tzlichen dekorativen Eins\u00e4tzen an Fassaden, Z\u00e4unen;<\/p>\n<p>Technische Daten:<\/p>\n<ul>\n<li>Einzigartige Herstellungstechnologie auf EPS-200-Polystyrolbasis mit Quarz- und Harzbeschichtung.<\/li>\n<li>Unsere Fertigungstechnologie sorgt f\u00fcr eine \u00e4u\u00dferst haltbare Oberfl\u00e4che.<\/li>\n<li>Perfekter Wetterschutz, UV-Schutz und umweltfreundlich.<\/li>\n<li>Resistenz gegen Schimmel.<\/li>\n<li>Schnelle und einfache Installation.<\/li>\n<li>Keine Schrauben oder N\u00e4gel erforderlich.<\/li>\n<li>Langlebig und sto\u00dffest.<\/li>\n<li>Verleiht Ihrem Geb\u00e4ude eine besondere \u00c4sthetik.<\/li>\n<li>Der 90% ist leichter als sein Gegenst\u00fcck aus Beton.<\/li>\n<\/ul>","protected":false},"excerpt":{"rendered":"<p><span class=\"iconite\" style=\"font-size: 24px; padding: 5px;\"><br \/>\n<span id=\"su_tooltip_69fb3dc4808fb_button\" class=\"su-tooltip-button su-tooltip-button-outline-yes\" aria-describedby=\"su_tooltip_69fb3dc4808fb\" data-settings='{\"position\":\"top\",\"behavior\":\"hover\",\"hideDelay\":0}' tabindex=\"0\"><span>\ud83c\udf26\ufe0f<\/span><\/span><span style=\"display:none;z-index:100\" id=\"su_tooltip_69fb3dc4808fb\" class=\"su-tooltip\" role=\"tooltip\"><span class=\"su-tooltip-inner su-tooltip-shadow-no\" style=\"z-index:100;background:#222222;color:#FFFFFF;font-size:16px;border-radius:5px;text-align:left;max-width:300px;line-height:1.25\"><span class=\"su-tooltip-title\"><\/span><span class=\"su-tooltip-content su-u-trim\">Sto\u00dffest und witterungsbest\u00e4ndig<\/span><\/span><span id=\"su_tooltip_69fb3dc4808fb_arrow\" class=\"su-tooltip-arrow\" style=\"z-index:100;background:#222222\" data-popper-arrow><\/span><\/span><br \/>\n<span id=\"su_tooltip_69fb3dc48098e_button\" class=\"su-tooltip-button su-tooltip-button-outline-yes\" aria-describedby=\"su_tooltip_69fb3dc48098e\" data-settings='{\"position\":\"top\",\"behavior\":\"hover\",\"hideDelay\":0}' tabindex=\"0\"><span>\ud83d\udee0\ufe0f<\/span><\/span><span style=\"display:none;z-index:100\" id=\"su_tooltip_69fb3dc48098e\" class=\"su-tooltip\" role=\"tooltip\"><span class=\"su-tooltip-inner su-tooltip-shadow-no\" style=\"z-index:100;background:#222222;color:#FFFFFF;font-size:16px;border-radius:5px;text-align:left;max-width:300px;line-height:1.25\"><span class=\"su-tooltip-title\"><\/span><span class=\"su-tooltip-content su-u-trim\">Dauerhaftigkeit 20 Jahre<\/span><\/span><span id=\"su_tooltip_69fb3dc48098e_arrow\" class=\"su-tooltip-arrow\" style=\"z-index:100;background:#222222\" data-popper-arrow><\/span><\/span><br \/>\n<span id=\"su_tooltip_69fb3dc4809ed_button\" class=\"su-tooltip-button su-tooltip-button-outline-yes\" aria-describedby=\"su_tooltip_69fb3dc4809ed\" data-settings='{\"position\":\"top\",\"behavior\":\"hover\",\"hideDelay\":0}' tabindex=\"0\"><span>\u267b\ufe0f<\/span><\/span><span style=\"display:none;z-index:100\" id=\"su_tooltip_69fb3dc4809ed\" class=\"su-tooltip\" role=\"tooltip\"><span class=\"su-tooltip-inner su-tooltip-shadow-no\" style=\"z-index:100;background:#222222;color:#FFFFFF;font-size:16px;border-radius:5px;text-align:left;max-width:300px;line-height:1.25\"><span class=\"su-tooltip-title\"><\/span><span class=\"su-tooltip-content su-u-trim\">Wiederverwertbar<\/span><\/span><span id=\"su_tooltip_69fb3dc4809ed_arrow\" class=\"su-tooltip-arrow\" style=\"z-index:100;background:#222222\" data-popper-arrow><\/span><\/span><br \/>\n<span id=\"su_tooltip_69fb3dc480a4f_button\" class=\"su-tooltip-button su-tooltip-button-outline-yes\" aria-describedby=\"su_tooltip_69fb3dc480a4f\" data-settings='{\"position\":\"top\",\"behavior\":\"hover\",\"hideDelay\":0}' tabindex=\"0\"><span>\ud83c\udfe0 &amp; \ud83c\udfe2<\/span><\/span><span style=\"display:none;z-index:100\" id=\"su_tooltip_69fb3dc480a4f\" class=\"su-tooltip\" role=\"tooltip\"><span class=\"su-tooltip-inner su-tooltip-shadow-no\" style=\"z-index:100;background:#222222;color:#FFFFFF;font-size:16px;border-radius:5px;text-align:left;max-width:300px;line-height:1.25\"><span class=\"su-tooltip-title\"><\/span><span class=\"su-tooltip-content su-u-trim\">F\u00fcr innen\/au\u00dfen<\/span><\/span><span id=\"su_tooltip_69fb3dc480a4f_arrow\" class=\"su-tooltip-arrow\" style=\"z-index:100;background:#222222\" data-popper-arrow><\/span><\/span><br \/>\n<span id=\"su_tooltip_69fb3dc480aa5_button\" class=\"su-tooltip-button su-tooltip-button-outline-yes\" aria-describedby=\"su_tooltip_69fb3dc480aa5\" data-settings='{\"position\":\"top\",\"behavior\":\"hover\",\"hideDelay\":0}' tabindex=\"0\"><span>\ud83c\udf3f<\/span><\/span><span style=\"display:none;z-index:100\" id=\"su_tooltip_69fb3dc480aa5\" class=\"su-tooltip\" role=\"tooltip\"><span class=\"su-tooltip-inner su-tooltip-shadow-no\" style=\"z-index:100;background:#222222;color:#FFFFFF;font-size:16px;border-radius:5px;text-align:left;max-width:300px;line-height:1.25\"><span class=\"su-tooltip-title\"><\/span><span class=\"su-tooltip-content su-u-trim\">Nat\u00fcrliches Material<\/span><\/span><span id=\"su_tooltip_69fb3dc480aa5_arrow\" class=\"su-tooltip-arrow\" style=\"z-index:100;background:#222222\" data-popper-arrow><\/span><\/span><br \/>\n<span id=\"su_tooltip_69fb3dc480af6_button\" class=\"su-tooltip-button su-tooltip-button-outline-yes\" aria-describedby=\"su_tooltip_69fb3dc480af6\" data-settings='{\"position\":\"top\",\"behavior\":\"hover\",\"hideDelay\":0}' tabindex=\"0\"><span>\ud83c\udfa8<\/span><\/span><span style=\"display:none;z-index:100\" id=\"su_tooltip_69fb3dc480af6\" class=\"su-tooltip\" role=\"tooltip\"><span class=\"su-tooltip-inner su-tooltip-shadow-no\" style=\"z-index:100;background:#222222;color:#FFFFFF;font-size:16px;border-radius:5px;text-align:left;max-width:300px;line-height:1.25\"><span class=\"su-tooltip-title\"><\/span><span class=\"su-tooltip-content su-u-trim\">\u00dcberstreichbar<\/span><\/span><span id=\"su_tooltip_69fb3dc480af6_arrow\" class=\"su-tooltip-arrow\" style=\"z-index:100;background:#222222\" data-popper-arrow><\/span><\/span><br \/>\n<\/span><\/p>","protected":false},"featured_media":2555,"comment_status":"open","ping_status":"closed","template":"","meta":{"site-sidebar-layout":"default","site-content-layout":"","ast-site-content-layout":"default","site-content-style":"default","site-sidebar-style":"default","ast-global-header-display":"","ast-banner-title-visibility":"","ast-main-header-display":"","ast-hfb-above-header-display":"","ast-hfb-below-header-display":"","ast-hfb-mobile-header-display":"","site-post-title":"","ast-breadcrumbs-content":"","ast-featured-img":"","footer-sml-layout":"","ast-disable-related-posts":"","theme-transparent-header-meta":"","adv-header-id-meta":"","stick-header-meta":"","header-above-stick-meta":"","header-main-stick-meta":"","header-below-stick-meta":"","astra-migrate-meta-layouts":"default","ast-page-background-enabled":"default","ast-page-background-meta":{"desktop":{"background-color":"var(--ast-global-color-5)","background-image":"","background-repeat":"repeat","background-position":"center center","background-size":"auto","background-attachment":"scroll","background-type":"","background-media":"","overlay-type":"","overlay-color":"","overlay-opacity":"","overlay-gradient":""},"tablet":{"background-color":"","background-image":"","background-repeat":"repeat","background-position":"center center","background-size":"auto","background-attachment":"scroll","background-type":"","background-media":"","overlay-type":"","overlay-color":"","overlay-opacity":"","overlay-gradient":""},"mobile":{"background-color":"","background-image":"","background-repeat":"repeat","background-position":"center center","background-size":"auto","background-attachment":"scroll","background-type":"","background-media":"","overlay-type":"","overlay-color":"","overlay-opacity":"","overlay-gradient":""}},"ast-content-background-meta":{"desktop":{"background-color":"var(--ast-global-color-4)","background-image":"","background-repeat":"repeat","background-position":"center center","background-size":"auto","background-attachment":"scroll","background-type":"","background-media":"","overlay-type":"","overlay-color":"","overlay-opacity":"","overlay-gradient":""},"tablet":{"background-color":"var(--ast-global-color-4)","background-image":"","background-repeat":"repeat","background-position":"center center","background-size":"auto","background-attachment":"scroll","background-type":"","background-media":"","overlay-type":"","overlay-color":"","overlay-opacity":"","overlay-gradient":""},"mobile":{"background-color":"var(--ast-global-color-4)","background-image":"","background-repeat":"repeat","background-position":"center center","background-size":"auto","background-attachment":"scroll","background-type":"","background-media":"","overlay-type":"","overlay-color":"","overlay-opacity":"","overlay-gradient":""}},"_joinchat":[]},"product_brand":[],"product_cat":[34],"product_tag":[],"class_list":{"0":"post-2554","1":"product","2":"type-product","3":"status-publish","4":"has-post-thumbnail","6":"product_cat-brauri","7":"desktop-align-left","8":"tablet-align-left","9":"mobile-align-left","11":"first","12":"instock","13":"sale","14":"featured","15":"taxable","16":"shipping-taxable","17":"purchasable","18":"product-type-simple"},"yoast_head":"<!-- This site is optimized with the Yoast SEO Premium plugin v22.9 (Yoast SEO v25.0) - https:\/\/yoast.com\/wordpress\/plugins\/seo\/ -->\n<title>Br\u00e2u B135 | fabricadeprofile.com<\/title>\n<meta name=\"description\" content=\"Braurile decorative sunt elemente ornamentale care adaug\u0103 elegan\u021b\u0103 \u0219i detalii deosebite unei construc\u021bii sau unei piese de mobilier.\" \/>\n<meta name=\"robots\" content=\"index, follow, max-snippet:-1, max-image-preview:large, max-video-preview:-1\" \/>\n<link rel=\"canonical\" href=\"https:\/\/fabricadeprofile.com\/de\/prodotto\/brau-m-135\/?wmc-currency=EUR\" \/>\n<meta property=\"og:locale\" content=\"de_DE\" \/>\n<meta property=\"og:type\" content=\"article\" \/>\n<meta property=\"og:title\" content=\"Br\u00e2u B135\" \/>\n<meta property=\"og:description\" content=\"Braurile decorative sunt elemente ornamentale care adaug\u0103 elegan\u021b\u0103 \u0219i detalii deosebite unei construc\u021bii sau unei piese de mobilier.\" \/>\n<meta property=\"og:url\" content=\"https:\/\/fabricadeprofile.com\/de\/prodotto\/brau-m-135\/?wmc-currency=EUR\" \/>\n<meta property=\"og:site_name\" content=\"fabricadeprofile.com\" \/>\n<meta property=\"article:modified_time\" content=\"2024-10-31T18:05:12+00:00\" \/>\n<meta property=\"og:image\" content=\"https:\/\/fabricadeprofile.com\/wp-content\/uploads\/2024\/06\/35.jpg\" \/>\n\t<meta property=\"og:image:width\" content=\"800\" \/>\n\t<meta property=\"og:image:height\" content=\"600\" \/>\n\t<meta property=\"og:image:type\" content=\"image\/jpeg\" \/>\n<meta name=\"twitter:card\" content=\"summary_large_image\" \/>\n<meta name=\"twitter:label1\" content=\"Preis\" \/>\n\t<meta name=\"twitter:data1\" content=\"58,00&nbsp;lei\" \/>\n\t<meta name=\"twitter:label2\" content=\"Verf\u00fcgbarkeit\" \/>\n\t<meta name=\"twitter:data2\" content=\"Auf Lager\" \/>\n<script type=\"application\/ld+json\" class=\"yoast-schema-graph\">{\"@context\":\"https:\/\/schema.org\",\"@graph\":[{\"@type\":\"WebPage\",\"@id\":\"https:\/\/fabricadeprofile.com\/it\/prodotto\/brau-m-135\/\",\"url\":\"https:\/\/fabricadeprofile.com\/it\/prodotto\/brau-m-135\/\",\"name\":\"Br\u00e2u B135 | fabricadeprofile.com\",\"isPartOf\":{\"@id\":\"https:\/\/fabricadeprofile.com\/#website\"},\"primaryImageOfPage\":{\"@id\":\"https:\/\/fabricadeprofile.com\/it\/prodotto\/brau-m-135\/#primaryimage\"},\"image\":{\"@id\":\"https:\/\/fabricadeprofile.com\/it\/prodotto\/brau-m-135\/#primaryimage\"},\"thumbnailUrl\":\"https:\/\/fabricadeprofile.com\/wp-content\/uploads\/2024\/06\/35.jpg\",\"datePublished\":\"2024-06-18T12:11:41+00:00\",\"dateModified\":\"2024-10-31T18:05:12+00:00\",\"description\":\"Braurile decorative sunt elemente ornamentale care adaug\u0103 elegan\u021b\u0103 \u0219i detalii deosebite unei construc\u021bii sau unei piese de mobilier.\",\"breadcrumb\":{\"@id\":\"https:\/\/fabricadeprofile.com\/it\/prodotto\/brau-m-135\/#breadcrumb\"},\"inLanguage\":\"de\",\"potentialAction\":[{\"@type\":\"ReadAction\",\"target\":[\"https:\/\/fabricadeprofile.com\/it\/prodotto\/brau-m-135\/\"]}]},{\"@type\":\"ImageObject\",\"inLanguage\":\"de\",\"@id\":\"https:\/\/fabricadeprofile.com\/it\/prodotto\/brau-m-135\/#primaryimage\",\"url\":\"https:\/\/fabricadeprofile.com\/wp-content\/uploads\/2024\/06\/35.jpg\",\"contentUrl\":\"https:\/\/fabricadeprofile.com\/wp-content\/uploads\/2024\/06\/35.jpg\",\"width\":800,\"height\":600},{\"@type\":\"BreadcrumbList\",\"@id\":\"https:\/\/fabricadeprofile.com\/it\/prodotto\/brau-m-135\/#breadcrumb\",\"itemListElement\":[{\"@type\":\"ListItem\",\"position\":1,\"name\":\"Prima pagin\u0103\",\"item\":\"https:\/\/fabricadeprofile.com\/\"},{\"@type\":\"ListItem\",\"position\":2,\"name\":\"Shop\",\"item\":\"https:\/\/fabricadeprofile.com\/it\/magazin\/\"},{\"@type\":\"ListItem\",\"position\":3,\"name\":\"Br\u00e2u B135\"}]},{\"@type\":\"WebSite\",\"@id\":\"https:\/\/fabricadeprofile.com\/#website\",\"url\":\"https:\/\/fabricadeprofile.com\/\",\"name\":\"fabricadeprofile.com\",\"description\":\"Fa din cas\u0103, acas\u0103\",\"publisher\":{\"@id\":\"https:\/\/fabricadeprofile.com\/#organization\"},\"alternateName\":\"Fabricadeprofile\",\"potentialAction\":[{\"@type\":\"SearchAction\",\"target\":{\"@type\":\"EntryPoint\",\"urlTemplate\":\"https:\/\/fabricadeprofile.com\/?s={search_term_string}\"},\"query-input\":{\"@type\":\"PropertyValueSpecification\",\"valueRequired\":true,\"valueName\":\"search_term_string\"}}],\"inLanguage\":\"de\"},{\"@type\":\"Organization\",\"@id\":\"https:\/\/fabricadeprofile.com\/#organization\",\"name\":\"fabricadeprofile.com\",\"url\":\"https:\/\/fabricadeprofile.com\/\",\"logo\":{\"@type\":\"ImageObject\",\"inLanguage\":\"de\",\"@id\":\"https:\/\/fabricadeprofile.com\/#\/schema\/logo\/image\/\",\"url\":\"https:\/\/fabricadeprofile.com\/wp-content\/uploads\/2023\/02\/fabricadeprofile.com_.png\",\"contentUrl\":\"https:\/\/fabricadeprofile.com\/wp-content\/uploads\/2023\/02\/fabricadeprofile.com_.png\",\"width\":500,\"height\":500,\"caption\":\"fabricadeprofile.com\"},\"image\":{\"@id\":\"https:\/\/fabricadeprofile.com\/#\/schema\/logo\/image\/\"},\"publishingPrinciples\":\"https:\/\/fabricadeprofile.com\/it\/termini-e-condizioni\/\"}]}<\/script>\n<meta property=\"product:price:amount\" content=\"58.00\" \/>\n<meta property=\"product:price:currency\" content=\"RON\" \/>\n<meta property=\"og:availability\" content=\"instock\" \/>\n<meta property=\"product:availability\" content=\"instock\" \/>\n<meta property=\"product:condition\" content=\"new\" \/>\n<!-- \/ Yoast SEO Premium plugin. -->","yoast_head_json":{"title":"B135 | fabricadeprofile.com","description":"Dekorative Halterungen sind Zierelemente, die einem Geb\u00e4ude oder einem M\u00f6belst\u00fcck Eleganz und Details verleihen.","robots":{"index":"index","follow":"follow","max-snippet":"max-snippet:-1","max-image-preview":"max-image-preview:large","max-video-preview":"max-video-preview:-1"},"canonical":"https:\/\/fabricadeprofile.com\/de\/prodotto\/brau-m-135\/?wmc-currency=EUR","og_locale":"de_DE","og_type":"article","og_title":"Br\u00e2u B135","og_description":"Braurile decorative sunt elemente ornamentale care adaug\u0103 elegan\u021b\u0103 \u0219i detalii deosebite unei construc\u021bii sau unei piese de mobilier.","og_url":"https:\/\/fabricadeprofile.com\/de\/prodotto\/brau-m-135\/?wmc-currency=EUR","og_site_name":"fabricadeprofile.com","article_modified_time":"2024-10-31T18:05:12+00:00","og_image":[{"width":800,"height":600,"url":"https:\/\/fabricadeprofile.com\/wp-content\/uploads\/2024\/06\/35.jpg","type":"image\/jpeg"}],"twitter_card":"summary_large_image","twitter_misc":{"Preis":"58,00&nbsp;lei","Verf\u00fcgbarkeit":"Auf Lager"},"schema":{"@context":"https:\/\/schema.org","@graph":[{"@type":"WebPage","@id":"https:\/\/fabricadeprofile.com\/it\/prodotto\/brau-m-135\/","url":"https:\/\/fabricadeprofile.com\/it\/prodotto\/brau-m-135\/","name":"B135 | fabricadeprofile.com","isPartOf":{"@id":"https:\/\/fabricadeprofile.com\/#website"},"primaryImageOfPage":{"@id":"https:\/\/fabricadeprofile.com\/it\/prodotto\/brau-m-135\/#primaryimage"},"image":{"@id":"https:\/\/fabricadeprofile.com\/it\/prodotto\/brau-m-135\/#primaryimage"},"thumbnailUrl":"https:\/\/fabricadeprofile.com\/wp-content\/uploads\/2024\/06\/35.jpg","datePublished":"2024-06-18T12:11:41+00:00","dateModified":"2024-10-31T18:05:12+00:00","description":"Dekorative Halterungen sind Zierelemente, die einem Geb\u00e4ude oder einem M\u00f6belst\u00fcck Eleganz und Details verleihen.","breadcrumb":{"@id":"https:\/\/fabricadeprofile.com\/it\/prodotto\/brau-m-135\/#breadcrumb"},"inLanguage":"de","potentialAction":[{"@type":"ReadAction","target":["https:\/\/fabricadeprofile.com\/it\/prodotto\/brau-m-135\/"]}]},{"@type":"ImageObject","inLanguage":"de","@id":"https:\/\/fabricadeprofile.com\/it\/prodotto\/brau-m-135\/#primaryimage","url":"https:\/\/fabricadeprofile.com\/wp-content\/uploads\/2024\/06\/35.jpg","contentUrl":"https:\/\/fabricadeprofile.com\/wp-content\/uploads\/2024\/06\/35.jpg","width":800,"height":600},{"@type":"BreadcrumbList","@id":"https:\/\/fabricadeprofile.com\/it\/prodotto\/brau-m-135\/#breadcrumb","itemListElement":[{"@type":"ListItem","position":1,"name":"Prima pagin\u0103","item":"https:\/\/fabricadeprofile.com\/"},{"@type":"ListItem","position":2,"name":"Shop","item":"https:\/\/fabricadeprofile.com\/it\/magazin\/"},{"@type":"ListItem","position":3,"name":"Br\u00e2u B135"}]},{"@type":"WebSite","@id":"https:\/\/fabricadeprofile.com\/#website","url":"https:\/\/fabricadeprofile.com\/","name":"fabricadeprofile.com","description":"F\u00fchlen Sie sich wie zu Hause","publisher":{"@id":"https:\/\/fabricadeprofile.com\/#organization"},"alternateName":"Fabricadeprofile","potentialAction":[{"@type":"SearchAction","target":{"@type":"EntryPoint","urlTemplate":"https:\/\/fabricadeprofile.com\/?s={search_term_string}"},"query-input":{"@type":"PropertyValueSpecification","valueRequired":true,"valueName":"search_term_string"}}],"inLanguage":"de"},{"@type":"Organization","@id":"https:\/\/fabricadeprofile.com\/#organization","name":"fabricadeprofile.com","url":"https:\/\/fabricadeprofile.com\/","logo":{"@type":"ImageObject","inLanguage":"de","@id":"https:\/\/fabricadeprofile.com\/#\/schema\/logo\/image\/","url":"https:\/\/fabricadeprofile.com\/wp-content\/uploads\/2023\/02\/fabricadeprofile.com_.png","contentUrl":"https:\/\/fabricadeprofile.com\/wp-content\/uploads\/2023\/02\/fabricadeprofile.com_.png","width":500,"height":500,"caption":"fabricadeprofile.com"},"image":{"@id":"https:\/\/fabricadeprofile.com\/#\/schema\/logo\/image\/"},"publishingPrinciples":"https:\/\/fabricadeprofile.com\/it\/termini-e-condizioni\/"}]},"product_price_amount":"58.00","product_price_currency":"RON","og_availability":"instock","product_availability":"instock","product_condition":"new"},"_links":{"self":[{"href":"https:\/\/fabricadeprofile.com\/de\/wp-json\/wp\/v2\/product\/2554"}],"collection":[{"href":"https:\/\/fabricadeprofile.com\/de\/wp-json\/wp\/v2\/product"}],"about":[{"href":"https:\/\/fabricadeprofile.com\/de\/wp-json\/wp\/v2\/types\/product"}],"replies":[{"embeddable":true,"href":"https:\/\/fabricadeprofile.com\/de\/wp-json\/wp\/v2\/comments?post=2554"}],"wp:featuredmedia":[{"embeddable":true,"href":"https:\/\/fabricadeprofile.com\/de\/wp-json\/wp\/v2\/media\/2555"}],"wp:attachment":[{"href":"https:\/\/fabricadeprofile.com\/de\/wp-json\/wp\/v2\/media?parent=2554"}],"wp:term":[{"taxonomy":"product_brand","embeddable":true,"href":"https:\/\/fabricadeprofile.com\/de\/wp-json\/wp\/v2\/product_brand?post=2554"},{"taxonomy":"product_cat","embeddable":true,"href":"https:\/\/fabricadeprofile.com\/de\/wp-json\/wp\/v2\/product_cat?post=2554"},{"taxonomy":"product_tag","embeddable":true,"href":"https:\/\/fabricadeprofile.com\/de\/wp-json\/wp\/v2\/product_tag?post=2554"}],"curies":[{"name":"wp","href":"https:\/\/api.w.org\/{rel}","templated":true}]}}