{"id":2068,"date":"2024-06-07T20:49:52","date_gmt":"2024-06-07T20:49:52","guid":{"rendered":"https:\/\/fabricadeprofile.com\/?page_id=2068"},"modified":"2024-11-10T18:12:39","modified_gmt":"2024-11-10T18:12:39","slug":"termeni-si-conditii","status":"publish","type":"page","link":"https:\/\/fabricadeprofile.com\/it\/termini-e-condizioni\/","title":{"rendered":"Termini e condizioni"},"content":{"rendered":"<p>I termini e le condizioni che seguono si riferiscono agli ordini validi da effettuare tramite l'interfaccia del sito web.<\/p><p>Un ordine valido \u00e8 un ordine effettuato dall'acquirente compilando il modulo d'ordine sul sito web e confermato dal venditore.<\/p><p>Per avere tutte le informazioni relative alle condizioni di ordinazione e consegna di un prodotto su FABRICADEPROFILE.COM , si prega di leggere attentamente quanto segue.<\/p><p>In caso di domande o dubbi, vi preghiamo di contattarci al numero di telefono:&nbsp;<strong>0755 111 213<\/strong>&nbsp;.<\/p><p>I termini e le condizioni del presente documento sono applicabili a un ordine valido effettuato sul sito web e rappresentano i termini e le condizioni contrattuali di base nel rapporto tra il venditore e l'acquirente. Questi termini e condizioni regolano anche la responsabilit\u00e0 della societ\u00e0 proprietaria del sito web.&nbsp;<strong>soldecor.ro&nbsp;<\/strong>chiamato venditore, relativo al funzionamento di questo sito web.<\/p><p>Questi termini e condizioni sono validi e tutte le altre cause diventano nulle, a meno che la loro modifica non sia stata annunciata in anticipo o sia stata fatta per iscritto.<\/p><p>Amministratore del negozio online&nbsp;<strong>soldecor.ro&nbsp;<\/strong>ha il diritto di modificare i termini e le condizioni, per cui si consiglia di leggere prima di ogni acquisto&nbsp;<strong>Termini e condizioni<\/strong>&nbsp;visualizzati sul sito web.<\/p><p>Tali modifiche sono valide a partire dalla data di apparizione sul sito e non possono essere applicate agli ordini effettuati in precedenza. Per ogni ordine effettuato sul sito, sono validi i termini e le condizioni in vigore al momento dell'ordine.<\/p><p>In caso di ordine valido, l'utente accetta senza eccezioni tutti i termini e le condizioni qui riportati. Utilizzando il sito web, l'utente accetta di rispettare i termini e le condizioni qui elencati. Compilando il modulo d'ordine e inviando l'ordine dal sito web soldecor.ro, l'acquirente ordina i prodotti selezionati nel carrello (il carrello virtuale visualizzato sul sito web) ed \u00e8 responsabile della correttezza dei dati da lui forniti.<\/p><p>Un indirizzo e-mail o un numero di telefono errati comporteranno l'annullamento e l'invalidazione dell'ordine, in quanto il venditore non potr\u00e0 contattare l'acquirente per confermare l'ordine.<\/p><h3 class=\"wp-block-heading\" id=\"h-cum-comandam\"><strong>Come si ordina?<\/strong><\/h3><p>*Ogni prodotto presente sul sito pu\u00f2 essere ordinato con il pulsante ''Aggiungi al carrello'' nella pagina del prodotto scelto.<\/p><p>*Cliccando sul pulsante ''Aggiungi al carrello'', il prodotto in questione verr\u00e0 aggiunto al vostro carrello virtuale.<\/p><p>*I prodotti presenti nel carrello virtuale possono essere visualizzati in qualsiasi momento cliccando sull'icona del carrello in alto a destra della pagina web. Qui \u00e8 possibile eliminare eventuali prodotti indesiderati e scegliere la quantit\u00e0 di prodotti nel caso in cui si desideri acquistare pi\u00f9 di un prodotto.<\/p><p>*Dopo l'impostazione della quantit\u00e0, i prezzi e il valore totale cambiano automaticamente.<\/p><p>*Se la selezione dei prodotti desiderati \u00e8 stata completata e tutti i prodotti sono stati inseriti nel carrello, cliccando sul pulsante ''Ordina online'' si accede al modulo d'ordine dove \u00e8 possibile visualizzare e completare l'ordine.<\/p><p>*Sulla base di questo ordine, un rappresentante della nostra azienda vi contatter\u00e0 telefonicamente per confermare l'ordine durante gli orari d'ufficio: dal luned\u00ec al venerd\u00ec tra le 08:00 e le 16:00.<\/p><p>*Per abbreviare i tempi di conferma dell'ordine, vi preghiamo di utilizzare il modulo di contatto sul sito web dopo aver concluso l'ordine per comunicarci che ci avete inviato un ordine. Per farlo, \u00e8 sufficiente scegliere l'opzione ''Servizio clienti'' dall'oggetto del modulo di contatto.<\/p><p>*L'acquirente riconosce che, dopo aver effettuato l'ordine sul sito web e la conferma telefonica o via e-mail inviata da&nbsp;<a href=\"mailto:office@soldecor.ro\">office@soldecor.ro<\/a>&nbsp;da un dipendente del venditore, esiste un contratto orale di vendita o di consegna del prodotto ordinato.<\/p><h3 class=\"wp-block-heading\" id=\"h-pre\u021bul-produselor\"><strong>Prezzi dei prodotti<\/strong><\/h3><p>Tutti i prezzi sul sito web sono in lei.<\/p><p>I prezzi dei prodotti indicati sul sito web www.fabricadeprofile.com possono essere soggetti a modifiche senza preavviso, senza che ci\u00f2 influisca sui prezzi degli ordini gi\u00e0 confermati.<\/p><h3 class=\"wp-block-heading\" id=\"h-modalita\u021bi-de-plata\"><strong>Come pagare<\/strong><\/h3><p>Il pagamento dei prodotti ordinati tramite il sito web soldecor.ro pu\u00f2 essere effettuato in 2 modi:<\/p><p>Tramite ordine di pagamento sul nostro conto: conto in lei presso BT Suceava RO05BTRLRONCRT0491355201<\/p><p>DUE M PROFILE SRL Str. Humorului 76D Moara nica<\/p><p><em><strong>SAU<\/strong><\/em><\/p><p>Rimborso al corriere che consegna l'ordine all'indirizzo di consegna da voi indicato nel modulo d'ordine.<\/p><p>Pagamento in LEI<\/p><p>PER I PRODOTTI REALIZZATI SU ORDINAZIONE, VERR\u00c0 ADDEBITATO UN ANTICIPO PARI AL DIECI PER CENTO DELL'IMPORTO TOTALE ORDINATO, SUL QUALE VERR\u00c0 EMESSA LA FATTURA.<\/p><p>I tempi di consegna dell'ordine sono calcolati a partire dal giorno di ricezione dell'acconto!&nbsp;<\/p><p>. Il valore dei prodotti \u00e8 quello al momento della conferma scritta (e-mail) o telefonica dell'ordine.<\/p><p>Consegna<\/p><p>La consegna dei prodotti ordinati pu\u00f2 essere effettuata di persona dai venditori entro 100 km a pagamento o tramite corriere.<\/p><h3 class=\"wp-block-heading\" id=\"h-termene-de-livrare\">Termini di consegna<\/h3><p>Il tempo di consegna dei prodotti ordinati \u00e8 di massimo 14 giorni lavorativi dalla data di conferma dell'ordine presso la sede dell'azienda o dal ricevimento dell'acconto!&nbsp;<\/p><p>Condizioni di restituzione.<\/p><p>In conformit\u00e0 alle norme europee, la clausola di esclusione della responsabilit\u00e0 non si applica ai prodotti realizzati su ordinazione.<\/p><p>Maggiori dettagli sulle condizioni di restituzione sono disponibili qui:<\/p><p>&nbsp;Se il prodotto o i prodotti consegnati non corrispondono alle specifiche presenti sul sito web, possono essere restituiti senza costi aggiuntivi per l'acquirente, previa comunicazione scritta all'acquirente che specifichi il difetto di conformit\u00e0 del prodotto entro 48 ore dalla consegna. Il cliente pu\u00f2 richiedere la sostituzione del prodotto o la restituzione del suo valore.<\/p><h3 class=\"wp-block-heading\" id=\"h-obliga\u021bii\">Obblighi<\/h3><p>Al fine di fornire informazioni aggiornate, il sito web soldecor.ro sar\u00e0 regolarmente aggiornato.<\/p><p>Verranno apportate modifiche al contenuto del sito web, ovvero alle informazioni sui prodotti, alle descrizioni, alle foto, ai prezzi, ecc.<\/p><p>I prezzi sul sito web sono soggetti a modifiche se il venditore lo ritiene necessario.<\/p><p>Il titolare del dominio soldecor.ro non \u00e8 responsabile per eventuali danni causati dalla connessione a Internet, per l'utilizzo, la copia o la visualizzazione del contenuto del sito, declinando altres\u00ec la responsabilit\u00e0 per eventuali inconvenienti che possono verificarsi a causa di errori software o altri guasti tecnici che si verificano sul server.<\/p>","protected":false},"excerpt":{"rendered":"<p>Termenii \u0219i condi\u021biile de mai jos se refer\u0103 la comenzile valabile care se vor face folosind interfa\u021ba site-ului. O comand\u0103 valabila este o comand\u0103 f\u0103cut\u0103 de cump\u0103r\u0103tor prin completarea formularului de comanda de pe site \u0219i confirmat\u0103 de v\u00e2nz\u0103tor. Pentru a avea toate informa\u021biile legate de condi\u021biile comand\u0103rii \u0219i livr\u0103rii unui produs de pe\u00a0FABRICADEPROFILE.COM\u00a0, v\u0103 [&hellip;]<\/p>","protected":false},"author":1,"featured_media":0,"parent":0,"menu_order":0,"comment_status":"closed","ping_status":"closed","template":"","meta":{"site-sidebar-layout":"default","site-content-layout":"","ast-site-content-layout":"default","site-content-style":"default","site-sidebar-style":"default","ast-global-header-display":"","ast-banner-title-visibility":"","ast-main-header-display":"","ast-hfb-above-header-display":"","ast-hfb-below-header-display":"","ast-hfb-mobile-header-display":"","site-post-title":"","ast-breadcrumbs-content":"","ast-featured-img":"","footer-sml-layout":"","ast-disable-related-posts":"","theme-transparent-header-meta":"","adv-header-id-meta":"","stick-header-meta":"","header-above-stick-meta":"","header-main-stick-meta":"","header-below-stick-meta":"","astra-migrate-meta-layouts":"default","ast-page-background-enabled":"default","ast-page-background-meta":{"desktop":{"background-color":"var(--ast-global-color-5)","background-image":"","background-repeat":"repeat","background-position":"center center","background-size":"auto","background-attachment":"scroll","background-type":"","background-media":"","overlay-type":"","overlay-color":"","overlay-opacity":"","overlay-gradient":""},"tablet":{"background-color":"","background-image":"","background-repeat":"repeat","background-position":"center center","background-size":"auto","background-attachment":"scroll","background-type":"","background-media":"","overlay-type":"","overlay-color":"","overlay-opacity":"","overlay-gradient":""},"mobile":{"background-color":"","background-image":"","background-repeat":"repeat","background-position":"center center","background-size":"auto","background-attachment":"scroll","background-type":"","background-media":"","overlay-type":"","overlay-color":"","overlay-opacity":"","overlay-gradient":""}},"ast-content-background-meta":{"desktop":{"background-color":"var(--ast-global-color-4)","background-image":"","background-repeat":"repeat","background-position":"center center","background-size":"auto","background-attachment":"scroll","background-type":"","background-media":"","overlay-type":"","overlay-color":"","overlay-opacity":"","overlay-gradient":""},"tablet":{"background-color":"var(--ast-global-color-4)","background-image":"","background-repeat":"repeat","background-position":"center center","background-size":"auto","background-attachment":"scroll","background-type":"","background-media":"","overlay-type":"","overlay-color":"","overlay-opacity":"","overlay-gradient":""},"mobile":{"background-color":"var(--ast-global-color-4)","background-image":"","background-repeat":"repeat","background-position":"center center","background-size":"auto","background-attachment":"scroll","background-type":"","background-media":"","overlay-type":"","overlay-color":"","overlay-opacity":"","overlay-gradient":""}},"_joinchat":[],"footnotes":""},"class_list":["post-2068","page","type-page","status-publish","hentry"],"yoast_head":"<!-- This site is optimized with the Yoast SEO Premium plugin v22.9 (Yoast SEO v25.0) - https:\/\/yoast.com\/wordpress\/plugins\/seo\/ -->\n<title>Termeni si condi\u021bii | fabricadeprofile.com<\/title>\n<meta name=\"robots\" content=\"index, follow, max-snippet:-1, max-image-preview:large, max-video-preview:-1\" \/>\n<link rel=\"canonical\" href=\"https:\/\/fabricadeprofile.com\/it\/termini-e-condizioni\/?wmc-currency=EUR\" \/>\n<meta property=\"og:locale\" content=\"it_IT\" \/>\n<meta property=\"og:type\" content=\"article\" \/>\n<meta property=\"og:title\" content=\"Termeni si condi\u021bii\" \/>\n<meta property=\"og:description\" content=\"Termenii \u0219i condi\u021biile de mai jos se refer\u0103 la comenzile valabile care se vor face folosind interfa\u021ba site-ului. O comand\u0103 valabila este o comand\u0103 f\u0103cut\u0103 de cump\u0103r\u0103tor prin completarea formularului de comanda de pe site \u0219i confirmat\u0103 de v\u00e2nz\u0103tor. Pentru a avea toate informa\u021biile legate de condi\u021biile comand\u0103rii \u0219i livr\u0103rii unui produs de pe\u00a0FABRICADEPROFILE.COM\u00a0, v\u0103 [&hellip;]\" \/>\n<meta property=\"og:url\" content=\"https:\/\/fabricadeprofile.com\/it\/termini-e-condizioni\/?wmc-currency=EUR\" \/>\n<meta property=\"og:site_name\" content=\"fabricadeprofile.com\" \/>\n<meta property=\"article:modified_time\" content=\"2024-11-10T18:12:39+00:00\" \/>\n<meta property=\"og:image\" content=\"https:\/\/fabricadeprofile.com\/wp-content\/uploads\/2024\/07\/fabrica-de-profile-site-icon.png\" \/>\n\t<meta property=\"og:image:width\" content=\"150\" \/>\n\t<meta property=\"og:image:height\" content=\"150\" \/>\n\t<meta property=\"og:image:type\" content=\"image\/png\" \/>\n<meta name=\"twitter:card\" content=\"summary_large_image\" \/>\n<meta name=\"twitter:label1\" content=\"Tempo di lettura stimato\" \/>\n\t<meta name=\"twitter:data1\" content=\"6 minuti\" \/>\n<script type=\"application\/ld+json\" class=\"yoast-schema-graph\">{\"@context\":\"https:\/\/schema.org\",\"@graph\":[{\"@type\":\"WebPage\",\"@id\":\"https:\/\/fabricadeprofile.com\/it\/termini-e-condizioni\/\",\"url\":\"https:\/\/fabricadeprofile.com\/it\/termini-e-condizioni\/\",\"name\":\"Termeni si condi\u021bii | fabricadeprofile.com\",\"isPartOf\":{\"@id\":\"https:\/\/fabricadeprofile.com\/#website\"},\"datePublished\":\"2024-06-07T20:49:52+00:00\",\"dateModified\":\"2024-11-10T18:12:39+00:00\",\"breadcrumb\":{\"@id\":\"https:\/\/fabricadeprofile.com\/it\/termini-e-condizioni\/#breadcrumb\"},\"inLanguage\":\"it-IT\",\"potentialAction\":[{\"@type\":\"ReadAction\",\"target\":[\"https:\/\/fabricadeprofile.com\/it\/termini-e-condizioni\/\"]}]},{\"@type\":\"BreadcrumbList\",\"@id\":\"https:\/\/fabricadeprofile.com\/it\/termini-e-condizioni\/#breadcrumb\",\"itemListElement\":[{\"@type\":\"ListItem\",\"position\":1,\"name\":\"Prima pagin\u0103\",\"item\":\"https:\/\/fabricadeprofile.com\/\"},{\"@type\":\"ListItem\",\"position\":2,\"name\":\"Termeni si condi\u021bii\"}]},{\"@type\":\"WebSite\",\"@id\":\"https:\/\/fabricadeprofile.com\/#website\",\"url\":\"https:\/\/fabricadeprofile.com\/\",\"name\":\"fabricadeprofile.com\",\"description\":\"Fa din cas\u0103, acas\u0103\",\"publisher\":{\"@id\":\"https:\/\/fabricadeprofile.com\/#organization\"},\"alternateName\":\"Fabricadeprofile\",\"potentialAction\":[{\"@type\":\"SearchAction\",\"target\":{\"@type\":\"EntryPoint\",\"urlTemplate\":\"https:\/\/fabricadeprofile.com\/?s={search_term_string}\"},\"query-input\":{\"@type\":\"PropertyValueSpecification\",\"valueRequired\":true,\"valueName\":\"search_term_string\"}}],\"inLanguage\":\"it-IT\"},{\"@type\":\"Organization\",\"@id\":\"https:\/\/fabricadeprofile.com\/#organization\",\"name\":\"fabricadeprofile.com\",\"url\":\"https:\/\/fabricadeprofile.com\/\",\"logo\":{\"@type\":\"ImageObject\",\"inLanguage\":\"it-IT\",\"@id\":\"https:\/\/fabricadeprofile.com\/#\/schema\/logo\/image\/\",\"url\":\"https:\/\/fabricadeprofile.com\/wp-content\/uploads\/2023\/02\/fabricadeprofile.com_.png\",\"contentUrl\":\"https:\/\/fabricadeprofile.com\/wp-content\/uploads\/2023\/02\/fabricadeprofile.com_.png\",\"width\":500,\"height\":500,\"caption\":\"fabricadeprofile.com\"},\"image\":{\"@id\":\"https:\/\/fabricadeprofile.com\/#\/schema\/logo\/image\/\"},\"publishingPrinciples\":\"https:\/\/fabricadeprofile.com\/it\/termini-e-condizioni\/\"}]}<\/script>\n<!-- \/ Yoast SEO Premium plugin. -->","yoast_head_json":{"title":"Termini e condizioni | fabricadeprofile.com","robots":{"index":"index","follow":"follow","max-snippet":"max-snippet:-1","max-image-preview":"max-image-preview:large","max-video-preview":"max-video-preview:-1"},"canonical":"https:\/\/fabricadeprofile.com\/it\/termini-e-condizioni\/?wmc-currency=EUR","og_locale":"it_IT","og_type":"article","og_title":"Termeni si condi\u021bii","og_description":"Termenii \u0219i condi\u021biile de mai jos se refer\u0103 la comenzile valabile care se vor face folosind interfa\u021ba site-ului. O comand\u0103 valabila este o comand\u0103 f\u0103cut\u0103 de cump\u0103r\u0103tor prin completarea formularului de comanda de pe site \u0219i confirmat\u0103 de v\u00e2nz\u0103tor. Pentru a avea toate informa\u021biile legate de condi\u021biile comand\u0103rii \u0219i livr\u0103rii unui produs de pe\u00a0FABRICADEPROFILE.COM\u00a0, v\u0103 [&hellip;]","og_url":"https:\/\/fabricadeprofile.com\/it\/termini-e-condizioni\/?wmc-currency=EUR","og_site_name":"fabricadeprofile.com","article_modified_time":"2024-11-10T18:12:39+00:00","og_image":[{"width":150,"height":150,"url":"https:\/\/fabricadeprofile.com\/wp-content\/uploads\/2024\/07\/fabrica-de-profile-site-icon.png","type":"image\/png"}],"twitter_card":"summary_large_image","twitter_misc":{"Tempo di lettura stimato":"6 minuti"},"schema":{"@context":"https:\/\/schema.org","@graph":[{"@type":"WebPage","@id":"https:\/\/fabricadeprofile.com\/it\/termini-e-condizioni\/","url":"https:\/\/fabricadeprofile.com\/it\/termini-e-condizioni\/","name":"Termini e condizioni | fabricadeprofile.com","isPartOf":{"@id":"https:\/\/fabricadeprofile.com\/#website"},"datePublished":"2024-06-07T20:49:52+00:00","dateModified":"2024-11-10T18:12:39+00:00","breadcrumb":{"@id":"https:\/\/fabricadeprofile.com\/it\/termini-e-condizioni\/#breadcrumb"},"inLanguage":"it-IT","potentialAction":[{"@type":"ReadAction","target":["https:\/\/fabricadeprofile.com\/it\/termini-e-condizioni\/"]}]},{"@type":"BreadcrumbList","@id":"https:\/\/fabricadeprofile.com\/it\/termini-e-condizioni\/#breadcrumb","itemListElement":[{"@type":"ListItem","position":1,"name":"Prima pagin\u0103","item":"https:\/\/fabricadeprofile.com\/"},{"@type":"ListItem","position":2,"name":"Termeni si condi\u021bii"}]},{"@type":"WebSite","@id":"https:\/\/fabricadeprofile.com\/#website","url":"https:\/\/fabricadeprofile.com\/","name":"fabricadeprofile.com","description":"Sentirsi a casa","publisher":{"@id":"https:\/\/fabricadeprofile.com\/#organization"},"alternateName":"Fabricadeprofile","potentialAction":[{"@type":"SearchAction","target":{"@type":"EntryPoint","urlTemplate":"https:\/\/fabricadeprofile.com\/?s={search_term_string}"},"query-input":{"@type":"PropertyValueSpecification","valueRequired":true,"valueName":"search_term_string"}}],"inLanguage":"it-IT"},{"@type":"Organization","@id":"https:\/\/fabricadeprofile.com\/#organization","name":"fabricadeprofile.com","url":"https:\/\/fabricadeprofile.com\/","logo":{"@type":"ImageObject","inLanguage":"it-IT","@id":"https:\/\/fabricadeprofile.com\/#\/schema\/logo\/image\/","url":"https:\/\/fabricadeprofile.com\/wp-content\/uploads\/2023\/02\/fabricadeprofile.com_.png","contentUrl":"https:\/\/fabricadeprofile.com\/wp-content\/uploads\/2023\/02\/fabricadeprofile.com_.png","width":500,"height":500,"caption":"fabricadeprofile.com"},"image":{"@id":"https:\/\/fabricadeprofile.com\/#\/schema\/logo\/image\/"},"publishingPrinciples":"https:\/\/fabricadeprofile.com\/it\/termini-e-condizioni\/"}]}},"_links":{"self":[{"href":"https:\/\/fabricadeprofile.com\/it\/wp-json\/wp\/v2\/pages\/2068"}],"collection":[{"href":"https:\/\/fabricadeprofile.com\/it\/wp-json\/wp\/v2\/pages"}],"about":[{"href":"https:\/\/fabricadeprofile.com\/it\/wp-json\/wp\/v2\/types\/page"}],"author":[{"embeddable":true,"href":"https:\/\/fabricadeprofile.com\/it\/wp-json\/wp\/v2\/users\/1"}],"replies":[{"embeddable":true,"href":"https:\/\/fabricadeprofile.com\/it\/wp-json\/wp\/v2\/comments?post=2068"}],"version-history":[{"count":2,"href":"https:\/\/fabricadeprofile.com\/it\/wp-json\/wp\/v2\/pages\/2068\/revisions"}],"predecessor-version":[{"id":3638,"href":"https:\/\/fabricadeprofile.com\/it\/wp-json\/wp\/v2\/pages\/2068\/revisions\/3638"}],"wp:attachment":[{"href":"https:\/\/fabricadeprofile.com\/it\/wp-json\/wp\/v2\/media?parent=2068"}],"curies":[{"name":"wp","href":"https:\/\/api.w.org\/{rel}","templated":true}]}}