{"id":3348,"date":"2024-07-17T12:52:36","date_gmt":"2024-07-17T12:52:36","guid":{"rendered":"https:\/\/fabricadeprofile.com\/?page_id=3348"},"modified":"2024-07-17T13:52:23","modified_gmt":"2024-07-17T13:52:23","slug":"riflaje","status":"publish","type":"page","link":"https:\/\/fabricadeprofile.com\/it\/nastro\/","title":{"rendered":"RIFLESSIONE"},"content":{"rendered":"<div data-elementor-type=\"wp-page\" data-elementor-id=\"3348\" class=\"elementor elementor-3348\" data-elementor-post-type=\"page\">\n\t\t\t\t<div class=\"elementor-element elementor-element-0c05f6e e-con-full e-flex e-con e-parent\" data-id=\"0c05f6e\" data-element_type=\"container\" data-e-type=\"container\" data-settings=\"{&quot;background_background&quot;:&quot;slideshow&quot;,&quot;background_slideshow_gallery&quot;:[{&quot;id&quot;:3374,&quot;url&quot;:&quot;https:\\\/\\\/fabricadeprofile.com\\\/wp-content\\\/uploads\\\/2024\\\/07\\\/riflaje1.jpg&quot;}],&quot;background_slideshow_loop&quot;:&quot;yes&quot;,&quot;background_slideshow_slide_duration&quot;:5000,&quot;background_slideshow_slide_transition&quot;:&quot;fade&quot;,&quot;background_slideshow_transition_duration&quot;:500}\">\n\t\t\t\t<div class=\"elementor-element elementor-element-997974f elementor-widget__width-initial elementor-widget elementor-widget-heading\" data-id=\"997974f\" data-element_type=\"widget\" data-e-type=\"widget\" data-widget_type=\"heading.default\">\n\t\t\t\t<div class=\"elementor-widget-container\">\n\t\t\t\t\t<h2 class=\"elementor-heading-title elementor-size-default\">RIFLESSIONE<\/h2>\t\t\t\t<\/div>\n\t\t\t\t<\/div>\n\t\t\t\t<\/div>\n\t\t<div class=\"elementor-element elementor-element-b675139 e-flex e-con-boxed e-con e-parent\" data-id=\"b675139\" data-element_type=\"container\" data-e-type=\"container\">\n\t\t\t\t\t<div class=\"e-con-inner\">\n\t\t\t\t<div class=\"elementor-element elementor-element-a1614cb elementor-widget elementor-widget-text-editor\" data-id=\"a1614cb\" data-element_type=\"widget\" data-e-type=\"widget\" data-widget_type=\"text-editor.default\">\n\t\t\t\t<div class=\"elementor-widget-container\">\n\t\t\t\t\t\t\t\t\t<p>Su fabricadeprofile.com offriamo servizi di rifilatura di alta qualit\u00e0 e personalizzati in base alle vostre esigenze specifiche. La rifilatura \u00e8 una tecnica essenziale per realizzare finiture decorative o funzionali su vari materiali, siano essi legno, metallo o plastica. Grazie alle nostre attrezzature all'avanguardia e al nostro team di esperti, garantiamo precisione e durata in ogni progetto.<\/p><p>Se avete bisogno di rifiniture per pannelli decorativi, componenti ingegnerizzati o altre applicazioni personalizzate, siamo qui per fornirvi soluzioni innovative ed efficaci. Noi di fabricadeprofile.com siamo orgogliosi della nostra capacit\u00e0 di trasformare le idee in realt\u00e0, offrendo prodotti che combinano un'estetica raffinata con una funzionalit\u00e0 ottimale. Sceglieteci per i vostri servizi di rifilatura e approfittate della qualit\u00e0 superiore e della professionalit\u00e0 che ci contraddistinguono.<\/p>\t\t\t\t\t\t\t\t<\/div>\n\t\t\t\t<\/div>\n\t\t\t\t\t<\/div>\n\t\t\t\t<\/div>\n\t\t<div class=\"elementor-element elementor-element-33559e7 e-con-full e-flex e-con e-child\" data-id=\"33559e7\" data-element_type=\"container\" data-e-type=\"container\">\n\t\t<div class=\"elementor-element elementor-element-5021c5b e-con-full e-flex e-con e-child\" data-id=\"5021c5b\" data-element_type=\"container\" data-e-type=\"container\" data-settings=\"{&quot;background_background&quot;:&quot;gradient&quot;}\">\n\t\t\t\t<div class=\"elementor-element elementor-element-edeea51 elementor-position-inline-start elementor-view-default elementor-mobile-position-block-start elementor-widget elementor-widget-icon-box\" data-id=\"edeea51\" data-element_type=\"widget\" data-e-type=\"widget\" data-widget_type=\"icon-box.default\">\n\t\t\t\t<div class=\"elementor-widget-container\">\n\t\t\t\t\t\t\t<div class=\"elementor-icon-box-wrapper\">\n\n\t\t\t\t\t\t<div class=\"elementor-icon-box-icon\">\n\t\t\t\t<a href=\"tel:0755111213\" class=\"elementor-icon\" tabindex=\"-1\" aria-label=\"Chiamata\">\n\t\t\t\t<svg aria-hidden=\"true\" class=\"e-font-icon-svg e-fas-phone-alt\" viewbox=\"0 0 512 512\" xmlns=\"http:\/\/www.w3.org\/2000\/svg\"><path d=\"M497.39 361.8l-112-48a24 24 0 0 0-28 6.9l-49.6 60.6A370.66 370.66 0 0 1 130.6 204.11l60.6-49.6a23.94 23.94 0 0 0 6.9-28l-48-112A24.16 24.16 0 0 0 122.6.61l-104 24A24 24 0 0 0 0 48c0 256.5 207.9 464 464 464a24 24 0 0 0 23.4-18.6l24-104a24.29 24.29 0 0 0-14.01-27.6z\"><\/path><\/svg>\t\t\t\t<\/a>\n\t\t\t<\/div>\n\t\t\t\n\t\t\t\t\t\t<div class=\"elementor-icon-box-content\">\n\n\t\t\t\t\t\t\t\t\t<h3 class=\"elementor-icon-box-title\">\n\t\t\t\t\t\t<a href=\"tel:0755111213\" >\n\t\t\t\t\t\t\tChiamata\t\t\t\t\t\t<\/a>\n\t\t\t\t\t<\/h3>\n\t\t\t\t\n\t\t\t\t\t\t\t\t\t<p class=\"elementor-icon-box-description\">\n\t\t\t\t\t\tal numero indicato nella pagina\t\t\t\t\t<\/p>\n\t\t\t\t\n\t\t\t<\/div>\n\t\t\t\n\t\t<\/div>\n\t\t\t\t\t\t<\/div>\n\t\t\t\t<\/div>\n\t\t\t\t<\/div>\n\t\t<div class=\"elementor-element elementor-element-d2838ed e-con-full e-flex e-con e-child\" data-id=\"d2838ed\" data-element_type=\"container\" data-e-type=\"container\" data-settings=\"{&quot;background_background&quot;:&quot;gradient&quot;}\">\n\t\t\t\t<div class=\"elementor-element elementor-element-29a32a2 elementor-position-inline-start elementor-view-default elementor-mobile-position-block-start elementor-widget elementor-widget-icon-box\" data-id=\"29a32a2\" data-element_type=\"widget\" data-e-type=\"widget\" data-widget_type=\"icon-box.default\">\n\t\t\t\t<div class=\"elementor-widget-container\">\n\t\t\t\t\t\t\t<div class=\"elementor-icon-box-wrapper\">\n\n\t\t\t\t\t\t<div class=\"elementor-icon-box-icon\">\n\t\t\t\t<span  class=\"elementor-icon\">\n\t\t\t\t<svg aria-hidden=\"true\" class=\"e-font-icon-svg e-fas-envelope\" viewbox=\"0 0 512 512\" xmlns=\"http:\/\/www.w3.org\/2000\/svg\"><path d=\"M502.3 190.8c3.9-3.1 9.7-.2 9.7 4.7V400c0 26.5-21.5 48-48 48H48c-26.5 0-48-21.5-48-48V195.6c0-5 5.7-7.8 9.7-4.7 22.4 17.4 52.1 39.5 154.1 113.6 21.1 15.4 56.7 47.8 92.2 47.6 35.7.3 72-32.8 92.3-47.6 102-74.1 131.6-96.3 154-113.7zM256 320c23.2.4 56.6-29.2 73.4-41.4 132.7-96.3 142.8-104.7 173.4-128.7 5.8-4.5 9.2-11.5 9.2-18.9v-19c0-26.5-21.5-48-48-48H48C21.5 64 0 85.5 0 112v19c0 7.4 3.4 14.3 9.2 18.9 30.6 23.9 40.7 32.4 173.4 128.7 16.8 12.2 50.2 41.8 73.4 41.4z\"><\/path><\/svg>\t\t\t\t<\/span>\n\t\t\t<\/div>\n\t\t\t\n\t\t\t\t\t\t<div class=\"elementor-icon-box-content\">\n\n\t\t\t\t\t\t\t\t\t<h3 class=\"elementor-icon-box-title\">\n\t\t\t\t\t\t<span  >\n\t\t\t\t\t\t\tE-mail\t\t\t\t\t\t<\/span>\n\t\t\t\t\t<\/h3>\n\t\t\t\t\n\t\t\t\t\t\t\t\t\t<p class=\"elementor-icon-box-description\">\n\t\t\t\t\t\tall'e-mail indicata nella pagina\t\t\t\t\t<\/p>\n\t\t\t\t\n\t\t\t<\/div>\n\t\t\t\n\t\t<\/div>\n\t\t\t\t\t\t<\/div>\n\t\t\t\t<\/div>\n\t\t\t\t<\/div>\n\t\t<div class=\"elementor-element elementor-element-ac2088a e-con-full e-flex e-con e-child\" data-id=\"ac2088a\" data-element_type=\"container\" data-e-type=\"container\" data-settings=\"{&quot;background_background&quot;:&quot;gradient&quot;}\">\n\t\t\t\t<div class=\"elementor-element elementor-element-c2c5648 elementor-position-inline-start elementor-view-default elementor-mobile-position-block-start elementor-widget elementor-widget-icon-box\" data-id=\"c2c5648\" data-element_type=\"widget\" data-e-type=\"widget\" data-widget_type=\"icon-box.default\">\n\t\t\t\t<div class=\"elementor-widget-container\">\n\t\t\t\t\t\t\t<div class=\"elementor-icon-box-wrapper\">\n\n\t\t\t\t\t\t<div class=\"elementor-icon-box-icon\">\n\t\t\t\t<span  class=\"elementor-icon\">\n\t\t\t\t<svg aria-hidden=\"true\" class=\"e-font-icon-svg e-fab-whatsapp\" viewbox=\"0 0 448 512\" xmlns=\"http:\/\/www.w3.org\/2000\/svg\"><path d=\"M380.9 97.1C339 55.1 283.2 32 223.9 32c-122.4 0-222 99.6-222 222 0 39.1 10.2 77.3 29.6 111L0 480l117.7-30.9c32.4 17.7 68.9 27 106.1 27h.1c122.3 0 224.1-99.6 224.1-222 0-59.3-25.2-115-67.1-157zm-157 341.6c-33.2 0-65.7-8.9-94-25.7l-6.7-4-69.8 18.3L72 359.2l-4.4-7c-18.5-29.4-28.2-63.3-28.2-98.2 0-101.7 82.8-184.5 184.6-184.5 49.3 0 95.6 19.2 130.4 54.1 34.8 34.9 56.2 81.2 56.1 130.5 0 101.8-84.9 184.6-186.6 184.6zm101.2-138.2c-5.5-2.8-32.8-16.2-37.9-18-5.1-1.9-8.8-2.8-12.5 2.8-3.7 5.6-14.3 18-17.6 21.8-3.2 3.7-6.5 4.2-12 1.4-32.6-16.3-54-29.1-75.5-66-5.7-9.8 5.7-9.1 16.3-30.3 1.8-3.7.9-6.9-.5-9.7-1.4-2.8-12.5-30.1-17.1-41.2-4.5-10.8-9.1-9.3-12.5-9.5-3.2-.2-6.9-.2-10.6-.2-3.7 0-9.7 1.4-14.8 6.9-5.1 5.6-19.4 19-19.4 46.3 0 27.3 19.9 53.7 22.6 57.4 2.8 3.7 39.1 59.7 94.8 83.8 35.2 15.2 49 16.5 66.6 13.9 10.7-1.6 32.8-13.4 37.4-26.4 4.6-13 4.6-24.1 3.2-26.4-1.3-2.5-5-3.9-10.5-6.6z\"><\/path><\/svg>\t\t\t\t<\/span>\n\t\t\t<\/div>\n\t\t\t\n\t\t\t\t\t\t<div class=\"elementor-icon-box-content\">\n\n\t\t\t\t\t\t\t\t\t<h3 class=\"elementor-icon-box-title\">\n\t\t\t\t\t\t<span  >\n\t\t\t\t\t\t\tWhatsapp\t\t\t\t\t\t<\/span>\n\t\t\t\t\t<\/h3>\n\t\t\t\t\n\t\t\t\t\t\t\t\t\t<p class=\"elementor-icon-box-description\">\n\t\t\t\t\t\tfare clic sul pulsante verde in basso\t\t\t\t\t<\/p>\n\t\t\t\t\n\t\t\t<\/div>\n\t\t\t\n\t\t<\/div>\n\t\t\t\t\t\t<\/div>\n\t\t\t\t<\/div>\n\t\t\t\t<\/div>\n\t\t\t\t<\/div>\n\t\t\t\t<\/div>","protected":false},"excerpt":{"rendered":"<p>RIFLAJE La fabricadeprofile.com, oferim servicii de riflare de \u00eenalt\u0103 calitate, adaptate nevoilor dumneavoastr\u0103 specifice. Riflarea este o tehnic\u0103 esen\u021bial\u0103 pentru realizarea de finisaje decorative sau func\u021bionale pe diverse materiale, fie c\u0103 este vorba de lemn, metal sau plastic. Cu ajutorul echipamentelor noastre de ultim\u0103 genera\u021bie \u0219i a echipei de exper\u021bi, garant\u0103m precizie \u0219i durabilitate \u00een [&hellip;]<\/p>","protected":false},"author":1,"featured_media":0,"parent":0,"menu_order":0,"comment_status":"closed","ping_status":"closed","template":"","meta":{"site-sidebar-layout":"default","site-content-layout":"","ast-site-content-layout":"default","site-content-style":"default","site-sidebar-style":"default","ast-global-header-display":"","ast-banner-title-visibility":"","ast-main-header-display":"","ast-hfb-above-header-display":"","ast-hfb-below-header-display":"","ast-hfb-mobile-header-display":"","site-post-title":"","ast-breadcrumbs-content":"","ast-featured-img":"","footer-sml-layout":"","ast-disable-related-posts":"","theme-transparent-header-meta":"","adv-header-id-meta":"","stick-header-meta":"","header-above-stick-meta":"","header-main-stick-meta":"","header-below-stick-meta":"","astra-migrate-meta-layouts":"default","ast-page-background-enabled":"default","ast-page-background-meta":{"desktop":{"background-color":"var(--ast-global-color-5)","background-image":"","background-repeat":"repeat","background-position":"center center","background-size":"auto","background-attachment":"scroll","background-type":"","background-media":"","overlay-type":"","overlay-color":"","overlay-opacity":"","overlay-gradient":""},"tablet":{"background-color":"","background-image":"","background-repeat":"repeat","background-position":"center center","background-size":"auto","background-attachment":"scroll","background-type":"","background-media":"","overlay-type":"","overlay-color":"","overlay-opacity":"","overlay-gradient":""},"mobile":{"background-color":"","background-image":"","background-repeat":"repeat","background-position":"center center","background-size":"auto","background-attachment":"scroll","background-type":"","background-media":"","overlay-type":"","overlay-color":"","overlay-opacity":"","overlay-gradient":""}},"ast-content-background-meta":{"desktop":{"background-color":"var(--ast-global-color-4)","background-image":"","background-repeat":"repeat","background-position":"center center","background-size":"auto","background-attachment":"scroll","background-type":"","background-media":"","overlay-type":"","overlay-color":"","overlay-opacity":"","overlay-gradient":""},"tablet":{"background-color":"var(--ast-global-color-4)","background-image":"","background-repeat":"repeat","background-position":"center center","background-size":"auto","background-attachment":"scroll","background-type":"","background-media":"","overlay-type":"","overlay-color":"","overlay-opacity":"","overlay-gradient":""},"mobile":{"background-color":"var(--ast-global-color-4)","background-image":"","background-repeat":"repeat","background-position":"center center","background-size":"auto","background-attachment":"scroll","background-type":"","background-media":"","overlay-type":"","overlay-color":"","overlay-opacity":"","overlay-gradient":""}},"_joinchat":[],"footnotes":""},"class_list":["post-3348","page","type-page","status-publish","hentry"],"yoast_head":"<!-- This site is optimized with the Yoast SEO Premium plugin v22.9 (Yoast SEO v25.0) - https:\/\/yoast.com\/wordpress\/plugins\/seo\/ -->\n<title>RIFLAJE | fabricadeprofile.com<\/title>\n<meta name=\"robots\" content=\"index, follow, max-snippet:-1, max-image-preview:large, max-video-preview:-1\" \/>\n<link rel=\"canonical\" href=\"https:\/\/fabricadeprofile.com\/it\/nastro\/?wmc-currency=EUR\" \/>\n<meta property=\"og:locale\" content=\"it_IT\" \/>\n<meta property=\"og:type\" content=\"article\" \/>\n<meta property=\"og:title\" content=\"RIFLAJE\" \/>\n<meta property=\"og:description\" content=\"RIFLAJE La fabricadeprofile.com, oferim servicii de riflare de \u00eenalt\u0103 calitate, adaptate nevoilor dumneavoastr\u0103 specifice. Riflarea este o tehnic\u0103 esen\u021bial\u0103 pentru realizarea de finisaje decorative sau func\u021bionale pe diverse materiale, fie c\u0103 este vorba de lemn, metal sau plastic. Cu ajutorul echipamentelor noastre de ultim\u0103 genera\u021bie \u0219i a echipei de exper\u021bi, garant\u0103m precizie \u0219i durabilitate \u00een [&hellip;]\" \/>\n<meta property=\"og:url\" content=\"https:\/\/fabricadeprofile.com\/it\/nastro\/?wmc-currency=EUR\" \/>\n<meta property=\"og:site_name\" content=\"fabricadeprofile.com\" \/>\n<meta property=\"article:modified_time\" content=\"2024-07-17T13:52:23+00:00\" \/>\n<meta property=\"og:image\" content=\"https:\/\/fabricadeprofile.com\/wp-content\/uploads\/2024\/07\/fabrica-de-profile-site-icon.png\" \/>\n\t<meta property=\"og:image:width\" content=\"150\" \/>\n\t<meta property=\"og:image:height\" content=\"150\" \/>\n\t<meta property=\"og:image:type\" content=\"image\/png\" \/>\n<meta name=\"twitter:card\" content=\"summary_large_image\" \/>\n<meta name=\"twitter:label1\" content=\"Tempo di lettura stimato\" \/>\n\t<meta name=\"twitter:data1\" content=\"1 minuto\" \/>\n<script type=\"application\/ld+json\" class=\"yoast-schema-graph\">{\"@context\":\"https:\/\/schema.org\",\"@graph\":[{\"@type\":\"WebPage\",\"@id\":\"https:\/\/fabricadeprofile.com\/riflaje\/\",\"url\":\"https:\/\/fabricadeprofile.com\/riflaje\/\",\"name\":\"RIFLAJE | fabricadeprofile.com\",\"isPartOf\":{\"@id\":\"https:\/\/fabricadeprofile.com\/#website\"},\"datePublished\":\"2024-07-17T12:52:36+00:00\",\"dateModified\":\"2024-07-17T13:52:23+00:00\",\"breadcrumb\":{\"@id\":\"https:\/\/fabricadeprofile.com\/riflaje\/#breadcrumb\"},\"inLanguage\":\"it-IT\",\"potentialAction\":[{\"@type\":\"ReadAction\",\"target\":[\"https:\/\/fabricadeprofile.com\/riflaje\/\"]}]},{\"@type\":\"BreadcrumbList\",\"@id\":\"https:\/\/fabricadeprofile.com\/riflaje\/#breadcrumb\",\"itemListElement\":[{\"@type\":\"ListItem\",\"position\":1,\"name\":\"Prima pagin\u0103\",\"item\":\"https:\/\/fabricadeprofile.com\/\"},{\"@type\":\"ListItem\",\"position\":2,\"name\":\"RIFLAJE\"}]},{\"@type\":\"WebSite\",\"@id\":\"https:\/\/fabricadeprofile.com\/#website\",\"url\":\"https:\/\/fabricadeprofile.com\/\",\"name\":\"fabricadeprofile.com\",\"description\":\"Fa din cas\u0103, acas\u0103\",\"publisher\":{\"@id\":\"https:\/\/fabricadeprofile.com\/#organization\"},\"alternateName\":\"Fabricadeprofile\",\"potentialAction\":[{\"@type\":\"SearchAction\",\"target\":{\"@type\":\"EntryPoint\",\"urlTemplate\":\"https:\/\/fabricadeprofile.com\/?s={search_term_string}\"},\"query-input\":{\"@type\":\"PropertyValueSpecification\",\"valueRequired\":true,\"valueName\":\"search_term_string\"}}],\"inLanguage\":\"it-IT\"},{\"@type\":\"Organization\",\"@id\":\"https:\/\/fabricadeprofile.com\/#organization\",\"name\":\"fabricadeprofile.com\",\"url\":\"https:\/\/fabricadeprofile.com\/\",\"logo\":{\"@type\":\"ImageObject\",\"inLanguage\":\"it-IT\",\"@id\":\"https:\/\/fabricadeprofile.com\/#\/schema\/logo\/image\/\",\"url\":\"https:\/\/fabricadeprofile.com\/wp-content\/uploads\/2023\/02\/fabricadeprofile.com_.png\",\"contentUrl\":\"https:\/\/fabricadeprofile.com\/wp-content\/uploads\/2023\/02\/fabricadeprofile.com_.png\",\"width\":500,\"height\":500,\"caption\":\"fabricadeprofile.com\"},\"image\":{\"@id\":\"https:\/\/fabricadeprofile.com\/#\/schema\/logo\/image\/\"},\"publishingPrinciples\":\"https:\/\/fabricadeprofile.com\/it\/termini-e-condizioni\/\"}]}<\/script>\n<!-- \/ Yoast SEO Premium plugin. -->","yoast_head_json":{"title":"RIFLAJE | fabricadeprofile.com","robots":{"index":"index","follow":"follow","max-snippet":"max-snippet:-1","max-image-preview":"max-image-preview:large","max-video-preview":"max-video-preview:-1"},"canonical":"https:\/\/fabricadeprofile.com\/it\/nastro\/?wmc-currency=EUR","og_locale":"it_IT","og_type":"article","og_title":"RIFLAJE","og_description":"RIFLAJE La fabricadeprofile.com, oferim servicii de riflare de \u00eenalt\u0103 calitate, adaptate nevoilor dumneavoastr\u0103 specifice. Riflarea este o tehnic\u0103 esen\u021bial\u0103 pentru realizarea de finisaje decorative sau func\u021bionale pe diverse materiale, fie c\u0103 este vorba de lemn, metal sau plastic. Cu ajutorul echipamentelor noastre de ultim\u0103 genera\u021bie \u0219i a echipei de exper\u021bi, garant\u0103m precizie \u0219i durabilitate \u00een [&hellip;]","og_url":"https:\/\/fabricadeprofile.com\/it\/nastro\/?wmc-currency=EUR","og_site_name":"fabricadeprofile.com","article_modified_time":"2024-07-17T13:52:23+00:00","og_image":[{"width":150,"height":150,"url":"https:\/\/fabricadeprofile.com\/wp-content\/uploads\/2024\/07\/fabrica-de-profile-site-icon.png","type":"image\/png"}],"twitter_card":"summary_large_image","twitter_misc":{"Tempo di lettura stimato":"1 minuto"},"schema":{"@context":"https:\/\/schema.org","@graph":[{"@type":"WebPage","@id":"https:\/\/fabricadeprofile.com\/riflaje\/","url":"https:\/\/fabricadeprofile.com\/riflaje\/","name":"RIFLAJE | fabricadeprofile.com","isPartOf":{"@id":"https:\/\/fabricadeprofile.com\/#website"},"datePublished":"2024-07-17T12:52:36+00:00","dateModified":"2024-07-17T13:52:23+00:00","breadcrumb":{"@id":"https:\/\/fabricadeprofile.com\/riflaje\/#breadcrumb"},"inLanguage":"it-IT","potentialAction":[{"@type":"ReadAction","target":["https:\/\/fabricadeprofile.com\/riflaje\/"]}]},{"@type":"BreadcrumbList","@id":"https:\/\/fabricadeprofile.com\/riflaje\/#breadcrumb","itemListElement":[{"@type":"ListItem","position":1,"name":"Prima pagin\u0103","item":"https:\/\/fabricadeprofile.com\/"},{"@type":"ListItem","position":2,"name":"RIFLAJE"}]},{"@type":"WebSite","@id":"https:\/\/fabricadeprofile.com\/#website","url":"https:\/\/fabricadeprofile.com\/","name":"fabricadeprofile.com","description":"Sentirsi a casa","publisher":{"@id":"https:\/\/fabricadeprofile.com\/#organization"},"alternateName":"Fabricadeprofile","potentialAction":[{"@type":"SearchAction","target":{"@type":"EntryPoint","urlTemplate":"https:\/\/fabricadeprofile.com\/?s={search_term_string}"},"query-input":{"@type":"PropertyValueSpecification","valueRequired":true,"valueName":"search_term_string"}}],"inLanguage":"it-IT"},{"@type":"Organization","@id":"https:\/\/fabricadeprofile.com\/#organization","name":"fabricadeprofile.com","url":"https:\/\/fabricadeprofile.com\/","logo":{"@type":"ImageObject","inLanguage":"it-IT","@id":"https:\/\/fabricadeprofile.com\/#\/schema\/logo\/image\/","url":"https:\/\/fabricadeprofile.com\/wp-content\/uploads\/2023\/02\/fabricadeprofile.com_.png","contentUrl":"https:\/\/fabricadeprofile.com\/wp-content\/uploads\/2023\/02\/fabricadeprofile.com_.png","width":500,"height":500,"caption":"fabricadeprofile.com"},"image":{"@id":"https:\/\/fabricadeprofile.com\/#\/schema\/logo\/image\/"},"publishingPrinciples":"https:\/\/fabricadeprofile.com\/it\/termini-e-condizioni\/"}]}},"_links":{"self":[{"href":"https:\/\/fabricadeprofile.com\/it\/wp-json\/wp\/v2\/pages\/3348"}],"collection":[{"href":"https:\/\/fabricadeprofile.com\/it\/wp-json\/wp\/v2\/pages"}],"about":[{"href":"https:\/\/fabricadeprofile.com\/it\/wp-json\/wp\/v2\/types\/page"}],"author":[{"embeddable":true,"href":"https:\/\/fabricadeprofile.com\/it\/wp-json\/wp\/v2\/users\/1"}],"replies":[{"embeddable":true,"href":"https:\/\/fabricadeprofile.com\/it\/wp-json\/wp\/v2\/comments?post=3348"}],"version-history":[{"count":4,"href":"https:\/\/fabricadeprofile.com\/it\/wp-json\/wp\/v2\/pages\/3348\/revisions"}],"predecessor-version":[{"id":3377,"href":"https:\/\/fabricadeprofile.com\/it\/wp-json\/wp\/v2\/pages\/3348\/revisions\/3377"}],"wp:attachment":[{"href":"https:\/\/fabricadeprofile.com\/it\/wp-json\/wp\/v2\/media?parent=3348"}],"curies":[{"name":"wp","href":"https:\/\/api.w.org\/{rel}","templated":true}]}}