{"id":2385,"date":"2024-06-18T08:58:22","date_gmt":"2024-06-18T08:58:22","guid":{"rendered":"https:\/\/fabricadeprofile.com\/?post_type=product&#038;p=2385"},"modified":"2024-10-31T18:03:26","modified_gmt":"2024-10-31T18:03:26","slug":"coloane-din-polistiren-cl-102","status":"publish","type":"product","link":"https:\/\/fabricadeprofile.com\/it\/prodotto\/colonne-in-polistirene-cl-102\/","title":{"rendered":"Colonne in polistirolo CP102"},"content":{"rendered":"<p><strong>*ATTENZIONE: PU\u00d2 ESSERE REALIZZATO ANCHE CON ALTRE DIMENSIONI DA VOI SPECIFICATE*.<\/strong><\/p>\n<p>La lesena decorativa per esterni 102 - 400 \u00e8 un prodotto ideale per essere integrato nella facciata di un edificio, ad esempio come elemento decorativo sugli angoli di una parete esterna o come parte di un<br \/>\nun insieme architettonico pi\u00f9 complesso.<br \/>\nQuesto elemento aggiunge un tocco di eleganza e raffinatezza e pu\u00f2 essere intagliato o impreziosito da diversi dettagli, come motivi floreali, intagli o rilievi.<br \/>\nIl pilastro decorativo esterno 102, con una larghezza di 400 mm, \u00e8 realizzato in polistirolo espanso ad alta densit\u00e0 EPS 200, rivestito con una resina minerale resistente alle condizioni climatiche della Romania ed \u00e8 destinato a incorniciare porte, finestre o altri importanti elementi architettonici.<br \/>\nNei pilastri decorativi esterni, i capitelli sono montati sulla parte superiore e le basi sulla parte inferiore.<br \/>\nCaratteristiche e dimensioni:<br \/>\n- altezza: 2 000 mm<br \/>\n- larghezza: 400 mm<\/p>\n<p>- spessore: 30 mm<br \/>\n- materiale: polistirolo espanso bianco ricoperto da un rivestimento minerale<br \/>\n- caratteristiche: impermeabile e resistente al gelo<\/p>","protected":false},"excerpt":{"rendered":"<p><span class=\"iconite\" style=\"font-size: 24px; padding: 5px;\"><br \/>\n<span id=\"su_tooltip_69fcb9524805a_button\" class=\"su-tooltip-button su-tooltip-button-outline-yes\" aria-describedby=\"su_tooltip_69fcb9524805a\" data-settings='{\"position\":\"top\",\"behavior\":\"hover\",\"hideDelay\":0}' tabindex=\"0\"><span>\ud83c\udf26\ufe0f<\/span><\/span><span style=\"display:none;z-index:100\" id=\"su_tooltip_69fcb9524805a\" class=\"su-tooltip\" role=\"tooltip\"><span class=\"su-tooltip-inner su-tooltip-shadow-no\" style=\"z-index:100;background:#222222;color:#FFFFFF;font-size:16px;border-radius:5px;text-align:left;max-width:300px;line-height:1.25\"><span class=\"su-tooltip-title\"><\/span><span class=\"su-tooltip-content su-u-trim\">Resistente agli urti e agli agenti atmosferici<\/span><\/span><span id=\"su_tooltip_69fcb9524805a_arrow\" class=\"su-tooltip-arrow\" style=\"z-index:100;background:#222222\" data-popper-arrow><\/span><\/span><br \/>\n<span id=\"su_tooltip_69fcb952480db_button\" class=\"su-tooltip-button su-tooltip-button-outline-yes\" aria-describedby=\"su_tooltip_69fcb952480db\" data-settings='{\"position\":\"top\",\"behavior\":\"hover\",\"hideDelay\":0}' tabindex=\"0\"><span>\ud83d\udee0\ufe0f<\/span><\/span><span style=\"display:none;z-index:100\" id=\"su_tooltip_69fcb952480db\" class=\"su-tooltip\" role=\"tooltip\"><span class=\"su-tooltip-inner su-tooltip-shadow-no\" style=\"z-index:100;background:#222222;color:#FFFFFF;font-size:16px;border-radius:5px;text-align:left;max-width:300px;line-height:1.25\"><span class=\"su-tooltip-title\"><\/span><span class=\"su-tooltip-content su-u-trim\">Durata 20 anni<\/span><\/span><span id=\"su_tooltip_69fcb952480db_arrow\" class=\"su-tooltip-arrow\" style=\"z-index:100;background:#222222\" data-popper-arrow><\/span><\/span><br \/>\n<span id=\"su_tooltip_69fcb95248130_button\" class=\"su-tooltip-button su-tooltip-button-outline-yes\" aria-describedby=\"su_tooltip_69fcb95248130\" data-settings='{\"position\":\"top\",\"behavior\":\"hover\",\"hideDelay\":0}' tabindex=\"0\"><span>\u267b\ufe0f<\/span><\/span><span style=\"display:none;z-index:100\" id=\"su_tooltip_69fcb95248130\" class=\"su-tooltip\" role=\"tooltip\"><span class=\"su-tooltip-inner su-tooltip-shadow-no\" style=\"z-index:100;background:#222222;color:#FFFFFF;font-size:16px;border-radius:5px;text-align:left;max-width:300px;line-height:1.25\"><span class=\"su-tooltip-title\"><\/span><span class=\"su-tooltip-content su-u-trim\">Riciclabile<\/span><\/span><span id=\"su_tooltip_69fcb95248130_arrow\" class=\"su-tooltip-arrow\" style=\"z-index:100;background:#222222\" data-popper-arrow><\/span><\/span><br \/>\n<span id=\"su_tooltip_69fcb95248185_button\" class=\"su-tooltip-button su-tooltip-button-outline-yes\" aria-describedby=\"su_tooltip_69fcb95248185\" data-settings='{\"position\":\"top\",\"behavior\":\"hover\",\"hideDelay\":0}' tabindex=\"0\"><span>\ud83c\udfe0 &amp; \ud83c\udfe2<\/span><\/span><span style=\"display:none;z-index:100\" id=\"su_tooltip_69fcb95248185\" class=\"su-tooltip\" role=\"tooltip\"><span class=\"su-tooltip-inner su-tooltip-shadow-no\" style=\"z-index:100;background:#222222;color:#FFFFFF;font-size:16px;border-radius:5px;text-align:left;max-width:300px;line-height:1.25\"><span class=\"su-tooltip-title\"><\/span><span class=\"su-tooltip-content su-u-trim\">Per interni\/esterni<\/span><\/span><span id=\"su_tooltip_69fcb95248185_arrow\" class=\"su-tooltip-arrow\" style=\"z-index:100;background:#222222\" data-popper-arrow><\/span><\/span><br \/>\n<span id=\"su_tooltip_69fcb952481db_button\" class=\"su-tooltip-button su-tooltip-button-outline-yes\" aria-describedby=\"su_tooltip_69fcb952481db\" data-settings='{\"position\":\"top\",\"behavior\":\"hover\",\"hideDelay\":0}' tabindex=\"0\"><span>\ud83c\udf3f<\/span><\/span><span style=\"display:none;z-index:100\" id=\"su_tooltip_69fcb952481db\" class=\"su-tooltip\" role=\"tooltip\"><span class=\"su-tooltip-inner su-tooltip-shadow-no\" style=\"z-index:100;background:#222222;color:#FFFFFF;font-size:16px;border-radius:5px;text-align:left;max-width:300px;line-height:1.25\"><span class=\"su-tooltip-title\"><\/span><span class=\"su-tooltip-content su-u-trim\">Materiale naturale<\/span><\/span><span id=\"su_tooltip_69fcb952481db_arrow\" class=\"su-tooltip-arrow\" style=\"z-index:100;background:#222222\" data-popper-arrow><\/span><\/span><br \/>\n<span id=\"su_tooltip_69fcb9524822c_button\" class=\"su-tooltip-button su-tooltip-button-outline-yes\" aria-describedby=\"su_tooltip_69fcb9524822c\" data-settings='{\"position\":\"top\",\"behavior\":\"hover\",\"hideDelay\":0}' tabindex=\"0\"><span>\ud83c\udfa8<\/span><\/span><span style=\"display:none;z-index:100\" id=\"su_tooltip_69fcb9524822c\" class=\"su-tooltip\" role=\"tooltip\"><span class=\"su-tooltip-inner su-tooltip-shadow-no\" style=\"z-index:100;background:#222222;color:#FFFFFF;font-size:16px;border-radius:5px;text-align:left;max-width:300px;line-height:1.25\"><span class=\"su-tooltip-title\"><\/span><span class=\"su-tooltip-content su-u-trim\">Verniciabile<\/span><\/span><span id=\"su_tooltip_69fcb9524822c_arrow\" class=\"su-tooltip-arrow\" style=\"z-index:100;background:#222222\" data-popper-arrow><\/span><\/span><br \/>\n<\/span><\/p>","protected":false},"featured_media":3278,"comment_status":"open","ping_status":"closed","template":"","meta":{"site-sidebar-layout":"default","site-content-layout":"","ast-site-content-layout":"default","site-content-style":"default","site-sidebar-style":"default","ast-global-header-display":"","ast-banner-title-visibility":"","ast-main-header-display":"","ast-hfb-above-header-display":"","ast-hfb-below-header-display":"","ast-hfb-mobile-header-display":"","site-post-title":"","ast-breadcrumbs-content":"","ast-featured-img":"","footer-sml-layout":"","ast-disable-related-posts":"","theme-transparent-header-meta":"","adv-header-id-meta":"","stick-header-meta":"","header-above-stick-meta":"","header-main-stick-meta":"","header-below-stick-meta":"","astra-migrate-meta-layouts":"default","ast-page-background-enabled":"default","ast-page-background-meta":{"desktop":{"background-color":"var(--ast-global-color-5)","background-image":"","background-repeat":"repeat","background-position":"center center","background-size":"auto","background-attachment":"scroll","background-type":"","background-media":"","overlay-type":"","overlay-color":"","overlay-opacity":"","overlay-gradient":""},"tablet":{"background-color":"","background-image":"","background-repeat":"repeat","background-position":"center center","background-size":"auto","background-attachment":"scroll","background-type":"","background-media":"","overlay-type":"","overlay-color":"","overlay-opacity":"","overlay-gradient":""},"mobile":{"background-color":"","background-image":"","background-repeat":"repeat","background-position":"center center","background-size":"auto","background-attachment":"scroll","background-type":"","background-media":"","overlay-type":"","overlay-color":"","overlay-opacity":"","overlay-gradient":""}},"ast-content-background-meta":{"desktop":{"background-color":"var(--ast-global-color-4)","background-image":"","background-repeat":"repeat","background-position":"center center","background-size":"auto","background-attachment":"scroll","background-type":"","background-media":"","overlay-type":"","overlay-color":"","overlay-opacity":"","overlay-gradient":""},"tablet":{"background-color":"var(--ast-global-color-4)","background-image":"","background-repeat":"repeat","background-position":"center center","background-size":"auto","background-attachment":"scroll","background-type":"","background-media":"","overlay-type":"","overlay-color":"","overlay-opacity":"","overlay-gradient":""},"mobile":{"background-color":"var(--ast-global-color-4)","background-image":"","background-repeat":"repeat","background-position":"center center","background-size":"auto","background-attachment":"scroll","background-type":"","background-media":"","overlay-type":"","overlay-color":"","overlay-opacity":"","overlay-gradient":""}},"_joinchat":[]},"product_brand":[],"product_cat":[37],"product_tag":[],"class_list":{"0":"post-2385","1":"product","2":"type-product","3":"status-publish","4":"has-post-thumbnail","6":"product_cat-coloane-polistiren","7":"desktop-align-left","8":"tablet-align-left","9":"mobile-align-left","11":"first","12":"instock","13":"sale","14":"taxable","15":"shipping-taxable","16":"purchasable","17":"product-type-simple"},"yoast_head":"<!-- This site is optimized with the Yoast SEO Premium plugin v22.9 (Yoast SEO v25.0) - https:\/\/yoast.com\/wordpress\/plugins\/seo\/ -->\n<title>Coloane din polistiren CP102 | fabricadeprofile.com<\/title>\n<meta name=\"description\" content=\"Pilastru exterior decorativ este fabricat din polistiren expandat de inalta densitate, acoperit cu o rasina minerala rezistenta la conditile climaterice din Romania.\" \/>\n<meta name=\"robots\" content=\"index, follow, max-snippet:-1, max-image-preview:large, max-video-preview:-1\" \/>\n<link rel=\"canonical\" href=\"https:\/\/fabricadeprofile.com\/it\/prodotto\/colonne-in-polistirene-cl-102\/?wmc-currency=EUR\" \/>\n<meta property=\"og:locale\" content=\"it_IT\" \/>\n<meta property=\"og:type\" content=\"article\" \/>\n<meta property=\"og:title\" content=\"Coloane din polistiren CP102\" \/>\n<meta property=\"og:description\" content=\"Pilastru exterior decorativ este fabricat din polistiren expandat de inalta densitate, acoperit cu o rasina minerala rezistenta la conditile climaterice din Romania.\" \/>\n<meta property=\"og:url\" content=\"https:\/\/fabricadeprofile.com\/it\/prodotto\/colonne-in-polistirene-cl-102\/?wmc-currency=EUR\" \/>\n<meta property=\"og:site_name\" content=\"fabricadeprofile.com\" \/>\n<meta property=\"article:modified_time\" content=\"2024-10-31T18:03:26+00:00\" \/>\n<meta property=\"og:image\" content=\"https:\/\/fabricadeprofile.com\/wp-content\/uploads\/2024\/06\/cl5.jpg\" \/>\n\t<meta property=\"og:image:width\" content=\"600\" \/>\n\t<meta property=\"og:image:height\" content=\"900\" \/>\n\t<meta property=\"og:image:type\" content=\"image\/jpeg\" \/>\n<meta name=\"twitter:card\" content=\"summary_large_image\" \/>\n<meta name=\"twitter:label1\" content=\"Prezzo\" \/>\n\t<meta name=\"twitter:data1\" content=\"65,00&nbsp;lei\" \/>\n\t<meta name=\"twitter:label2\" content=\"Disponibilit\u00e0\" \/>\n\t<meta name=\"twitter:data2\" content=\"In stock\" \/>\n<script type=\"application\/ld+json\" class=\"yoast-schema-graph\">{\"@context\":\"https:\/\/schema.org\",\"@graph\":[{\"@type\":\"WebPage\",\"@id\":\"https:\/\/fabricadeprofile.com\/ro\/produs\/coloane-din-polistiren-cl-102\/\",\"url\":\"https:\/\/fabricadeprofile.com\/ro\/produs\/coloane-din-polistiren-cl-102\/\",\"name\":\"Coloane din polistiren CP102 | fabricadeprofile.com\",\"isPartOf\":{\"@id\":\"https:\/\/fabricadeprofile.com\/#website\"},\"primaryImageOfPage\":{\"@id\":\"https:\/\/fabricadeprofile.com\/ro\/produs\/coloane-din-polistiren-cl-102\/#primaryimage\"},\"image\":{\"@id\":\"https:\/\/fabricadeprofile.com\/ro\/produs\/coloane-din-polistiren-cl-102\/#primaryimage\"},\"thumbnailUrl\":\"https:\/\/fabricadeprofile.com\/wp-content\/uploads\/2024\/06\/cl5.jpg\",\"datePublished\":\"2024-06-18T08:58:22+00:00\",\"dateModified\":\"2024-10-31T18:03:26+00:00\",\"description\":\"Pilastru exterior decorativ este fabricat din polistiren expandat de inalta densitate, acoperit cu o rasina minerala rezistenta la conditile climaterice din Romania.\",\"breadcrumb\":{\"@id\":\"https:\/\/fabricadeprofile.com\/ro\/produs\/coloane-din-polistiren-cl-102\/#breadcrumb\"},\"inLanguage\":\"it-IT\",\"potentialAction\":[{\"@type\":\"ReadAction\",\"target\":[\"https:\/\/fabricadeprofile.com\/ro\/produs\/coloane-din-polistiren-cl-102\/\"]}]},{\"@type\":\"ImageObject\",\"inLanguage\":\"it-IT\",\"@id\":\"https:\/\/fabricadeprofile.com\/ro\/produs\/coloane-din-polistiren-cl-102\/#primaryimage\",\"url\":\"https:\/\/fabricadeprofile.com\/wp-content\/uploads\/2024\/06\/cl5.jpg\",\"contentUrl\":\"https:\/\/fabricadeprofile.com\/wp-content\/uploads\/2024\/06\/cl5.jpg\",\"width\":600,\"height\":900},{\"@type\":\"BreadcrumbList\",\"@id\":\"https:\/\/fabricadeprofile.com\/ro\/produs\/coloane-din-polistiren-cl-102\/#breadcrumb\",\"itemListElement\":[{\"@type\":\"ListItem\",\"position\":1,\"name\":\"Prima pagin\u0103\",\"item\":\"https:\/\/fabricadeprofile.com\/\"},{\"@type\":\"ListItem\",\"position\":2,\"name\":\"Shop\",\"item\":\"https:\/\/fabricadeprofile.com\/it\/magazin\/\"},{\"@type\":\"ListItem\",\"position\":3,\"name\":\"Coloane din polistiren CP102\"}]},{\"@type\":\"WebSite\",\"@id\":\"https:\/\/fabricadeprofile.com\/#website\",\"url\":\"https:\/\/fabricadeprofile.com\/\",\"name\":\"fabricadeprofile.com\",\"description\":\"Fa din cas\u0103, acas\u0103\",\"publisher\":{\"@id\":\"https:\/\/fabricadeprofile.com\/#organization\"},\"alternateName\":\"Fabricadeprofile\",\"potentialAction\":[{\"@type\":\"SearchAction\",\"target\":{\"@type\":\"EntryPoint\",\"urlTemplate\":\"https:\/\/fabricadeprofile.com\/?s={search_term_string}\"},\"query-input\":{\"@type\":\"PropertyValueSpecification\",\"valueRequired\":true,\"valueName\":\"search_term_string\"}}],\"inLanguage\":\"it-IT\"},{\"@type\":\"Organization\",\"@id\":\"https:\/\/fabricadeprofile.com\/#organization\",\"name\":\"fabricadeprofile.com\",\"url\":\"https:\/\/fabricadeprofile.com\/\",\"logo\":{\"@type\":\"ImageObject\",\"inLanguage\":\"it-IT\",\"@id\":\"https:\/\/fabricadeprofile.com\/#\/schema\/logo\/image\/\",\"url\":\"https:\/\/fabricadeprofile.com\/wp-content\/uploads\/2023\/02\/fabricadeprofile.com_.png\",\"contentUrl\":\"https:\/\/fabricadeprofile.com\/wp-content\/uploads\/2023\/02\/fabricadeprofile.com_.png\",\"width\":500,\"height\":500,\"caption\":\"fabricadeprofile.com\"},\"image\":{\"@id\":\"https:\/\/fabricadeprofile.com\/#\/schema\/logo\/image\/\"},\"publishingPrinciples\":\"https:\/\/fabricadeprofile.com\/it\/termini-e-condizioni\/\"}]}<\/script>\n<meta property=\"product:price:amount\" content=\"65.00\" \/>\n<meta property=\"product:price:currency\" content=\"RON\" \/>\n<meta property=\"og:availability\" content=\"instock\" \/>\n<meta property=\"product:availability\" content=\"instock\" \/>\n<meta property=\"product:condition\" content=\"new\" \/>\n<!-- \/ Yoast SEO Premium plugin. -->","yoast_head_json":{"title":"Colonne in polistirolo CP102 | fabricadeprofile.com","description":"Il pilastro decorativo esterno \u00e8 realizzato in polistirolo espanso ad alta densit\u00e0, rivestito con una resina minerale resistente alle condizioni climatiche della Romania.","robots":{"index":"index","follow":"follow","max-snippet":"max-snippet:-1","max-image-preview":"max-image-preview:large","max-video-preview":"max-video-preview:-1"},"canonical":"https:\/\/fabricadeprofile.com\/it\/prodotto\/colonne-in-polistirene-cl-102\/?wmc-currency=EUR","og_locale":"it_IT","og_type":"article","og_title":"Coloane din polistiren CP102","og_description":"Pilastru exterior decorativ este fabricat din polistiren expandat de inalta densitate, acoperit cu o rasina minerala rezistenta la conditile climaterice din Romania.","og_url":"https:\/\/fabricadeprofile.com\/it\/prodotto\/colonne-in-polistirene-cl-102\/?wmc-currency=EUR","og_site_name":"fabricadeprofile.com","article_modified_time":"2024-10-31T18:03:26+00:00","og_image":[{"width":600,"height":900,"url":"https:\/\/fabricadeprofile.com\/wp-content\/uploads\/2024\/06\/cl5.jpg","type":"image\/jpeg"}],"twitter_card":"summary_large_image","twitter_misc":{"Prezzo":"65,00&nbsp;lei","Disponibilit\u00e0":"In stock"},"schema":{"@context":"https:\/\/schema.org","@graph":[{"@type":"WebPage","@id":"https:\/\/fabricadeprofile.com\/ro\/produs\/coloane-din-polistiren-cl-102\/","url":"https:\/\/fabricadeprofile.com\/ro\/produs\/coloane-din-polistiren-cl-102\/","name":"Colonne in polistirolo CP102 | fabricadeprofile.com","isPartOf":{"@id":"https:\/\/fabricadeprofile.com\/#website"},"primaryImageOfPage":{"@id":"https:\/\/fabricadeprofile.com\/ro\/produs\/coloane-din-polistiren-cl-102\/#primaryimage"},"image":{"@id":"https:\/\/fabricadeprofile.com\/ro\/produs\/coloane-din-polistiren-cl-102\/#primaryimage"},"thumbnailUrl":"https:\/\/fabricadeprofile.com\/wp-content\/uploads\/2024\/06\/cl5.jpg","datePublished":"2024-06-18T08:58:22+00:00","dateModified":"2024-10-31T18:03:26+00:00","description":"Il pilastro decorativo esterno \u00e8 realizzato in polistirolo espanso ad alta densit\u00e0, rivestito con una resina minerale resistente alle condizioni climatiche della Romania.","breadcrumb":{"@id":"https:\/\/fabricadeprofile.com\/ro\/produs\/coloane-din-polistiren-cl-102\/#breadcrumb"},"inLanguage":"it-IT","potentialAction":[{"@type":"ReadAction","target":["https:\/\/fabricadeprofile.com\/ro\/produs\/coloane-din-polistiren-cl-102\/"]}]},{"@type":"ImageObject","inLanguage":"it-IT","@id":"https:\/\/fabricadeprofile.com\/ro\/produs\/coloane-din-polistiren-cl-102\/#primaryimage","url":"https:\/\/fabricadeprofile.com\/wp-content\/uploads\/2024\/06\/cl5.jpg","contentUrl":"https:\/\/fabricadeprofile.com\/wp-content\/uploads\/2024\/06\/cl5.jpg","width":600,"height":900},{"@type":"BreadcrumbList","@id":"https:\/\/fabricadeprofile.com\/ro\/produs\/coloane-din-polistiren-cl-102\/#breadcrumb","itemListElement":[{"@type":"ListItem","position":1,"name":"Prima pagin\u0103","item":"https:\/\/fabricadeprofile.com\/"},{"@type":"ListItem","position":2,"name":"Shop","item":"https:\/\/fabricadeprofile.com\/it\/magazin\/"},{"@type":"ListItem","position":3,"name":"Coloane din polistiren CP102"}]},{"@type":"WebSite","@id":"https:\/\/fabricadeprofile.com\/#website","url":"https:\/\/fabricadeprofile.com\/","name":"fabricadeprofile.com","description":"Sentirsi a casa","publisher":{"@id":"https:\/\/fabricadeprofile.com\/#organization"},"alternateName":"Fabricadeprofile","potentialAction":[{"@type":"SearchAction","target":{"@type":"EntryPoint","urlTemplate":"https:\/\/fabricadeprofile.com\/?s={search_term_string}"},"query-input":{"@type":"PropertyValueSpecification","valueRequired":true,"valueName":"search_term_string"}}],"inLanguage":"it-IT"},{"@type":"Organization","@id":"https:\/\/fabricadeprofile.com\/#organization","name":"fabricadeprofile.com","url":"https:\/\/fabricadeprofile.com\/","logo":{"@type":"ImageObject","inLanguage":"it-IT","@id":"https:\/\/fabricadeprofile.com\/#\/schema\/logo\/image\/","url":"https:\/\/fabricadeprofile.com\/wp-content\/uploads\/2023\/02\/fabricadeprofile.com_.png","contentUrl":"https:\/\/fabricadeprofile.com\/wp-content\/uploads\/2023\/02\/fabricadeprofile.com_.png","width":500,"height":500,"caption":"fabricadeprofile.com"},"image":{"@id":"https:\/\/fabricadeprofile.com\/#\/schema\/logo\/image\/"},"publishingPrinciples":"https:\/\/fabricadeprofile.com\/it\/termini-e-condizioni\/"}]},"product_price_amount":"65.00","product_price_currency":"RON","og_availability":"instock","product_availability":"instock","product_condition":"new"},"_links":{"self":[{"href":"https:\/\/fabricadeprofile.com\/it\/wp-json\/wp\/v2\/product\/2385"}],"collection":[{"href":"https:\/\/fabricadeprofile.com\/it\/wp-json\/wp\/v2\/product"}],"about":[{"href":"https:\/\/fabricadeprofile.com\/it\/wp-json\/wp\/v2\/types\/product"}],"replies":[{"embeddable":true,"href":"https:\/\/fabricadeprofile.com\/it\/wp-json\/wp\/v2\/comments?post=2385"}],"wp:featuredmedia":[{"embeddable":true,"href":"https:\/\/fabricadeprofile.com\/it\/wp-json\/wp\/v2\/media\/3278"}],"wp:attachment":[{"href":"https:\/\/fabricadeprofile.com\/it\/wp-json\/wp\/v2\/media?parent=2385"}],"wp:term":[{"taxonomy":"product_brand","embeddable":true,"href":"https:\/\/fabricadeprofile.com\/it\/wp-json\/wp\/v2\/product_brand?post=2385"},{"taxonomy":"product_cat","embeddable":true,"href":"https:\/\/fabricadeprofile.com\/it\/wp-json\/wp\/v2\/product_cat?post=2385"},{"taxonomy":"product_tag","embeddable":true,"href":"https:\/\/fabricadeprofile.com\/it\/wp-json\/wp\/v2\/product_tag?post=2385"}],"curies":[{"name":"wp","href":"https:\/\/api.w.org\/{rel}","templated":true}]}}