{"id":2068,"date":"2024-06-07T20:49:52","date_gmt":"2024-06-07T20:49:52","guid":{"rendered":"https:\/\/fabricadeprofile.com\/?page_id=2068"},"modified":"2024-11-10T18:12:39","modified_gmt":"2024-11-10T18:12:39","slug":"termeni-si-conditii","status":"publish","type":"page","link":"https:\/\/fabricadeprofile.com\/ro\/termeni-si-conditii\/","title":{"rendered":"Termeni si condi\u021bii"},"content":{"rendered":"<p>Termenii \u0219i condi\u021biile de mai jos se refer\u0103 la comenzile valabile care se vor face folosind interfa\u021ba site-ului.<\/p><p>O comand\u0103 valabila este o comand\u0103 f\u0103cut\u0103 de cump\u0103r\u0103tor prin completarea formularului de comanda de pe site \u0219i confirmat\u0103 de v\u00e2nz\u0103tor.<\/p><p>Pentru a avea toate informa\u021biile legate de condi\u021biile comand\u0103rii \u0219i livr\u0103rii unui produs de pe\u00a0FABRICADEPROFILE.COM\u00a0, v\u0103 rug\u0103m s\u0103 citi\u021bi cu aten\u021bie cele de mai jos.<\/p><p>\u00cen cazul \u00een care ave\u021bi \u00eentreb\u0103ri sau nel\u0103murir, v\u0103 rug\u0103m s\u0103 ne contacta\u021bi la numarul de telefon:&nbsp;<strong>0755 111 213<\/strong>&nbsp;.<\/p><p>Termenii \u0219i condi\u021biile din prezentul document sunt aplicabile unei comenzi valabile efectuate pe site \u0219i reprezint\u0103 condi\u021biile contractuale de baza \u00een rela\u021bia dintre v\u00e2nz\u0103tor \u0219i cumparator. Totodat\u0103 ace\u0219ti termini \u0219i condi\u021bii guverneaz\u0103 r\u0103spunderea societ\u0103\u021bii care de\u021bine siteul&nbsp;<strong>soldecor.ro&nbsp;<\/strong>denumit\u0103 v\u00e2nz\u0103tor, legate de func\u021bionarea acestui site.<\/p><p>Ace\u0219ti termini \u0219i condi\u021bii sunt valabili \u0219i orice alte cauze devin nule, cu excep\u021bia cazului in care modificarea lor a fost anun\u021bat\u0103 \u00een prealabil sau \u00een cazul \u00een care acesta s-a f\u0103cut \u00een scris.<\/p><p>Administratorul magazinului online&nbsp;<strong>soldecor.ro&nbsp;<\/strong>are dreptul la modificare termenilor \u0219i condi\u021biilor astfel \u00eenc\u00e2t v\u0103 recomand\u0103m, c\u0103 \u00eenainte de fiecare cump\u0103rare s\u0103 citi\u021bi&nbsp;<strong>Termenii \u0219i Condii\u021biile<\/strong>&nbsp;afi\u0219ate pe site.<\/p><p>Aceste modific\u0103ri sunt valabile de la data apari\u021biei lor pe site \u0219i nu pot fi aplicate comnezilor f\u0103cute anterior. Pentru fiecare comand\u0103 efectuat\u0103 pe site, sunt valabili termenii \u0219i condi\u021biile \u00een vigoare la data efectu\u0103rii comenzii.<\/p><p>\u00cen cazul unei comenzi valabile, dvs.accepta\u021bii f\u0103r\u0103 excep\u021bie to\u021bi termenii \u0219i condi\u021biile citite aici. \u00cen cazul utiliz\u0103rii siteului, dumneavoastr\u0103 accepta\u021bi c\u0103 ve-\u021bi respecta termenii \u0219i condi\u021biile enumerate aici. Prin completare formularului de comand\u0103 \u0219i trimiterea comenzii de pe siteul soldecor.ro , cump\u0103r\u0103torul comand\u0103 produsele selectate \u00een co\u0219 ( co\u0219ul virtual de cum\u0103p\u0103r\u0103turi afi\u0219at pe site) \u0219i r\u0103spunde pentru corectitudinea datelor furnizate de el.<\/p><p>Adresa de e-mail sau num\u0103rul de telefon indicate gre\u0219it atrag dup\u0103 sine neonorarea comenzii \u0219i nevalidarea ei, dat fiind faptul c\u0103 v\u00e2nz\u0103torul nu poate contacta cump\u0103r\u0103torul pentru confirmarea comenzii.<\/p><h3 class=\"wp-block-heading\" id=\"h-cum-comandam\"><strong>Cum comand\u0103m ?<\/strong><\/h3><p>*Orice produs de pe site poate fi comandat cu butonul \u2018\u2019 Adauga in cos \u2018\u2019 de pe fisa produsului ales.<\/p><p>*Prin ap\u0103sarea butonului \u2018\u2019 Adaug\u0103 \u00een co\u0219 \u2018\u2019 produsul \u00een cauz\u0103 ajunge \u00een co\u0219ul virtual de cump\u0103r\u0103turi.<\/p><p>*Produsele din co\u0219ul virtual de cump\u0103r\u0103turi pot fi vizualizate oric\u00e2nd, dac\u0103 face\u021bi click pe iconul co\u0219ului situate \u00een dreapta sus a paginii de web. Aici ave\u021bi posibilitatea s\u0103 \u0219terge\u021bi eventualele produse nedorite \u0219i tot aici pute\u021bi alege cantitatea de produse \u00een cazul in care doriti s\u0103 cumpara\u021bi mai multe buc\u0103\u021bi din acela\u0219 produs.<\/p><p>*Dup\u0103 setarea cantit\u0103\u021bii, pre\u021burile \u0219i valoarea total\u0103 se modific\u0103 automat.<\/p><p>*Dac\u0103 a\u021bi finalizat selec\u021bia produselor dorite \u0219i toate produsele au intrat \u00een co\u0219, prin ap\u0103sarea butonului \u2018\u2019 Comanda online \u2018\u2019 ajunge\u021bi la formularul de comand\u0103 unde ave\u021bi posibilitatea s\u0103 vizualiza\u021bi \u0219i s\u0103 finaliza\u021bi comanda.<\/p><p>*\u00cen baza acestei comenzi, un reprezentant al firmei noastre v\u0103 va contacta telefonic pentru confirmarea comenzii \u00een timpul orelor de program: de luni p\u00e2n\u0103 vineri \u00een intervalul orar 08:00 \u2013 16:00.<\/p><p>*Pentru scurtarea timpului de confirmare a comenzii, v\u0103 rug\u0103m ca dupa finalizarea acesteia sa utilizati formularul de contact de pe site pentru a ne anunta ca ati trimis o comanda catre noi. Aceasta o pute\u021bi face dac\u0103 alege\u021bi din formularul de contact la subiect optiunea \u2019\u2019Serviciu clineti\u2018\u2019.<\/p><p>*Cump\u0103r\u0103torul ia la cuno\u0219tin\u021b\u0103 c\u0103 , dup\u0103 efectuarea comenzii pe site \u0219i confirmarea telefonic\u0103 sau e-mail trimis\u0103 de la adresa&nbsp;<a href=\"mailto:office@soldecor.ro\">office@soldecor.ro<\/a>&nbsp;de c\u0103tre un angajat al v\u00e2nz\u0103torului, intervine un contract de v\u00e2nzare-cump\u0103rare , respective de livrare \u00eencheiat verbal pentru produsul comandat.<\/p><h3 class=\"wp-block-heading\" id=\"h-pre\u021bul-produselor\"><strong>Pre\u021bul produselor<\/strong><\/h3><p>Toate pre\u021burile afi\u0219ate pe site sunt \u00een lei.<\/p><p>Pre\u021burile produselor prezentate pe site-ul www.fabricadeprofile.com  pot fi modificate f\u0103r\u0103 o comunicare prealabil\u0103, f\u0103r\u0103 a afecta pre\u021burile comenzilor deja confirmate.<\/p><h3 class=\"wp-block-heading\" id=\"h-modalita\u021bi-de-plata\"><strong>Modalit\u0103\u021bi de plat\u0103<\/strong><\/h3><p>Plata produselor comandate prin intermendiul site-ului soldecor.ro se poate face \u00een 2 variante:<\/p><p>Cu ordin de plat\u0103 \u00een contul nostru :&nbsp; cont \u00een lei la BT Suceava RO05BTRLRONCRT0491355201<\/p><p>DUE M PROFILE SRL Str. Humorului 76D Moara nica<\/p><p><em><strong>SAU<\/strong><\/em><\/p><p>Ramburs la curierul care face livrarea comenzii la adresa de livrarea specificat\u0103 de dumneavoastr\u0103 \u00een formularul de comand\u0103.<\/p><p>Plata se face \u00een LEI<\/p><p>FIIND PRODUSE EXECUTATE LA COMANDA&nbsp; SE VA PERCEPE UN AVANS DE ZECE PROCENTE DIN VALOAREA TOTALA COMANDATA PE CARE SE VA EMITE FACTURA.<\/p><p>Termenul de livrare al comenzii se calculeaza din ziua incasarii avansului!&nbsp;<\/p><p>. Valoarea produselor este cea din momentul confirm\u0103rii scrise ( pe email) sau telefonic\u0103 a comenzii.<\/p><p>Livrarea<\/p><p>Livrarea produselor comandate se poate face personal de c\u0103tre v\u00e2nz\u0103torii \u00een limita a 100 km contra cost sau prin curier .<\/p><h3 class=\"wp-block-heading\" id=\"h-termene-de-livrare\">Termene de livrare<\/h3><p>Termenul de livrare pentru produsele comandate este de maxim 14 zile lucr\u0103toare de la data confim\u0103rii comenzii la sediul firmei sau a incasarii avansului!&nbsp;<\/p><p>Condi\u021bii de returnare.<\/p><p>\u00cen conformitate cu normele europene renun\u021barea la cumparare nu este aplicabila produselor facute pe comanda.<\/p><p>Mai multe detalii privind condi\u021biile de retur , g\u0103si\u021bi la urm\u0103toare adres\u0103:<\/p><p>&nbsp;\u00cen cazul \u00een care produsul\/produsele livrate nu corespund specifica\u021biilor de pe site se poate\/pot returna f\u0103r\u0103 nici un cost suplimentar din partea cumparatorului, dupa ce \u00een prealabil a fost trimis o notificare \u00een care scris din pareta acestuia \u00een care se va specifica lipsa de conformitatea a produsului \u00een maxim 48 de ore de la livrare. Clientul poate solicita \u00eenlocuirea produsului sau returnarea contravalorii acestuia.<\/p><h3 class=\"wp-block-heading\" id=\"h-obliga\u021bii\">Obliga\u021bii<\/h3><p>Pentru a oferi informa\u021bii actualizate site-ul soldecor.ro va fi modificat periodic.<\/p><p>Modificarile se vor face asupra continutului site-ului \u0219i aici ne referim la infoma\u021bii despre produse, descrieri, fotografii, preturi, etc.<\/p><p>Pre\u021burile de pe site se pot modifica \u00een cazul \u00een care vanzatorul considera ca este necesar.<\/p><p>Proprietarul domeniului soldecor.ro nu este raspunzator pentru posibilele prejudicii generate de conexiunea la internet, pentru utilizare, copierea sau afisarea continutului site-ului, declinandu-si de asemenea raspundrea pentru orice dezavantaj care pot surveni din cauza unor erori de software sau alte defectiuni tehnice ap\u0103rute la server.<\/p>","protected":false},"excerpt":{"rendered":"<p>Termenii \u0219i condi\u021biile de mai jos se refer\u0103 la comenzile valabile care se vor face folosind interfa\u021ba site-ului. O comand\u0103 valabila este o comand\u0103 f\u0103cut\u0103 de cump\u0103r\u0103tor prin completarea formularului de comanda de pe site \u0219i confirmat\u0103 de v\u00e2nz\u0103tor. Pentru a avea toate informa\u021biile legate de condi\u021biile comand\u0103rii \u0219i livr\u0103rii unui produs de pe\u00a0FABRICADEPROFILE.COM\u00a0, v\u0103 [&hellip;]<\/p>\n","protected":false},"author":1,"featured_media":0,"parent":0,"menu_order":0,"comment_status":"closed","ping_status":"closed","template":"","meta":{"site-sidebar-layout":"default","site-content-layout":"","ast-site-content-layout":"default","site-content-style":"default","site-sidebar-style":"default","ast-global-header-display":"","ast-banner-title-visibility":"","ast-main-header-display":"","ast-hfb-above-header-display":"","ast-hfb-below-header-display":"","ast-hfb-mobile-header-display":"","site-post-title":"","ast-breadcrumbs-content":"","ast-featured-img":"","footer-sml-layout":"","ast-disable-related-posts":"","theme-transparent-header-meta":"","adv-header-id-meta":"","stick-header-meta":"","header-above-stick-meta":"","header-main-stick-meta":"","header-below-stick-meta":"","astra-migrate-meta-layouts":"default","ast-page-background-enabled":"default","ast-page-background-meta":{"desktop":{"background-color":"var(--ast-global-color-5)","background-image":"","background-repeat":"repeat","background-position":"center center","background-size":"auto","background-attachment":"scroll","background-type":"","background-media":"","overlay-type":"","overlay-color":"","overlay-opacity":"","overlay-gradient":""},"tablet":{"background-color":"","background-image":"","background-repeat":"repeat","background-position":"center center","background-size":"auto","background-attachment":"scroll","background-type":"","background-media":"","overlay-type":"","overlay-color":"","overlay-opacity":"","overlay-gradient":""},"mobile":{"background-color":"","background-image":"","background-repeat":"repeat","background-position":"center center","background-size":"auto","background-attachment":"scroll","background-type":"","background-media":"","overlay-type":"","overlay-color":"","overlay-opacity":"","overlay-gradient":""}},"ast-content-background-meta":{"desktop":{"background-color":"var(--ast-global-color-4)","background-image":"","background-repeat":"repeat","background-position":"center center","background-size":"auto","background-attachment":"scroll","background-type":"","background-media":"","overlay-type":"","overlay-color":"","overlay-opacity":"","overlay-gradient":""},"tablet":{"background-color":"var(--ast-global-color-4)","background-image":"","background-repeat":"repeat","background-position":"center center","background-size":"auto","background-attachment":"scroll","background-type":"","background-media":"","overlay-type":"","overlay-color":"","overlay-opacity":"","overlay-gradient":""},"mobile":{"background-color":"var(--ast-global-color-4)","background-image":"","background-repeat":"repeat","background-position":"center center","background-size":"auto","background-attachment":"scroll","background-type":"","background-media":"","overlay-type":"","overlay-color":"","overlay-opacity":"","overlay-gradient":""}},"_joinchat":[],"footnotes":""},"class_list":["post-2068","page","type-page","status-publish","hentry"],"yoast_head":"<!-- This site is optimized with the Yoast SEO Premium plugin v22.9 (Yoast SEO v25.0) - https:\/\/yoast.com\/wordpress\/plugins\/seo\/ -->\n<title>Termeni si condi\u021bii | fabricadeprofile.com<\/title>\n<meta name=\"robots\" content=\"index, follow, max-snippet:-1, max-image-preview:large, max-video-preview:-1\" \/>\n<link rel=\"canonical\" href=\"https:\/\/fabricadeprofile.com\/ro\/termini-e-condizioni\/?wmc-currency=RON\" \/>\n<meta property=\"og:locale\" content=\"ro_RO\" \/>\n<meta property=\"og:type\" content=\"article\" \/>\n<meta property=\"og:title\" content=\"Termeni si condi\u021bii\" \/>\n<meta property=\"og:description\" content=\"Termenii \u0219i condi\u021biile de mai jos se refer\u0103 la comenzile valabile care se vor face folosind interfa\u021ba site-ului. O comand\u0103 valabila este o comand\u0103 f\u0103cut\u0103 de cump\u0103r\u0103tor prin completarea formularului de comanda de pe site \u0219i confirmat\u0103 de v\u00e2nz\u0103tor. Pentru a avea toate informa\u021biile legate de condi\u021biile comand\u0103rii \u0219i livr\u0103rii unui produs de pe\u00a0FABRICADEPROFILE.COM\u00a0, v\u0103 [&hellip;]\" \/>\n<meta property=\"og:url\" content=\"https:\/\/fabricadeprofile.com\/ro\/termini-e-condizioni\/?wmc-currency=RON\" \/>\n<meta property=\"og:site_name\" content=\"fabricadeprofile.com\" \/>\n<meta property=\"article:modified_time\" content=\"2024-11-10T18:12:39+00:00\" \/>\n<meta property=\"og:image\" content=\"https:\/\/fabricadeprofile.com\/wp-content\/uploads\/2024\/07\/fabrica-de-profile-site-icon.png\" \/>\n\t<meta property=\"og:image:width\" content=\"150\" \/>\n\t<meta property=\"og:image:height\" content=\"150\" \/>\n\t<meta property=\"og:image:type\" content=\"image\/png\" \/>\n<meta name=\"twitter:card\" content=\"summary_large_image\" \/>\n<meta name=\"twitter:label1\" content=\"Timp estimat pentru citire\" \/>\n\t<meta name=\"twitter:data1\" content=\"6 minute\" \/>\n<script type=\"application\/ld+json\" class=\"yoast-schema-graph\">{\"@context\":\"https:\/\/schema.org\",\"@graph\":[{\"@type\":\"WebPage\",\"@id\":\"https:\/\/fabricadeprofile.com\/it\/termini-e-condizioni\/\",\"url\":\"https:\/\/fabricadeprofile.com\/it\/termini-e-condizioni\/\",\"name\":\"Termeni si condi\u021bii | fabricadeprofile.com\",\"isPartOf\":{\"@id\":\"https:\/\/fabricadeprofile.com\/#website\"},\"datePublished\":\"2024-06-07T20:49:52+00:00\",\"dateModified\":\"2024-11-10T18:12:39+00:00\",\"breadcrumb\":{\"@id\":\"https:\/\/fabricadeprofile.com\/it\/termini-e-condizioni\/#breadcrumb\"},\"inLanguage\":\"ro-RO\",\"potentialAction\":[{\"@type\":\"ReadAction\",\"target\":[\"https:\/\/fabricadeprofile.com\/it\/termini-e-condizioni\/\"]}]},{\"@type\":\"BreadcrumbList\",\"@id\":\"https:\/\/fabricadeprofile.com\/it\/termini-e-condizioni\/#breadcrumb\",\"itemListElement\":[{\"@type\":\"ListItem\",\"position\":1,\"name\":\"Prima pagin\u0103\",\"item\":\"https:\/\/fabricadeprofile.com\/\"},{\"@type\":\"ListItem\",\"position\":2,\"name\":\"Termeni si condi\u021bii\"}]},{\"@type\":\"WebSite\",\"@id\":\"https:\/\/fabricadeprofile.com\/#website\",\"url\":\"https:\/\/fabricadeprofile.com\/\",\"name\":\"fabricadeprofile.com\",\"description\":\"Fa din cas\u0103, acas\u0103\",\"publisher\":{\"@id\":\"https:\/\/fabricadeprofile.com\/#organization\"},\"alternateName\":\"Fabricadeprofile\",\"potentialAction\":[{\"@type\":\"SearchAction\",\"target\":{\"@type\":\"EntryPoint\",\"urlTemplate\":\"https:\/\/fabricadeprofile.com\/?s={search_term_string}\"},\"query-input\":{\"@type\":\"PropertyValueSpecification\",\"valueRequired\":true,\"valueName\":\"search_term_string\"}}],\"inLanguage\":\"ro-RO\"},{\"@type\":\"Organization\",\"@id\":\"https:\/\/fabricadeprofile.com\/#organization\",\"name\":\"fabricadeprofile.com\",\"url\":\"https:\/\/fabricadeprofile.com\/\",\"logo\":{\"@type\":\"ImageObject\",\"inLanguage\":\"ro-RO\",\"@id\":\"https:\/\/fabricadeprofile.com\/#\/schema\/logo\/image\/\",\"url\":\"https:\/\/fabricadeprofile.com\/wp-content\/uploads\/2023\/02\/fabricadeprofile.com_.png\",\"contentUrl\":\"https:\/\/fabricadeprofile.com\/wp-content\/uploads\/2023\/02\/fabricadeprofile.com_.png\",\"width\":500,\"height\":500,\"caption\":\"fabricadeprofile.com\"},\"image\":{\"@id\":\"https:\/\/fabricadeprofile.com\/#\/schema\/logo\/image\/\"},\"publishingPrinciples\":\"https:\/\/fabricadeprofile.com\/it\/termini-e-condizioni\/\"}]}<\/script>\n<!-- \/ Yoast SEO Premium plugin. -->","yoast_head_json":{"title":"Termeni si condi\u021bii | fabricadeprofile.com","robots":{"index":"index","follow":"follow","max-snippet":"max-snippet:-1","max-image-preview":"max-image-preview:large","max-video-preview":"max-video-preview:-1"},"canonical":"https:\/\/fabricadeprofile.com\/ro\/termini-e-condizioni\/?wmc-currency=RON","og_locale":"ro_RO","og_type":"article","og_title":"Termeni si condi\u021bii","og_description":"Termenii \u0219i condi\u021biile de mai jos se refer\u0103 la comenzile valabile care se vor face folosind interfa\u021ba site-ului. O comand\u0103 valabila este o comand\u0103 f\u0103cut\u0103 de cump\u0103r\u0103tor prin completarea formularului de comanda de pe site \u0219i confirmat\u0103 de v\u00e2nz\u0103tor. Pentru a avea toate informa\u021biile legate de condi\u021biile comand\u0103rii \u0219i livr\u0103rii unui produs de pe\u00a0FABRICADEPROFILE.COM\u00a0, v\u0103 [&hellip;]","og_url":"https:\/\/fabricadeprofile.com\/ro\/termini-e-condizioni\/?wmc-currency=RON","og_site_name":"fabricadeprofile.com","article_modified_time":"2024-11-10T18:12:39+00:00","og_image":[{"width":150,"height":150,"url":"https:\/\/fabricadeprofile.com\/wp-content\/uploads\/2024\/07\/fabrica-de-profile-site-icon.png","type":"image\/png"}],"twitter_card":"summary_large_image","twitter_misc":{"Timp estimat pentru citire":"6 minute"},"schema":{"@context":"https:\/\/schema.org","@graph":[{"@type":"WebPage","@id":"https:\/\/fabricadeprofile.com\/it\/termini-e-condizioni\/","url":"https:\/\/fabricadeprofile.com\/it\/termini-e-condizioni\/","name":"Termeni si condi\u021bii | fabricadeprofile.com","isPartOf":{"@id":"https:\/\/fabricadeprofile.com\/#website"},"datePublished":"2024-06-07T20:49:52+00:00","dateModified":"2024-11-10T18:12:39+00:00","breadcrumb":{"@id":"https:\/\/fabricadeprofile.com\/it\/termini-e-condizioni\/#breadcrumb"},"inLanguage":"ro-RO","potentialAction":[{"@type":"ReadAction","target":["https:\/\/fabricadeprofile.com\/it\/termini-e-condizioni\/"]}]},{"@type":"BreadcrumbList","@id":"https:\/\/fabricadeprofile.com\/it\/termini-e-condizioni\/#breadcrumb","itemListElement":[{"@type":"ListItem","position":1,"name":"Prima pagin\u0103","item":"https:\/\/fabricadeprofile.com\/"},{"@type":"ListItem","position":2,"name":"Termeni si condi\u021bii"}]},{"@type":"WebSite","@id":"https:\/\/fabricadeprofile.com\/#website","url":"https:\/\/fabricadeprofile.com\/","name":"fabricadeprofile.com","description":"Fa din cas\u0103, acas\u0103","publisher":{"@id":"https:\/\/fabricadeprofile.com\/#organization"},"alternateName":"Fabricadeprofile","potentialAction":[{"@type":"SearchAction","target":{"@type":"EntryPoint","urlTemplate":"https:\/\/fabricadeprofile.com\/?s={search_term_string}"},"query-input":{"@type":"PropertyValueSpecification","valueRequired":true,"valueName":"search_term_string"}}],"inLanguage":"ro-RO"},{"@type":"Organization","@id":"https:\/\/fabricadeprofile.com\/#organization","name":"fabricadeprofile.com","url":"https:\/\/fabricadeprofile.com\/","logo":{"@type":"ImageObject","inLanguage":"ro-RO","@id":"https:\/\/fabricadeprofile.com\/#\/schema\/logo\/image\/","url":"https:\/\/fabricadeprofile.com\/wp-content\/uploads\/2023\/02\/fabricadeprofile.com_.png","contentUrl":"https:\/\/fabricadeprofile.com\/wp-content\/uploads\/2023\/02\/fabricadeprofile.com_.png","width":500,"height":500,"caption":"fabricadeprofile.com"},"image":{"@id":"https:\/\/fabricadeprofile.com\/#\/schema\/logo\/image\/"},"publishingPrinciples":"https:\/\/fabricadeprofile.com\/it\/termini-e-condizioni\/"}]}},"_links":{"self":[{"href":"https:\/\/fabricadeprofile.com\/ro\/wp-json\/wp\/v2\/pages\/2068"}],"collection":[{"href":"https:\/\/fabricadeprofile.com\/ro\/wp-json\/wp\/v2\/pages"}],"about":[{"href":"https:\/\/fabricadeprofile.com\/ro\/wp-json\/wp\/v2\/types\/page"}],"author":[{"embeddable":true,"href":"https:\/\/fabricadeprofile.com\/ro\/wp-json\/wp\/v2\/users\/1"}],"replies":[{"embeddable":true,"href":"https:\/\/fabricadeprofile.com\/ro\/wp-json\/wp\/v2\/comments?post=2068"}],"version-history":[{"count":2,"href":"https:\/\/fabricadeprofile.com\/ro\/wp-json\/wp\/v2\/pages\/2068\/revisions"}],"predecessor-version":[{"id":3638,"href":"https:\/\/fabricadeprofile.com\/ro\/wp-json\/wp\/v2\/pages\/2068\/revisions\/3638"}],"wp:attachment":[{"href":"https:\/\/fabricadeprofile.com\/ro\/wp-json\/wp\/v2\/media?parent=2068"}],"curies":[{"name":"wp","href":"https:\/\/api.w.org\/{rel}","templated":true}]}}