{"id":2247,"date":"2024-06-15T12:54:40","date_gmt":"2024-06-15T12:54:40","guid":{"rendered":"https:\/\/fabricadeprofile.com\/?page_id=2247"},"modified":"2024-07-01T07:03:45","modified_gmt":"2024-07-01T07:03:45","slug":"interioare","status":"publish","type":"page","link":"https:\/\/fabricadeprofile.com\/ro\/interioare\/","title":{"rendered":"interioare"},"content":{"rendered":"\t\t<div data-elementor-type=\"wp-page\" data-elementor-id=\"2247\" class=\"elementor elementor-2247\" data-elementor-post-type=\"page\">\n\t\t\t\t<div class=\"elementor-element elementor-element-7db02f2 e-flex e-con-boxed e-con e-parent\" data-id=\"7db02f2\" data-element_type=\"container\" data-e-type=\"container\">\n\t\t\t\t\t<div class=\"e-con-inner\">\n\t\t\t\t<div class=\"elementor-element elementor-element-b113914 elementor-widget elementor-widget-heading\" data-id=\"b113914\" data-element_type=\"widget\" data-e-type=\"widget\" data-widget_type=\"heading.default\">\n\t\t\t\t<div class=\"elementor-widget-container\">\n\t\t\t\t\t<h1 class=\"elementor-heading-title elementor-size-default\">PROFILE DECORATIVE INTERIOR<\/h1>\t\t\t\t<\/div>\n\t\t\t\t<\/div>\n\t\t\t\t\t<\/div>\n\t\t\t\t<\/div>\n\t\t<div class=\"elementor-element elementor-element-4bdd690 e-con-full e-flex e-con e-parent\" data-id=\"4bdd690\" data-element_type=\"container\" data-e-type=\"container\">\n\t\t<div class=\"elementor-element elementor-element-e077745 e-con-full e-transform e-flex e-con e-child\" data-id=\"e077745\" data-element_type=\"container\" data-e-type=\"container\" data-settings=\"{&quot;background_background&quot;:&quot;slideshow&quot;,&quot;background_slideshow_gallery&quot;:[{&quot;id&quot;:2585,&quot;url&quot;:&quot;https:\\\/\\\/fabricadeprofile.com\\\/wp-content\\\/uploads\\\/2024\\\/06\\\/FK6_cat-456x273-1.jpg&quot;}],&quot;background_slideshow_ken_burns&quot;:&quot;yes&quot;,&quot;_transform_scale_effect_hover&quot;:{&quot;unit&quot;:&quot;px&quot;,&quot;size&quot;:1.02,&quot;sizes&quot;:[]},&quot;background_slideshow_loop&quot;:&quot;yes&quot;,&quot;background_slideshow_slide_duration&quot;:5000,&quot;background_slideshow_slide_transition&quot;:&quot;fade&quot;,&quot;background_slideshow_transition_duration&quot;:500,&quot;background_slideshow_ken_burns_zoom_direction&quot;:&quot;in&quot;,&quot;_transform_scale_effect_hover_tablet&quot;:{&quot;unit&quot;:&quot;px&quot;,&quot;size&quot;:&quot;&quot;,&quot;sizes&quot;:[]},&quot;_transform_scale_effect_hover_mobile&quot;:{&quot;unit&quot;:&quot;px&quot;,&quot;size&quot;:&quot;&quot;,&quot;sizes&quot;:[]}}\">\n\t\t\t\t<div class=\"elementor-element elementor-element-a4f3c01 elementor-widget elementor-widget-heading\" data-id=\"a4f3c01\" data-element_type=\"widget\" data-e-type=\"widget\" data-widget_type=\"heading.default\">\n\t\t\t\t<div class=\"elementor-widget-container\">\n\t\t\t\t\t<h2 class=\"elementor-heading-title elementor-size-default\"><a href=\"https:\/\/fabricadeprofile.com\/categorii\/profile-interior\/masca-perdea\/\">MASCARE PERDEA<\/a><\/h2>\t\t\t\t<\/div>\n\t\t\t\t<\/div>\n\t\t\t\t<\/div>\n\t\t<div class=\"elementor-element elementor-element-df494b3 e-con-full e-transform e-flex e-con e-child\" data-id=\"df494b3\" data-element_type=\"container\" data-e-type=\"container\" data-settings=\"{&quot;background_background&quot;:&quot;slideshow&quot;,&quot;background_slideshow_gallery&quot;:[{&quot;id&quot;:2583,&quot;url&quot;:&quot;https:\\\/\\\/fabricadeprofile.com\\\/wp-content\\\/uploads\\\/2024\\\/06\\\/GU10B_cat-456x273-1.jpg&quot;}],&quot;background_slideshow_ken_burns&quot;:&quot;yes&quot;,&quot;_transform_scale_effect_hover&quot;:{&quot;unit&quot;:&quot;px&quot;,&quot;size&quot;:1.02,&quot;sizes&quot;:[]},&quot;background_slideshow_loop&quot;:&quot;yes&quot;,&quot;background_slideshow_slide_duration&quot;:5000,&quot;background_slideshow_slide_transition&quot;:&quot;fade&quot;,&quot;background_slideshow_transition_duration&quot;:500,&quot;background_slideshow_ken_burns_zoom_direction&quot;:&quot;in&quot;,&quot;_transform_scale_effect_hover_tablet&quot;:{&quot;unit&quot;:&quot;px&quot;,&quot;size&quot;:&quot;&quot;,&quot;sizes&quot;:[]},&quot;_transform_scale_effect_hover_mobile&quot;:{&quot;unit&quot;:&quot;px&quot;,&quot;size&quot;:&quot;&quot;,&quot;sizes&quot;:[]}}\">\n\t\t\t\t<div class=\"elementor-element elementor-element-0169baf elementor-widget elementor-widget-heading\" data-id=\"0169baf\" data-element_type=\"widget\" data-e-type=\"widget\" data-widget_type=\"heading.default\">\n\t\t\t\t<div class=\"elementor-widget-container\">\n\t\t\t\t\t<h2 class=\"elementor-heading-title elementor-size-default\"><a href=\"https:\/\/fabricadeprofile.com\/categorii\/profile-interior\/cornisa-led\/\">CORNI\u0218\u0102 LED<\/a><\/h2>\t\t\t\t<\/div>\n\t\t\t\t<\/div>\n\t\t\t\t<\/div>\n\t\t<div class=\"elementor-element elementor-element-c93ecc2 e-con-full e-transform e-flex e-con e-child\" data-id=\"c93ecc2\" data-element_type=\"container\" data-e-type=\"container\" data-settings=\"{&quot;background_background&quot;:&quot;slideshow&quot;,&quot;background_slideshow_gallery&quot;:[{&quot;id&quot;:2584,&quot;url&quot;:&quot;https:\\\/\\\/fabricadeprofile.com\\\/wp-content\\\/uploads\\\/2024\\\/06\\\/pe.jpg&quot;}],&quot;background_slideshow_ken_burns&quot;:&quot;yes&quot;,&quot;_transform_scale_effect_hover&quot;:{&quot;unit&quot;:&quot;px&quot;,&quot;size&quot;:1.02,&quot;sizes&quot;:[]},&quot;background_slideshow_loop&quot;:&quot;yes&quot;,&quot;background_slideshow_slide_duration&quot;:5000,&quot;background_slideshow_slide_transition&quot;:&quot;fade&quot;,&quot;background_slideshow_transition_duration&quot;:500,&quot;background_slideshow_ken_burns_zoom_direction&quot;:&quot;in&quot;,&quot;_transform_scale_effect_hover_tablet&quot;:{&quot;unit&quot;:&quot;px&quot;,&quot;size&quot;:&quot;&quot;,&quot;sizes&quot;:[]},&quot;_transform_scale_effect_hover_mobile&quot;:{&quot;unit&quot;:&quot;px&quot;,&quot;size&quot;:&quot;&quot;,&quot;sizes&quot;:[]}}\">\n\t\t\t\t<div class=\"elementor-element elementor-element-451ee51 elementor-widget elementor-widget-heading\" data-id=\"451ee51\" data-element_type=\"widget\" data-e-type=\"widget\" data-widget_type=\"heading.default\">\n\t\t\t\t<div class=\"elementor-widget-container\">\n\t\t\t\t\t<h2 class=\"elementor-heading-title elementor-size-default\"><a href=\"https:\/\/fabricadeprofile.com\/categorii\/profile-interior\/cornisa-de-colt\/\">CORNI\u0218\u0102 DE COL\u021a<\/a><\/h2>\t\t\t\t<\/div>\n\t\t\t\t<\/div>\n\t\t\t\t<\/div>\n\t\t<div class=\"elementor-element elementor-element-6ee61bc e-con-full e-transform e-flex e-con e-child\" data-id=\"6ee61bc\" data-element_type=\"container\" data-e-type=\"container\" data-settings=\"{&quot;background_background&quot;:&quot;slideshow&quot;,&quot;background_slideshow_gallery&quot;:[{&quot;id&quot;:2586,&quot;url&quot;:&quot;https:\\\/\\\/fabricadeprofile.com\\\/wp-content\\\/uploads\\\/2024\\\/06\\\/SP9-456x273-1.jpg&quot;}],&quot;background_slideshow_ken_burns&quot;:&quot;yes&quot;,&quot;_transform_scale_effect_hover&quot;:{&quot;unit&quot;:&quot;px&quot;,&quot;size&quot;:1.02,&quot;sizes&quot;:[]},&quot;background_slideshow_loop&quot;:&quot;yes&quot;,&quot;background_slideshow_slide_duration&quot;:5000,&quot;background_slideshow_slide_transition&quot;:&quot;fade&quot;,&quot;background_slideshow_transition_duration&quot;:500,&quot;background_slideshow_ken_burns_zoom_direction&quot;:&quot;in&quot;,&quot;_transform_scale_effect_hover_tablet&quot;:{&quot;unit&quot;:&quot;px&quot;,&quot;size&quot;:&quot;&quot;,&quot;sizes&quot;:[]},&quot;_transform_scale_effect_hover_mobile&quot;:{&quot;unit&quot;:&quot;px&quot;,&quot;size&quot;:&quot;&quot;,&quot;sizes&quot;:[]}}\">\n\t\t\t\t<div class=\"elementor-element elementor-element-85e4255 elementor-widget elementor-widget-heading\" data-id=\"85e4255\" data-element_type=\"widget\" data-e-type=\"widget\" data-widget_type=\"heading.default\">\n\t\t\t\t<div class=\"elementor-widget-container\">\n\t\t\t\t\t<h2 class=\"elementor-heading-title elementor-size-default\"><a href=\"https:\/\/fabricadeprofile.com\/categorii\/profile-interior\/brau\/\">BR\u00c2U<\/a><\/h2>\t\t\t\t<\/div>\n\t\t\t\t<\/div>\n\t\t\t\t<\/div>\n\t\t<div class=\"elementor-element elementor-element-5555bb7 e-con-full e-transform e-flex e-con e-child\" data-id=\"5555bb7\" data-element_type=\"container\" data-e-type=\"container\" data-settings=\"{&quot;background_background&quot;:&quot;slideshow&quot;,&quot;background_slideshow_gallery&quot;:[{&quot;id&quot;:2582,&quot;url&quot;:&quot;https:\\\/\\\/fabricadeprofile.com\\\/wp-content\\\/uploads\\\/2024\\\/06\\\/SGL14_1-456x273-1.jpg&quot;}],&quot;background_slideshow_ken_burns&quot;:&quot;yes&quot;,&quot;_transform_scale_effect_hover&quot;:{&quot;unit&quot;:&quot;px&quot;,&quot;size&quot;:1.02,&quot;sizes&quot;:[]},&quot;background_slideshow_loop&quot;:&quot;yes&quot;,&quot;background_slideshow_slide_duration&quot;:5000,&quot;background_slideshow_slide_transition&quot;:&quot;fade&quot;,&quot;background_slideshow_transition_duration&quot;:500,&quot;background_slideshow_ken_burns_zoom_direction&quot;:&quot;in&quot;,&quot;_transform_scale_effect_hover_tablet&quot;:{&quot;unit&quot;:&quot;px&quot;,&quot;size&quot;:&quot;&quot;,&quot;sizes&quot;:[]},&quot;_transform_scale_effect_hover_mobile&quot;:{&quot;unit&quot;:&quot;px&quot;,&quot;size&quot;:&quot;&quot;,&quot;sizes&quot;:[]}}\">\n\t\t\t\t<div class=\"elementor-element elementor-element-e635e46 elementor-widget elementor-widget-heading\" data-id=\"e635e46\" data-element_type=\"widget\" data-e-type=\"widget\" data-widget_type=\"heading.default\">\n\t\t\t\t<div class=\"elementor-widget-container\">\n\t\t\t\t\t<h2 class=\"elementor-heading-title elementor-size-default\"><a href=\"https:\/\/fabricadeprofile.com\/categorii\/profile-interior\/cornisa-led-perete\/\">CORNI\u0218\u0102 LED PERETE<\/a><\/h2>\t\t\t\t<\/div>\n\t\t\t\t<\/div>\n\t\t\t\t<\/div>\n\t\t\t\t<\/div>\n\t\t<div class=\"elementor-element elementor-element-2a5ded4 e-flex e-con-boxed e-con e-parent\" data-id=\"2a5ded4\" data-element_type=\"container\" data-e-type=\"container\">\n\t\t\t\t\t<div class=\"e-con-inner\">\n\t\t\t\t<div class=\"elementor-element elementor-element-af2a047 elementor-widget elementor-widget-heading\" data-id=\"af2a047\" data-element_type=\"widget\" data-e-type=\"widget\" data-widget_type=\"heading.default\">\n\t\t\t\t<div class=\"elementor-widget-container\">\n\t\t\t\t\t<h2 class=\"elementor-heading-title elementor-size-default\">DE CE S\u0102 ALEGI PROFILELE DECORATIVE ALE NOASTRE ?<\/h2>\t\t\t\t<\/div>\n\t\t\t\t<\/div>\n\t\t\t\t<div class=\"elementor-element elementor-element-e283a71 more-content elementor-widget elementor-widget-text-editor\" data-id=\"e283a71\" data-element_type=\"widget\" data-e-type=\"widget\" id=\"more-content\" data-widget_type=\"text-editor.default\">\n\t\t\t\t<div class=\"elementor-widget-container\">\n\t\t\t\t\t\t\t\t\t<p>Profile decorative pentru interior sunt elemente arhitecturale ce aduc un plus de elegan\u021b\u0103 \u0219i rafinament oric\u0103rui spa\u021biu al casei tale. Cu o varietate de modele \u0219i forme, aceste profile decorative de interior pentru perete sunt fabricate din polistiren de \u00eenalt\u0103 calitate, u\u0219or de instalat, cu ajutorul adezivului de polistiren, \u0219i rezistente \u00een timp.<\/p>\n<p>Fie c\u0103 sunt utilizate pentru a delimita spa\u021biul \u00eentr-un mod inovator sau pentru a ad\u0103uga un aspect pl\u0103cut unui perete simplu, profilele decorative din polistiren sunt o alegere excelent\u0103 pentru orice design interior. Disponibile \u00een diferite dimensiuni \u0219i finisaje, aceste profile pot fi modificate \u00een forme diferite pentru a se potrivi perfect cu designul existent al camerei.<\/p>\n<p>Cu beneficii precum rezisten\u021b\u0103 la umiditate \u0219i la impact, profilele decorative din polistiren pentru interior sunt ideale nu doar pentru decora\u021biuni permanente \u00een locuin\u021be, ci \u0219i pentru amenaj\u0103ri temporare, cum ar fi evenimente speciale sau expozi\u021bii. Indiferent de preferin\u021be, aceste profile decorative sunt o alegere excelent\u0103 pentru a transforma rapid \u0219i u\u0219or orice spa\u021biu \u00eentr-unul elegant \u0219i rafinat. Profilele noastre sunt comercializate pentru Dvs. la un pre\u021b accesibil, astfel rezult\u0103 c\u0103 produsele noastre sunt ieftine \u00een compara\u021bie cu restul comercian\u021bilor.<\/p>\t\t\t\t\t\t\t\t<\/div>\n\t\t\t\t<\/div>\n\t\t\t\t<div class=\"elementor-element elementor-element-2eda209 elementor-widget elementor-widget-heading\" data-id=\"2eda209\" data-element_type=\"widget\" data-e-type=\"widget\" data-widget_type=\"heading.default\">\n\t\t\t\t<div class=\"elementor-widget-container\">\n\t\t\t\t\t<h3 class=\"elementor-heading-title elementor-size-default\">Cau\u021bi altceva ?<\/h3>\t\t\t\t<\/div>\n\t\t\t\t<\/div>\n\t\t\t\t<div class=\"elementor-element elementor-element-c84926e elementor-icon-list--layout-inline elementor-align-center elementor-list-item-link-full_width elementor-widget elementor-widget-icon-list\" data-id=\"c84926e\" data-element_type=\"widget\" data-e-type=\"widget\" data-widget_type=\"icon-list.default\">\n\t\t\t\t<div class=\"elementor-widget-container\">\n\t\t\t\t\t\t\t<ul class=\"elementor-icon-list-items elementor-inline-items\">\n\t\t\t\t\t\t\t<li class=\"elementor-icon-list-item elementor-inline-item\">\n\t\t\t\t\t\t\t\t\t\t\t<a href=\"https:\/\/fabricadeprofile.com\/ro\/exterioare\/\">\n\n\t\t\t\t\t\t\t\t\t\t\t\t<span class=\"elementor-icon-list-icon\">\n\t\t\t\t\t\t\t<svg aria-hidden=\"true\" class=\"e-font-icon-svg e-far-dot-circle\" viewBox=\"0 0 512 512\" xmlns=\"http:\/\/www.w3.org\/2000\/svg\"><path d=\"M256 56c110.532 0 200 89.451 200 200 0 110.532-89.451 200-200 200-110.532 0-200-89.451-200-200 0-110.532 89.451-200 200-200m0-48C119.033 8 8 119.033 8 256s111.033 248 248 248 248-111.033 248-248S392.967 8 256 8zm0 168c-44.183 0-80 35.817-80 80s35.817 80 80 80 80-35.817 80-80-35.817-80-80-80z\"><\/path><\/svg>\t\t\t\t\t\t<\/span>\n\t\t\t\t\t\t\t\t\t\t<span class=\"elementor-icon-list-text\">Decorative exterior<\/span>\n\t\t\t\t\t\t\t\t\t\t\t<\/a>\n\t\t\t\t\t\t\t\t\t<\/li>\n\t\t\t\t\t\t\t\t<li class=\"elementor-icon-list-item elementor-inline-item\">\n\t\t\t\t\t\t\t\t\t\t\t<a href=\"https:\/\/fabricadeprofile.com\/ro\/interioare\/\">\n\n\t\t\t\t\t\t\t\t\t\t\t\t<span class=\"elementor-icon-list-icon\">\n\t\t\t\t\t\t\t<svg aria-hidden=\"true\" class=\"e-font-icon-svg e-fas-dot-circle\" viewBox=\"0 0 512 512\" xmlns=\"http:\/\/www.w3.org\/2000\/svg\"><path d=\"M256 8C119.033 8 8 119.033 8 256s111.033 248 248 248 248-111.033 248-248S392.967 8 256 8zm80 248c0 44.112-35.888 80-80 80s-80-35.888-80-80 35.888-80 80-80 80 35.888 80 80z\"><\/path><\/svg>\t\t\t\t\t\t<\/span>\n\t\t\t\t\t\t\t\t\t\t<span class=\"elementor-icon-list-text\">Decorative interior<\/span>\n\t\t\t\t\t\t\t\t\t\t\t<\/a>\n\t\t\t\t\t\t\t\t\t<\/li>\n\t\t\t\t\t\t\t\t<li class=\"elementor-icon-list-item elementor-inline-item\">\n\t\t\t\t\t\t\t\t\t\t\t<a href=\"https:\/\/fabricadeprofile.com\/ro\/personalizate\/\">\n\n\t\t\t\t\t\t\t\t\t\t\t\t<span class=\"elementor-icon-list-icon\">\n\t\t\t\t\t\t\t<svg aria-hidden=\"true\" class=\"e-font-icon-svg e-far-dot-circle\" viewBox=\"0 0 512 512\" xmlns=\"http:\/\/www.w3.org\/2000\/svg\"><path d=\"M256 56c110.532 0 200 89.451 200 200 0 110.532-89.451 200-200 200-110.532 0-200-89.451-200-200 0-110.532 89.451-200 200-200m0-48C119.033 8 8 119.033 8 256s111.033 248 248 248 248-111.033 248-248S392.967 8 256 8zm0 168c-44.183 0-80 35.817-80 80s35.817 80 80 80 80-35.817 80-80-35.817-80-80-80z\"><\/path><\/svg>\t\t\t\t\t\t<\/span>\n\t\t\t\t\t\t\t\t\t\t<span class=\"elementor-icon-list-text\">Decorative personalizate<\/span>\n\t\t\t\t\t\t\t\t\t\t\t<\/a>\n\t\t\t\t\t\t\t\t\t<\/li>\n\t\t\t\t\t\t<\/ul>\n\t\t\t\t\t\t<\/div>\n\t\t\t\t<\/div>\n\t\t\t\t\t<\/div>\n\t\t\t\t<\/div>\n\t\t\t\t<\/div>\n\t\t","protected":false},"excerpt":{"rendered":"<p>PROFILE DECORATIVE INTERIOR MASCARE PERDEA CORNI\u0218\u0102 LED CORNI\u0218\u0102 DE COL\u021a BR\u00c2U CORNI\u0218\u0102 LED PERETE DE CE S\u0102 ALEGI PROFILELE DECORATIVE ALE NOASTRE ? Profile decorative pentru interior sunt elemente arhitecturale ce aduc un plus de elegan\u021b\u0103 \u0219i rafinament oric\u0103rui spa\u021biu al casei tale. Cu o varietate de modele \u0219i forme, aceste profile decorative de interior [&hellip;]<\/p>\n","protected":false},"author":1,"featured_media":0,"parent":0,"menu_order":0,"comment_status":"closed","ping_status":"closed","template":"","meta":{"site-sidebar-layout":"default","site-content-layout":"","ast-site-content-layout":"default","site-content-style":"default","site-sidebar-style":"default","ast-global-header-display":"","ast-banner-title-visibility":"","ast-main-header-display":"","ast-hfb-above-header-display":"","ast-hfb-below-header-display":"","ast-hfb-mobile-header-display":"","site-post-title":"","ast-breadcrumbs-content":"","ast-featured-img":"","footer-sml-layout":"","ast-disable-related-posts":"","theme-transparent-header-meta":"","adv-header-id-meta":"","stick-header-meta":"","header-above-stick-meta":"","header-main-stick-meta":"","header-below-stick-meta":"","astra-migrate-meta-layouts":"default","ast-page-background-enabled":"default","ast-page-background-meta":{"desktop":{"background-color":"var(--ast-global-color-5)","background-image":"","background-repeat":"repeat","background-position":"center center","background-size":"auto","background-attachment":"scroll","background-type":"","background-media":"","overlay-type":"","overlay-color":"","overlay-opacity":"","overlay-gradient":""},"tablet":{"background-color":"","background-image":"","background-repeat":"repeat","background-position":"center center","background-size":"auto","background-attachment":"scroll","background-type":"","background-media":"","overlay-type":"","overlay-color":"","overlay-opacity":"","overlay-gradient":""},"mobile":{"background-color":"","background-image":"","background-repeat":"repeat","background-position":"center center","background-size":"auto","background-attachment":"scroll","background-type":"","background-media":"","overlay-type":"","overlay-color":"","overlay-opacity":"","overlay-gradient":""}},"ast-content-background-meta":{"desktop":{"background-color":"var(--ast-global-color-4)","background-image":"","background-repeat":"repeat","background-position":"center center","background-size":"auto","background-attachment":"scroll","background-type":"","background-media":"","overlay-type":"","overlay-color":"","overlay-opacity":"","overlay-gradient":""},"tablet":{"background-color":"var(--ast-global-color-4)","background-image":"","background-repeat":"repeat","background-position":"center center","background-size":"auto","background-attachment":"scroll","background-type":"","background-media":"","overlay-type":"","overlay-color":"","overlay-opacity":"","overlay-gradient":""},"mobile":{"background-color":"var(--ast-global-color-4)","background-image":"","background-repeat":"repeat","background-position":"center center","background-size":"auto","background-attachment":"scroll","background-type":"","background-media":"","overlay-type":"","overlay-color":"","overlay-opacity":"","overlay-gradient":""}},"_joinchat":[],"footnotes":""},"class_list":["post-2247","page","type-page","status-publish","hentry"],"yoast_head":"<!-- This site is optimized with the Yoast SEO Premium plugin v22.9 (Yoast SEO v25.0) - https:\/\/yoast.com\/wordpress\/plugins\/seo\/ -->\n<title>interioare | fabricadeprofile.com<\/title>\n<meta name=\"robots\" content=\"index, follow, max-snippet:-1, max-image-preview:large, max-video-preview:-1\" \/>\n<link rel=\"canonical\" href=\"https:\/\/fabricadeprofile.com\/ro\/interioare\/?wmc-currency=RON\" \/>\n<meta property=\"og:locale\" content=\"ro_RO\" \/>\n<meta property=\"og:type\" content=\"article\" \/>\n<meta property=\"og:title\" content=\"interioare\" \/>\n<meta property=\"og:description\" content=\"PROFILE DECORATIVE INTERIOR MASCARE PERDEA CORNI\u0218\u0102 LED CORNI\u0218\u0102 DE COL\u021a BR\u00c2U CORNI\u0218\u0102 LED PERETE DE CE S\u0102 ALEGI PROFILELE DECORATIVE ALE NOASTRE ? Profile decorative pentru interior sunt elemente arhitecturale ce aduc un plus de elegan\u021b\u0103 \u0219i rafinament oric\u0103rui spa\u021biu al casei tale. Cu o varietate de modele \u0219i forme, aceste profile decorative de interior [&hellip;]\" \/>\n<meta property=\"og:url\" content=\"https:\/\/fabricadeprofile.com\/ro\/interioare\/?wmc-currency=RON\" \/>\n<meta property=\"og:site_name\" content=\"fabricadeprofile.com\" \/>\n<meta property=\"article:modified_time\" content=\"2024-07-01T07:03:45+00:00\" \/>\n<meta property=\"og:image\" content=\"https:\/\/fabricadeprofile.com\/wp-content\/uploads\/2024\/07\/fabrica-de-profile-site-icon.png\" \/>\n\t<meta property=\"og:image:width\" content=\"150\" \/>\n\t<meta property=\"og:image:height\" content=\"150\" \/>\n\t<meta property=\"og:image:type\" content=\"image\/png\" \/>\n<meta name=\"twitter:card\" content=\"summary_large_image\" \/>\n<meta name=\"twitter:label1\" content=\"Timp estimat pentru citire\" \/>\n\t<meta name=\"twitter:data1\" content=\"1 minut\" \/>\n<script type=\"application\/ld+json\" class=\"yoast-schema-graph\">{\"@context\":\"https:\/\/schema.org\",\"@graph\":[{\"@type\":\"WebPage\",\"@id\":\"https:\/\/fabricadeprofile.com\/interioare\/\",\"url\":\"https:\/\/fabricadeprofile.com\/interioare\/\",\"name\":\"interioare | fabricadeprofile.com\",\"isPartOf\":{\"@id\":\"https:\/\/fabricadeprofile.com\/#website\"},\"datePublished\":\"2024-06-15T12:54:40+00:00\",\"dateModified\":\"2024-07-01T07:03:45+00:00\",\"breadcrumb\":{\"@id\":\"https:\/\/fabricadeprofile.com\/interioare\/#breadcrumb\"},\"inLanguage\":\"ro-RO\",\"potentialAction\":[{\"@type\":\"ReadAction\",\"target\":[\"https:\/\/fabricadeprofile.com\/interioare\/\"]}]},{\"@type\":\"BreadcrumbList\",\"@id\":\"https:\/\/fabricadeprofile.com\/interioare\/#breadcrumb\",\"itemListElement\":[{\"@type\":\"ListItem\",\"position\":1,\"name\":\"Prima pagin\u0103\",\"item\":\"https:\/\/fabricadeprofile.com\/\"},{\"@type\":\"ListItem\",\"position\":2,\"name\":\"interioare\"}]},{\"@type\":\"WebSite\",\"@id\":\"https:\/\/fabricadeprofile.com\/#website\",\"url\":\"https:\/\/fabricadeprofile.com\/\",\"name\":\"fabricadeprofile.com\",\"description\":\"Fa din cas\u0103, acas\u0103\",\"publisher\":{\"@id\":\"https:\/\/fabricadeprofile.com\/#organization\"},\"alternateName\":\"Fabricadeprofile\",\"potentialAction\":[{\"@type\":\"SearchAction\",\"target\":{\"@type\":\"EntryPoint\",\"urlTemplate\":\"https:\/\/fabricadeprofile.com\/?s={search_term_string}\"},\"query-input\":{\"@type\":\"PropertyValueSpecification\",\"valueRequired\":true,\"valueName\":\"search_term_string\"}}],\"inLanguage\":\"ro-RO\"},{\"@type\":\"Organization\",\"@id\":\"https:\/\/fabricadeprofile.com\/#organization\",\"name\":\"fabricadeprofile.com\",\"url\":\"https:\/\/fabricadeprofile.com\/\",\"logo\":{\"@type\":\"ImageObject\",\"inLanguage\":\"ro-RO\",\"@id\":\"https:\/\/fabricadeprofile.com\/#\/schema\/logo\/image\/\",\"url\":\"https:\/\/fabricadeprofile.com\/wp-content\/uploads\/2023\/02\/fabricadeprofile.com_.png\",\"contentUrl\":\"https:\/\/fabricadeprofile.com\/wp-content\/uploads\/2023\/02\/fabricadeprofile.com_.png\",\"width\":500,\"height\":500,\"caption\":\"fabricadeprofile.com\"},\"image\":{\"@id\":\"https:\/\/fabricadeprofile.com\/#\/schema\/logo\/image\/\"},\"publishingPrinciples\":\"https:\/\/fabricadeprofile.com\/it\/termini-e-condizioni\/\"}]}<\/script>\n<!-- \/ Yoast SEO Premium plugin. -->","yoast_head_json":{"title":"interioare | fabricadeprofile.com","robots":{"index":"index","follow":"follow","max-snippet":"max-snippet:-1","max-image-preview":"max-image-preview:large","max-video-preview":"max-video-preview:-1"},"canonical":"https:\/\/fabricadeprofile.com\/ro\/interioare\/?wmc-currency=RON","og_locale":"ro_RO","og_type":"article","og_title":"interioare","og_description":"PROFILE DECORATIVE INTERIOR MASCARE PERDEA CORNI\u0218\u0102 LED CORNI\u0218\u0102 DE COL\u021a BR\u00c2U CORNI\u0218\u0102 LED PERETE DE CE S\u0102 ALEGI PROFILELE DECORATIVE ALE NOASTRE ? Profile decorative pentru interior sunt elemente arhitecturale ce aduc un plus de elegan\u021b\u0103 \u0219i rafinament oric\u0103rui spa\u021biu al casei tale. Cu o varietate de modele \u0219i forme, aceste profile decorative de interior [&hellip;]","og_url":"https:\/\/fabricadeprofile.com\/ro\/interioare\/?wmc-currency=RON","og_site_name":"fabricadeprofile.com","article_modified_time":"2024-07-01T07:03:45+00:00","og_image":[{"width":150,"height":150,"url":"https:\/\/fabricadeprofile.com\/wp-content\/uploads\/2024\/07\/fabrica-de-profile-site-icon.png","type":"image\/png"}],"twitter_card":"summary_large_image","twitter_misc":{"Timp estimat pentru citire":"1 minut"},"schema":{"@context":"https:\/\/schema.org","@graph":[{"@type":"WebPage","@id":"https:\/\/fabricadeprofile.com\/interioare\/","url":"https:\/\/fabricadeprofile.com\/interioare\/","name":"interioare | fabricadeprofile.com","isPartOf":{"@id":"https:\/\/fabricadeprofile.com\/#website"},"datePublished":"2024-06-15T12:54:40+00:00","dateModified":"2024-07-01T07:03:45+00:00","breadcrumb":{"@id":"https:\/\/fabricadeprofile.com\/interioare\/#breadcrumb"},"inLanguage":"ro-RO","potentialAction":[{"@type":"ReadAction","target":["https:\/\/fabricadeprofile.com\/interioare\/"]}]},{"@type":"BreadcrumbList","@id":"https:\/\/fabricadeprofile.com\/interioare\/#breadcrumb","itemListElement":[{"@type":"ListItem","position":1,"name":"Prima pagin\u0103","item":"https:\/\/fabricadeprofile.com\/"},{"@type":"ListItem","position":2,"name":"interioare"}]},{"@type":"WebSite","@id":"https:\/\/fabricadeprofile.com\/#website","url":"https:\/\/fabricadeprofile.com\/","name":"fabricadeprofile.com","description":"Fa din cas\u0103, acas\u0103","publisher":{"@id":"https:\/\/fabricadeprofile.com\/#organization"},"alternateName":"Fabricadeprofile","potentialAction":[{"@type":"SearchAction","target":{"@type":"EntryPoint","urlTemplate":"https:\/\/fabricadeprofile.com\/?s={search_term_string}"},"query-input":{"@type":"PropertyValueSpecification","valueRequired":true,"valueName":"search_term_string"}}],"inLanguage":"ro-RO"},{"@type":"Organization","@id":"https:\/\/fabricadeprofile.com\/#organization","name":"fabricadeprofile.com","url":"https:\/\/fabricadeprofile.com\/","logo":{"@type":"ImageObject","inLanguage":"ro-RO","@id":"https:\/\/fabricadeprofile.com\/#\/schema\/logo\/image\/","url":"https:\/\/fabricadeprofile.com\/wp-content\/uploads\/2023\/02\/fabricadeprofile.com_.png","contentUrl":"https:\/\/fabricadeprofile.com\/wp-content\/uploads\/2023\/02\/fabricadeprofile.com_.png","width":500,"height":500,"caption":"fabricadeprofile.com"},"image":{"@id":"https:\/\/fabricadeprofile.com\/#\/schema\/logo\/image\/"},"publishingPrinciples":"https:\/\/fabricadeprofile.com\/it\/termini-e-condizioni\/"}]}},"_links":{"self":[{"href":"https:\/\/fabricadeprofile.com\/ro\/wp-json\/wp\/v2\/pages\/2247"}],"collection":[{"href":"https:\/\/fabricadeprofile.com\/ro\/wp-json\/wp\/v2\/pages"}],"about":[{"href":"https:\/\/fabricadeprofile.com\/ro\/wp-json\/wp\/v2\/types\/page"}],"author":[{"embeddable":true,"href":"https:\/\/fabricadeprofile.com\/ro\/wp-json\/wp\/v2\/users\/1"}],"replies":[{"embeddable":true,"href":"https:\/\/fabricadeprofile.com\/ro\/wp-json\/wp\/v2\/comments?post=2247"}],"version-history":[{"count":64,"href":"https:\/\/fabricadeprofile.com\/ro\/wp-json\/wp\/v2\/pages\/2247\/revisions"}],"predecessor-version":[{"id":3229,"href":"https:\/\/fabricadeprofile.com\/ro\/wp-json\/wp\/v2\/pages\/2247\/revisions\/3229"}],"wp:attachment":[{"href":"https:\/\/fabricadeprofile.com\/ro\/wp-json\/wp\/v2\/media?parent=2247"}],"curies":[{"name":"wp","href":"https:\/\/api.w.org\/{rel}","templated":true}]}}