{"id":2317,"date":"2024-06-16T19:22:13","date_gmt":"2024-06-16T19:22:13","guid":{"rendered":"https:\/\/fabricadeprofile.com\/?post_type=product&#038;p=2317"},"modified":"2024-10-31T18:03:16","modified_gmt":"2024-10-31T18:03:16","slug":"pervaz-din-spuma-r-110","status":"publish","type":"product","link":"https:\/\/fabricadeprofile.com\/ro\/produs\/pervaz-din-spuma-r-110\/","title":{"rendered":"Pervaz din polistiren PP110"},"content":{"rendered":"<p>Chiar dac\u0103\u00a0<strong>pervazele<\/strong>\u00a0adaug\u0103 un plus de finisaj \u0219i frumuse\u021be ferestrelor, ele au mai multe func\u021bionalit\u0103\u021bi, fie c\u0103 sunt folosite la interior sau pe partea exterioar\u0103 a casei:<\/p>\n<ul>\n<li>contribuie la protec\u021bia pere\u021bilor, \u00een special a p\u0103r\u021bii de sub rama ferestrei care poate fi afectat\u0103 de intemperii, umezeal\u0103, murd\u0103rie etc<\/li>\n<li>ajut\u0103 la o mai bun\u0103 fixare a tocului ferestrelor, prevenind deplasarea lor de-a lungul timpului<\/li>\n<li>al\u0103turi de rame \u0219i tocuri, au \u0219i rolul de a izola locuin\u021ba de curen\u021bii de aer rece care pot p\u0103trunde prin spa\u021biile de \u00eembinare a pere\u021bilor cu ferestrele, deci contribuie la eficientizarea energetic\u0103 a locuin\u021bei<\/li>\n<li>dimensiunea lor se poate proiecta exact c\u00e2t peretele sau pu\u021bin mai mare pentru a crea spa\u021biu pentru glastre, ghivece de flori \u0219i alte obiecte decorative<\/li>\n<li>glafurile pot schimba complet aspectul unei ferestre, \u0219i, alese corect, pot contribui la definirea unui stil arhitectural ori de amenajare interioar\u0103 pentru locuin\u021ba ta<\/li>\n<\/ul>\n<p>Specifica\u021bii tehnice:<\/p>\n<ul>\n<li>Tehnologia unic\u0103 de fabricare a bazei de polistiren EPS-200 acoperit\u0103 cu cuar\u021b si r\u0103\u0219in\u0103.<\/li>\n<li>Tehnologia noastr\u0103 de fabrica\u021bie confer\u0103 o suprafa\u021b\u0103 extrem de\u00a0 durabil\u0103.<\/li>\n<li>Protec\u021bie perfect\u0103 \u00eempotriva condi\u021biilor meteorologice Protec\u021bie UV \u0219i ecologic\u0103.<\/li>\n<li>Rezisten\u021b\u0103 la mucegai.<\/li>\n<li>Instalare u\u0219oar\u0103 \u0219i rapid\u0103.<\/li>\n<li>Nu sunt necesare \u0219uruburi sau cuie.<\/li>\n<li>Durabil \u0219i rezistent la \u0219ocuri.<\/li>\n<li>Adaug\u0103 o estetic\u0103 excelent\u0103 cl\u0103dirii dvs.<\/li>\n<li>Cu\u00a0 90%\u00a0 mai u\u0219oar\u0103 dec\u00e2t omologul s\u0103u de beton.<\/li>\n<\/ul>\n","protected":false},"excerpt":{"rendered":"<p><span class=\"iconite\" style=\"font-size: 24px; padding: 5px;\"><br \/>\n<span id=\"su_tooltip_69fb3f0be8429_button\" class=\"su-tooltip-button su-tooltip-button-outline-yes\" aria-describedby=\"su_tooltip_69fb3f0be8429\" data-settings='{\"position\":\"top\",\"behavior\":\"hover\",\"hideDelay\":0}' tabindex=\"0\"><span>\ud83c\udf26\ufe0f<\/span><\/span><span style=\"display:none;z-index:100\" id=\"su_tooltip_69fb3f0be8429\" class=\"su-tooltip\" role=\"tooltip\"><span class=\"su-tooltip-inner su-tooltip-shadow-no\" style=\"z-index:100;background:#222222;color:#FFFFFF;font-size:16px;border-radius:5px;text-align:left;max-width:300px;line-height:1.25\"><span class=\"su-tooltip-title\"><\/span><span class=\"su-tooltip-content su-u-trim\">Rezistent la socuri si intemperii<\/span><\/span><span id=\"su_tooltip_69fb3f0be8429_arrow\" class=\"su-tooltip-arrow\" style=\"z-index:100;background:#222222\" data-popper-arrow><\/span><\/span><br \/>\n<span id=\"su_tooltip_69fb3f0be84a8_button\" class=\"su-tooltip-button su-tooltip-button-outline-yes\" aria-describedby=\"su_tooltip_69fb3f0be84a8\" data-settings='{\"position\":\"top\",\"behavior\":\"hover\",\"hideDelay\":0}' tabindex=\"0\"><span>\ud83d\udee0\ufe0f<\/span><\/span><span style=\"display:none;z-index:100\" id=\"su_tooltip_69fb3f0be84a8\" class=\"su-tooltip\" role=\"tooltip\"><span class=\"su-tooltip-inner su-tooltip-shadow-no\" style=\"z-index:100;background:#222222;color:#FFFFFF;font-size:16px;border-radius:5px;text-align:left;max-width:300px;line-height:1.25\"><span class=\"su-tooltip-title\"><\/span><span class=\"su-tooltip-content su-u-trim\">Durabilitate 20 de ani<\/span><\/span><span id=\"su_tooltip_69fb3f0be84a8_arrow\" class=\"su-tooltip-arrow\" style=\"z-index:100;background:#222222\" data-popper-arrow><\/span><\/span><br \/>\n<span id=\"su_tooltip_69fb3f0be84fa_button\" class=\"su-tooltip-button su-tooltip-button-outline-yes\" aria-describedby=\"su_tooltip_69fb3f0be84fa\" data-settings='{\"position\":\"top\",\"behavior\":\"hover\",\"hideDelay\":0}' tabindex=\"0\"><span>\u267b\ufe0f<\/span><\/span><span style=\"display:none;z-index:100\" id=\"su_tooltip_69fb3f0be84fa\" class=\"su-tooltip\" role=\"tooltip\"><span class=\"su-tooltip-inner su-tooltip-shadow-no\" style=\"z-index:100;background:#222222;color:#FFFFFF;font-size:16px;border-radius:5px;text-align:left;max-width:300px;line-height:1.25\"><span class=\"su-tooltip-title\"><\/span><span class=\"su-tooltip-content su-u-trim\">Reciclabil<\/span><\/span><span id=\"su_tooltip_69fb3f0be84fa_arrow\" class=\"su-tooltip-arrow\" style=\"z-index:100;background:#222222\" data-popper-arrow><\/span><\/span><br \/>\n<span id=\"su_tooltip_69fb3f0be8545_button\" class=\"su-tooltip-button su-tooltip-button-outline-yes\" aria-describedby=\"su_tooltip_69fb3f0be8545\" data-settings='{\"position\":\"top\",\"behavior\":\"hover\",\"hideDelay\":0}' tabindex=\"0\"><span>\ud83c\udfe0 &amp; \ud83c\udfe2<\/span><\/span><span style=\"display:none;z-index:100\" id=\"su_tooltip_69fb3f0be8545\" class=\"su-tooltip\" role=\"tooltip\"><span class=\"su-tooltip-inner su-tooltip-shadow-no\" style=\"z-index:100;background:#222222;color:#FFFFFF;font-size:16px;border-radius:5px;text-align:left;max-width:300px;line-height:1.25\"><span class=\"su-tooltip-title\"><\/span><span class=\"su-tooltip-content su-u-trim\">Pentru Interior\/Exterior<\/span><\/span><span id=\"su_tooltip_69fb3f0be8545_arrow\" class=\"su-tooltip-arrow\" style=\"z-index:100;background:#222222\" data-popper-arrow><\/span><\/span><br \/>\n<span id=\"su_tooltip_69fb3f0be858e_button\" class=\"su-tooltip-button su-tooltip-button-outline-yes\" aria-describedby=\"su_tooltip_69fb3f0be858e\" data-settings='{\"position\":\"top\",\"behavior\":\"hover\",\"hideDelay\":0}' tabindex=\"0\"><span>\ud83c\udf3f<\/span><\/span><span style=\"display:none;z-index:100\" id=\"su_tooltip_69fb3f0be858e\" class=\"su-tooltip\" role=\"tooltip\"><span class=\"su-tooltip-inner su-tooltip-shadow-no\" style=\"z-index:100;background:#222222;color:#FFFFFF;font-size:16px;border-radius:5px;text-align:left;max-width:300px;line-height:1.25\"><span class=\"su-tooltip-title\"><\/span><span class=\"su-tooltip-content su-u-trim\">Material Natural<\/span><\/span><span id=\"su_tooltip_69fb3f0be858e_arrow\" class=\"su-tooltip-arrow\" style=\"z-index:100;background:#222222\" data-popper-arrow><\/span><\/span><br \/>\n<span id=\"su_tooltip_69fb3f0be85d3_button\" class=\"su-tooltip-button su-tooltip-button-outline-yes\" aria-describedby=\"su_tooltip_69fb3f0be85d3\" data-settings='{\"position\":\"top\",\"behavior\":\"hover\",\"hideDelay\":0}' tabindex=\"0\"><span>\ud83c\udfa8<\/span><\/span><span style=\"display:none;z-index:100\" id=\"su_tooltip_69fb3f0be85d3\" class=\"su-tooltip\" role=\"tooltip\"><span class=\"su-tooltip-inner su-tooltip-shadow-no\" style=\"z-index:100;background:#222222;color:#FFFFFF;font-size:16px;border-radius:5px;text-align:left;max-width:300px;line-height:1.25\"><span class=\"su-tooltip-title\"><\/span><span class=\"su-tooltip-content su-u-trim\">Vopsibil<\/span><\/span><span id=\"su_tooltip_69fb3f0be85d3_arrow\" class=\"su-tooltip-arrow\" style=\"z-index:100;background:#222222\" data-popper-arrow><\/span><\/span><br \/>\n<\/span><\/p>\n","protected":false},"featured_media":2318,"comment_status":"open","ping_status":"closed","template":"","meta":{"site-sidebar-layout":"default","site-content-layout":"","ast-site-content-layout":"default","site-content-style":"default","site-sidebar-style":"default","ast-global-header-display":"","ast-banner-title-visibility":"","ast-main-header-display":"","ast-hfb-above-header-display":"","ast-hfb-below-header-display":"","ast-hfb-mobile-header-display":"","site-post-title":"","ast-breadcrumbs-content":"","ast-featured-img":"","footer-sml-layout":"","ast-disable-related-posts":"","theme-transparent-header-meta":"","adv-header-id-meta":"","stick-header-meta":"","header-above-stick-meta":"","header-main-stick-meta":"","header-below-stick-meta":"","astra-migrate-meta-layouts":"default","ast-page-background-enabled":"default","ast-page-background-meta":{"desktop":{"background-color":"var(--ast-global-color-5)","background-image":"","background-repeat":"repeat","background-position":"center center","background-size":"auto","background-attachment":"scroll","background-type":"","background-media":"","overlay-type":"","overlay-color":"","overlay-opacity":"","overlay-gradient":""},"tablet":{"background-color":"","background-image":"","background-repeat":"repeat","background-position":"center center","background-size":"auto","background-attachment":"scroll","background-type":"","background-media":"","overlay-type":"","overlay-color":"","overlay-opacity":"","overlay-gradient":""},"mobile":{"background-color":"","background-image":"","background-repeat":"repeat","background-position":"center center","background-size":"auto","background-attachment":"scroll","background-type":"","background-media":"","overlay-type":"","overlay-color":"","overlay-opacity":"","overlay-gradient":""}},"ast-content-background-meta":{"desktop":{"background-color":"var(--ast-global-color-4)","background-image":"","background-repeat":"repeat","background-position":"center center","background-size":"auto","background-attachment":"scroll","background-type":"","background-media":"","overlay-type":"","overlay-color":"","overlay-opacity":"","overlay-gradient":""},"tablet":{"background-color":"var(--ast-global-color-4)","background-image":"","background-repeat":"repeat","background-position":"center center","background-size":"auto","background-attachment":"scroll","background-type":"","background-media":"","overlay-type":"","overlay-color":"","overlay-opacity":"","overlay-gradient":""},"mobile":{"background-color":"var(--ast-global-color-4)","background-image":"","background-repeat":"repeat","background-position":"center center","background-size":"auto","background-attachment":"scroll","background-type":"","background-media":"","overlay-type":"","overlay-color":"","overlay-opacity":"","overlay-gradient":""}},"_joinchat":[]},"product_brand":[],"product_cat":[35],"product_tag":[],"class_list":{"0":"post-2317","1":"product","2":"type-product","3":"status-publish","4":"has-post-thumbnail","6":"product_cat-pervazuri-polistiren","7":"desktop-align-left","8":"tablet-align-left","9":"mobile-align-left","11":"first","12":"instock","13":"taxable","14":"shipping-taxable","15":"purchasable","16":"product-type-simple"},"yoast_head":"<!-- This site is optimized with the Yoast SEO Premium plugin v22.9 (Yoast SEO v25.0) - https:\/\/yoast.com\/wordpress\/plugins\/seo\/ -->\n<title>Pervaz din polistiren PP110 | fabricadeprofile.com<\/title>\n<meta name=\"description\" content=\"Chiar dac\u0103\u00a0pervazele\u00a0adaug\u0103 un plus de finisaj \u0219i frumuse\u021be ferestrelor, ele au mai multe func\u021bionalit\u0103\u021bi, fie c\u0103 sunt folosite la interior sau pe partea exterioar\u0103 a casei\" \/>\n<meta name=\"robots\" content=\"index, follow, max-snippet:-1, max-image-preview:large, max-video-preview:-1\" \/>\n<link rel=\"canonical\" href=\"https:\/\/fabricadeprofile.com\/ro\/produs\/pervaz-din-spuma-r-110\/?wmc-currency=RON\" \/>\n<meta property=\"og:locale\" content=\"ro_RO\" \/>\n<meta property=\"og:type\" content=\"article\" \/>\n<meta property=\"og:title\" content=\"Pervaz din polistiren PP110\" \/>\n<meta property=\"og:description\" content=\"Chiar dac\u0103\u00a0pervazele\u00a0adaug\u0103 un plus de finisaj \u0219i frumuse\u021be ferestrelor, ele au mai multe func\u021bionalit\u0103\u021bi, fie c\u0103 sunt folosite la interior sau pe partea exterioar\u0103 a casei\" \/>\n<meta property=\"og:url\" content=\"https:\/\/fabricadeprofile.com\/ro\/produs\/pervaz-din-spuma-r-110\/?wmc-currency=RON\" \/>\n<meta property=\"og:site_name\" content=\"fabricadeprofile.com\" \/>\n<meta property=\"article:modified_time\" content=\"2024-10-31T18:03:16+00:00\" \/>\n<meta property=\"og:image\" content=\"https:\/\/fabricadeprofile.com\/wp-content\/uploads\/2024\/06\/160.jpg\" \/>\n\t<meta property=\"og:image:width\" content=\"800\" \/>\n\t<meta property=\"og:image:height\" content=\"600\" \/>\n\t<meta property=\"og:image:type\" content=\"image\/jpeg\" \/>\n<meta name=\"twitter:card\" content=\"summary_large_image\" \/>\n<meta name=\"twitter:label1\" content=\"Pre\u021b\" \/>\n\t<meta name=\"twitter:data1\" content=\"60,00&nbsp;lei\" \/>\n\t<meta name=\"twitter:label2\" content=\"Disponibilitate\" \/>\n\t<meta name=\"twitter:data2\" content=\"\u00cen stoc\" \/>\n<script type=\"application\/ld+json\" class=\"yoast-schema-graph\">{\"@context\":\"https:\/\/schema.org\",\"@graph\":[{\"@type\":\"WebPage\",\"@id\":\"https:\/\/fabricadeprofile.com\/produs\/pervaz-din-spuma-r-110\/\",\"url\":\"https:\/\/fabricadeprofile.com\/produs\/pervaz-din-spuma-r-110\/\",\"name\":\"Pervaz din polistiren PP110 | fabricadeprofile.com\",\"isPartOf\":{\"@id\":\"https:\/\/fabricadeprofile.com\/#website\"},\"primaryImageOfPage\":{\"@id\":\"https:\/\/fabricadeprofile.com\/produs\/pervaz-din-spuma-r-110\/#primaryimage\"},\"image\":{\"@id\":\"https:\/\/fabricadeprofile.com\/produs\/pervaz-din-spuma-r-110\/#primaryimage\"},\"thumbnailUrl\":\"https:\/\/fabricadeprofile.com\/wp-content\/uploads\/2024\/06\/160.jpg\",\"datePublished\":\"2024-06-16T19:22:13+00:00\",\"dateModified\":\"2024-10-31T18:03:16+00:00\",\"description\":\"Chiar dac\u0103\u00a0pervazele\u00a0adaug\u0103 un plus de finisaj \u0219i frumuse\u021be ferestrelor, ele au mai multe func\u021bionalit\u0103\u021bi, fie c\u0103 sunt folosite la interior sau pe partea exterioar\u0103 a casei\",\"breadcrumb\":{\"@id\":\"https:\/\/fabricadeprofile.com\/produs\/pervaz-din-spuma-r-110\/#breadcrumb\"},\"inLanguage\":\"ro-RO\",\"potentialAction\":[{\"@type\":\"ReadAction\",\"target\":[\"https:\/\/fabricadeprofile.com\/produs\/pervaz-din-spuma-r-110\/\"]}]},{\"@type\":\"ImageObject\",\"inLanguage\":\"ro-RO\",\"@id\":\"https:\/\/fabricadeprofile.com\/produs\/pervaz-din-spuma-r-110\/#primaryimage\",\"url\":\"https:\/\/fabricadeprofile.com\/wp-content\/uploads\/2024\/06\/160.jpg\",\"contentUrl\":\"https:\/\/fabricadeprofile.com\/wp-content\/uploads\/2024\/06\/160.jpg\",\"width\":800,\"height\":600},{\"@type\":\"BreadcrumbList\",\"@id\":\"https:\/\/fabricadeprofile.com\/produs\/pervaz-din-spuma-r-110\/#breadcrumb\",\"itemListElement\":[{\"@type\":\"ListItem\",\"position\":1,\"name\":\"Prima pagin\u0103\",\"item\":\"https:\/\/fabricadeprofile.com\/\"},{\"@type\":\"ListItem\",\"position\":2,\"name\":\"Shop\",\"item\":\"https:\/\/fabricadeprofile.com\/it\/magazin\/\"},{\"@type\":\"ListItem\",\"position\":3,\"name\":\"Pervaz din polistiren PP110\"}]},{\"@type\":\"WebSite\",\"@id\":\"https:\/\/fabricadeprofile.com\/#website\",\"url\":\"https:\/\/fabricadeprofile.com\/\",\"name\":\"fabricadeprofile.com\",\"description\":\"Fa din cas\u0103, acas\u0103\",\"publisher\":{\"@id\":\"https:\/\/fabricadeprofile.com\/#organization\"},\"alternateName\":\"Fabricadeprofile\",\"potentialAction\":[{\"@type\":\"SearchAction\",\"target\":{\"@type\":\"EntryPoint\",\"urlTemplate\":\"https:\/\/fabricadeprofile.com\/?s={search_term_string}\"},\"query-input\":{\"@type\":\"PropertyValueSpecification\",\"valueRequired\":true,\"valueName\":\"search_term_string\"}}],\"inLanguage\":\"ro-RO\"},{\"@type\":\"Organization\",\"@id\":\"https:\/\/fabricadeprofile.com\/#organization\",\"name\":\"fabricadeprofile.com\",\"url\":\"https:\/\/fabricadeprofile.com\/\",\"logo\":{\"@type\":\"ImageObject\",\"inLanguage\":\"ro-RO\",\"@id\":\"https:\/\/fabricadeprofile.com\/#\/schema\/logo\/image\/\",\"url\":\"https:\/\/fabricadeprofile.com\/wp-content\/uploads\/2023\/02\/fabricadeprofile.com_.png\",\"contentUrl\":\"https:\/\/fabricadeprofile.com\/wp-content\/uploads\/2023\/02\/fabricadeprofile.com_.png\",\"width\":500,\"height\":500,\"caption\":\"fabricadeprofile.com\"},\"image\":{\"@id\":\"https:\/\/fabricadeprofile.com\/#\/schema\/logo\/image\/\"},\"publishingPrinciples\":\"https:\/\/fabricadeprofile.com\/it\/termini-e-condizioni\/\"}]}<\/script>\n<meta property=\"product:price:amount\" content=\"60.00\" \/>\n<meta property=\"product:price:currency\" content=\"RON\" \/>\n<meta property=\"og:availability\" content=\"instock\" \/>\n<meta property=\"product:availability\" content=\"instock\" \/>\n<meta property=\"product:condition\" content=\"new\" \/>\n<!-- \/ Yoast SEO Premium plugin. -->","yoast_head_json":{"title":"Pervaz din polistiren PP110 | fabricadeprofile.com","description":"Chiar dac\u0103\u00a0pervazele\u00a0adaug\u0103 un plus de finisaj \u0219i frumuse\u021be ferestrelor, ele au mai multe func\u021bionalit\u0103\u021bi, fie c\u0103 sunt folosite la interior sau pe partea exterioar\u0103 a casei","robots":{"index":"index","follow":"follow","max-snippet":"max-snippet:-1","max-image-preview":"max-image-preview:large","max-video-preview":"max-video-preview:-1"},"canonical":"https:\/\/fabricadeprofile.com\/ro\/produs\/pervaz-din-spuma-r-110\/?wmc-currency=RON","og_locale":"ro_RO","og_type":"article","og_title":"Pervaz din polistiren PP110","og_description":"Chiar dac\u0103\u00a0pervazele\u00a0adaug\u0103 un plus de finisaj \u0219i frumuse\u021be ferestrelor, ele au mai multe func\u021bionalit\u0103\u021bi, fie c\u0103 sunt folosite la interior sau pe partea exterioar\u0103 a casei","og_url":"https:\/\/fabricadeprofile.com\/ro\/produs\/pervaz-din-spuma-r-110\/?wmc-currency=RON","og_site_name":"fabricadeprofile.com","article_modified_time":"2024-10-31T18:03:16+00:00","og_image":[{"width":800,"height":600,"url":"https:\/\/fabricadeprofile.com\/wp-content\/uploads\/2024\/06\/160.jpg","type":"image\/jpeg"}],"twitter_card":"summary_large_image","twitter_misc":{"Pre\u021b":"60,00&nbsp;lei","Disponibilitate":"\u00cen stoc"},"schema":{"@context":"https:\/\/schema.org","@graph":[{"@type":"WebPage","@id":"https:\/\/fabricadeprofile.com\/produs\/pervaz-din-spuma-r-110\/","url":"https:\/\/fabricadeprofile.com\/produs\/pervaz-din-spuma-r-110\/","name":"Pervaz din polistiren PP110 | fabricadeprofile.com","isPartOf":{"@id":"https:\/\/fabricadeprofile.com\/#website"},"primaryImageOfPage":{"@id":"https:\/\/fabricadeprofile.com\/produs\/pervaz-din-spuma-r-110\/#primaryimage"},"image":{"@id":"https:\/\/fabricadeprofile.com\/produs\/pervaz-din-spuma-r-110\/#primaryimage"},"thumbnailUrl":"https:\/\/fabricadeprofile.com\/wp-content\/uploads\/2024\/06\/160.jpg","datePublished":"2024-06-16T19:22:13+00:00","dateModified":"2024-10-31T18:03:16+00:00","description":"Chiar dac\u0103\u00a0pervazele\u00a0adaug\u0103 un plus de finisaj \u0219i frumuse\u021be ferestrelor, ele au mai multe func\u021bionalit\u0103\u021bi, fie c\u0103 sunt folosite la interior sau pe partea exterioar\u0103 a casei","breadcrumb":{"@id":"https:\/\/fabricadeprofile.com\/produs\/pervaz-din-spuma-r-110\/#breadcrumb"},"inLanguage":"ro-RO","potentialAction":[{"@type":"ReadAction","target":["https:\/\/fabricadeprofile.com\/produs\/pervaz-din-spuma-r-110\/"]}]},{"@type":"ImageObject","inLanguage":"ro-RO","@id":"https:\/\/fabricadeprofile.com\/produs\/pervaz-din-spuma-r-110\/#primaryimage","url":"https:\/\/fabricadeprofile.com\/wp-content\/uploads\/2024\/06\/160.jpg","contentUrl":"https:\/\/fabricadeprofile.com\/wp-content\/uploads\/2024\/06\/160.jpg","width":800,"height":600},{"@type":"BreadcrumbList","@id":"https:\/\/fabricadeprofile.com\/produs\/pervaz-din-spuma-r-110\/#breadcrumb","itemListElement":[{"@type":"ListItem","position":1,"name":"Prima pagin\u0103","item":"https:\/\/fabricadeprofile.com\/"},{"@type":"ListItem","position":2,"name":"Shop","item":"https:\/\/fabricadeprofile.com\/it\/magazin\/"},{"@type":"ListItem","position":3,"name":"Pervaz din polistiren PP110"}]},{"@type":"WebSite","@id":"https:\/\/fabricadeprofile.com\/#website","url":"https:\/\/fabricadeprofile.com\/","name":"fabricadeprofile.com","description":"Fa din cas\u0103, acas\u0103","publisher":{"@id":"https:\/\/fabricadeprofile.com\/#organization"},"alternateName":"Fabricadeprofile","potentialAction":[{"@type":"SearchAction","target":{"@type":"EntryPoint","urlTemplate":"https:\/\/fabricadeprofile.com\/?s={search_term_string}"},"query-input":{"@type":"PropertyValueSpecification","valueRequired":true,"valueName":"search_term_string"}}],"inLanguage":"ro-RO"},{"@type":"Organization","@id":"https:\/\/fabricadeprofile.com\/#organization","name":"fabricadeprofile.com","url":"https:\/\/fabricadeprofile.com\/","logo":{"@type":"ImageObject","inLanguage":"ro-RO","@id":"https:\/\/fabricadeprofile.com\/#\/schema\/logo\/image\/","url":"https:\/\/fabricadeprofile.com\/wp-content\/uploads\/2023\/02\/fabricadeprofile.com_.png","contentUrl":"https:\/\/fabricadeprofile.com\/wp-content\/uploads\/2023\/02\/fabricadeprofile.com_.png","width":500,"height":500,"caption":"fabricadeprofile.com"},"image":{"@id":"https:\/\/fabricadeprofile.com\/#\/schema\/logo\/image\/"},"publishingPrinciples":"https:\/\/fabricadeprofile.com\/it\/termini-e-condizioni\/"}]},"product_price_amount":"60.00","product_price_currency":"RON","og_availability":"instock","product_availability":"instock","product_condition":"new"},"_links":{"self":[{"href":"https:\/\/fabricadeprofile.com\/ro\/wp-json\/wp\/v2\/product\/2317"}],"collection":[{"href":"https:\/\/fabricadeprofile.com\/ro\/wp-json\/wp\/v2\/product"}],"about":[{"href":"https:\/\/fabricadeprofile.com\/ro\/wp-json\/wp\/v2\/types\/product"}],"replies":[{"embeddable":true,"href":"https:\/\/fabricadeprofile.com\/ro\/wp-json\/wp\/v2\/comments?post=2317"}],"wp:featuredmedia":[{"embeddable":true,"href":"https:\/\/fabricadeprofile.com\/ro\/wp-json\/wp\/v2\/media\/2318"}],"wp:attachment":[{"href":"https:\/\/fabricadeprofile.com\/ro\/wp-json\/wp\/v2\/media?parent=2317"}],"wp:term":[{"taxonomy":"product_brand","embeddable":true,"href":"https:\/\/fabricadeprofile.com\/ro\/wp-json\/wp\/v2\/product_brand?post=2317"},{"taxonomy":"product_cat","embeddable":true,"href":"https:\/\/fabricadeprofile.com\/ro\/wp-json\/wp\/v2\/product_cat?post=2317"},{"taxonomy":"product_tag","embeddable":true,"href":"https:\/\/fabricadeprofile.com\/ro\/wp-json\/wp\/v2\/product_tag?post=2317"}],"curies":[{"name":"wp","href":"https:\/\/api.w.org\/{rel}","templated":true}]}}